{"id":1251,"date":"2020-05-08T17:09:12","date_gmt":"2020-05-08T15:09:12","guid":{"rendered":"http:\/\/www.mobileakkupower.de\/shop\/?page_id=1251"},"modified":"2022-02-22T14:02:42","modified_gmt":"2022-02-22T13:02:42","slug":"shop-derroboterladen","status":"publish","type":"page","link":"https:\/\/www.mobileakkupower.de\/shop\/shop-derroboterladen\/","title":{"rendered":"Shop Gartenger\u00e4te und Zubeh\u00f6r"},"content":{"rendered":"<h3 style=\"text-align: center;\"><a href=\"http:\/\/www.mobileakkupower.de\/shop\/produkt-kategorie\/angebote\/\"><img loading=\"lazy\" decoding=\"async\" class=\"aligncenter wp-image-553 size-full\" src=\"http:\/\/www.mobileakkupower.de\/shop\/wp-content\/uploads\/2019\/01\/angebote-1.jpg\" alt=\"\" width=\"1000\" height=\"200\" srcset=\"https:\/\/www.mobileakkupower.de\/shop\/wp-content\/uploads\/2019\/01\/angebote-1.jpg 1000w, https:\/\/www.mobileakkupower.de\/shop\/wp-content\/uploads\/2019\/01\/angebote-1-300x60.jpg 300w, https:\/\/www.mobileakkupower.de\/shop\/wp-content\/uploads\/2019\/01\/angebote-1-768x154.jpg 768w, https:\/\/www.mobileakkupower.de\/shop\/wp-content\/uploads\/2019\/01\/angebote-1-416x83.jpg 416w\" sizes=\"auto, (max-width: 1000px) 100vw, 1000px\" \/><\/a><\/h3>\n<h3 style=\"text-align: center;\"><span style=\"color: #ff0000;\"><a style=\"color: #ff0000;\" href=\"http:\/\/www.mobileakkupower.de\/shop\/produkt-kategorie\/gebrauchtgeraete\/\"><strong>Angebote Gebrauchtger\u00e4te<\/strong><\/a><\/span><\/h3>\n<table><colgroup> <col width=\"25%\" \/> <col width=\"25%\" \/> <\/colgroup> <colgroup> <col width=\"25%\" \/> <\/colgroup>\n<tbody>\n<tr>\n<td><a href=\"http:\/\/www.mobileakkupower.de\/shop\/produkt-kategorie\/husqvarna-automower\/\"><img loading=\"lazy\" decoding=\"async\" class=\"alignnone size-medium wp-image-400\" src=\"http:\/\/www.mobileakkupower.de\/shop\/wp-content\/uploads\/2019\/01\/automower-2-200x300.jpg\" alt=\"\" width=\"200\" height=\"300\" \/><\/a><\/td>\n<td><a href=\"http:\/\/www.mobileakkupower.de\/shop\/produkt-kategorie\/husqvarna-automower-zubehoer\/\"><img loading=\"lazy\" decoding=\"async\" class=\"alignnone wp-image-423 size-medium\" src=\"http:\/\/www.mobileakkupower.de\/shop\/wp-content\/uploads\/2019\/01\/automower_zubehoer2-200x300.jpg\" alt=\"\" width=\"200\" height=\"300\" \/><\/a><\/td>\n<td><a href=\"http:\/\/www.mobileakkupower.de\/shop\/produkt-kategorie\/husqvarna-automower-installationszubehoer\/\"><img loading=\"lazy\" decoding=\"async\" class=\"alignnone wp-image-405 size-medium\" src=\"http:\/\/www.mobileakkupower.de\/shop\/wp-content\/uploads\/2019\/01\/automower_installationsmaterial-200x300.jpg\" alt=\"\" width=\"200\" height=\"300\" \/><\/a><\/td>\n<td style=\"text-align: center;\"><a href=\"http:\/\/www.mobileakkupower.de\/shop\/automower-ersatzteile\/\"><img loading=\"lazy\" decoding=\"async\" class=\"alignnone wp-image-408 size-medium\" src=\"http:\/\/www.mobileakkupower.de\/shop\/wp-content\/uploads\/2019\/01\/automower_ersatzteile-200x300.jpg\" alt=\"\" width=\"200\" height=\"300\" \/><\/a><\/td>\n<\/tr>\n<tr>\n<td style=\"text-align: center;\"><a href=\"http:\/\/www.mobileakkupower.de\/shop\/produkt-kategorie\/husqvarna-akku-gartengeraete\/\"><img loading=\"lazy\" decoding=\"async\" class=\"alignnone wp-image-413 size-medium\" src=\"http:\/\/www.mobileakkupower.de\/shop\/wp-content\/uploads\/2019\/01\/akkugartengeraete-200x300.jpg\" alt=\"\" width=\"200\" height=\"300\" \/><\/a><\/td>\n<td style=\"text-align: center;\"><a href=\"http:\/\/www.mobileakkupower.de\/shop\/produkt-kategorie\/zubehoer-akkugartengeraete\/\"><img loading=\"lazy\" decoding=\"async\" class=\"alignnone wp-image-415 size-medium\" src=\"http:\/\/www.mobileakkupower.de\/shop\/wp-content\/uploads\/2019\/01\/zubehoerakkugartengeraete-200x300.jpg\" alt=\"\" width=\"200\" height=\"300\" \/><\/a><\/td>\n<td style=\"text-align: center;\"><a href=\"http:\/\/www.mobileakkupower.de\/shop\/produkt-kategorie\/zubehoer-akkugartengeraete\/verschleissteile-gartengeraete\/\"><img loading=\"lazy\" decoding=\"async\" class=\"alignnone wp-image-416 size-medium\" src=\"http:\/\/www.mobileakkupower.de\/shop\/wp-content\/uploads\/2019\/01\/verschleissteile-200x300.jpg\" alt=\"\" width=\"200\" height=\"300\" \/><\/a><\/td>\n<td style=\"text-align: center;\"><a href=\"http:\/\/www.mobileakkupower.de\/shop\/produkt-kategorie\/husqvarna-automower-verschleissteile\/\"><img loading=\"lazy\" decoding=\"async\" class=\"alignnone wp-image-417 size-medium\" src=\"http:\/\/www.mobileakkupower.de\/shop\/wp-content\/uploads\/2019\/01\/amverschleissteile-200x300.jpg\" alt=\"\" width=\"200\" height=\"300\" \/><\/a><\/td>\n<\/tr>\n<tr>\n<td style=\"text-align: center;\"><a href=\"https:\/\/www.mobileakkupower.de\/shop\/produkt-kategorie\/gartengeraete-und-zubehoer\/husqvarna-motor-gartengeraete\/\"><img loading=\"lazy\" decoding=\"async\" class=\"alignnone wp-image-1741 size-full\" src=\"http:\/\/www.mobileakkupower.de\/shop\/wp-content\/uploads\/2022\/01\/Motorgartengeraete.png\" alt=\"\" width=\"200\" height=\"300\" srcset=\"https:\/\/www.mobileakkupower.de\/shop\/wp-content\/uploads\/2022\/01\/Motorgartengeraete.png 200w, https:\/\/www.mobileakkupower.de\/shop\/wp-content\/uploads\/2022\/01\/Motorgartengeraete-64x96.png 64w\" sizes=\"auto, (max-width: 200px) 100vw, 200px\" \/><\/a><\/td>\n<td style=\"text-align: center;\"><a href=\"https:\/\/www.mobileakkupower.de\/shop\/produkt-kategorie\/gartengeraete-und-zubehoer\/bekleidung-und-arbeitsschutz\/\"><img loading=\"lazy\" decoding=\"async\" class=\"alignnone wp-image-1742 size-full\" src=\"http:\/\/www.mobileakkupower.de\/shop\/wp-content\/uploads\/2022\/01\/zubgartengeraete.png\" alt=\"\" width=\"200\" height=\"300\" srcset=\"https:\/\/www.mobileakkupower.de\/shop\/wp-content\/uploads\/2022\/01\/zubgartengeraete.png 200w, https:\/\/www.mobileakkupower.de\/shop\/wp-content\/uploads\/2022\/01\/zubgartengeraete-64x96.png 64w\" sizes=\"auto, (max-width: 200px) 100vw, 200px\" \/><\/a><\/td>\n<td style=\"text-align: center;\"><a href=\"https:\/\/www.mobileakkupower.de\/shop\/produkt-kategorie\/gartengeraete-und-zubehoer\/kraftstoffe-und-oele\/\"><img loading=\"lazy\" decoding=\"async\" class=\"alignnone wp-image-1743 size-full\" src=\"http:\/\/www.mobileakkupower.de\/shop\/wp-content\/uploads\/2022\/01\/treibstoffe.png\" alt=\"\" width=\"200\" height=\"300\" srcset=\"https:\/\/www.mobileakkupower.de\/shop\/wp-content\/uploads\/2022\/01\/treibstoffe.png 200w, https:\/\/www.mobileakkupower.de\/shop\/wp-content\/uploads\/2022\/01\/treibstoffe-64x96.png 64w\" sizes=\"auto, (max-width: 200px) 100vw, 200px\" \/><\/a><\/td>\n<td style=\"text-align: center;\"><a href=\"https:\/\/www.mobileakkupower.de\/shop\/produkt-kategorie\/gartengeraete-und-zubehoer\/husqvarna-motor-gartengeraete\/\"><img loading=\"lazy\" decoding=\"async\" class=\"alignnone wp-image-1744 size-full\" src=\"http:\/\/www.mobileakkupower.de\/shop\/wp-content\/uploads\/2022\/01\/rider.png\" alt=\"\" width=\"200\" height=\"300\" srcset=\"https:\/\/www.mobileakkupower.de\/shop\/wp-content\/uploads\/2022\/01\/rider.png 200w, https:\/\/www.mobileakkupower.de\/shop\/wp-content\/uploads\/2022\/01\/rider-64x96.png 64w\" sizes=\"auto, (max-width: 200px) 100vw, 200px\" \/><\/a><\/td>\n<\/tr>\n<tr>\n<td style=\"text-align: center;\"><a href=\"http:\/\/www.mobileakkupower.de\/shop\/produkt-kategorie\/staubsaugerroboter\/\"><img loading=\"lazy\" decoding=\"async\" class=\"alignnone wp-image-504 size-full\" src=\"http:\/\/www.mobileakkupower.de\/shop\/wp-content\/uploads\/2019\/01\/staubsaugerroboter.jpg\" alt=\"\" width=\"200\" height=\"300\" \/><\/a><\/td>\n<td style=\"text-align: center;\"><a href=\"http:\/\/www.mobileakkupower.de\/shop\/produkt-kategorie\/zubehoer-staubsauerroboter\/\"><img loading=\"lazy\" decoding=\"async\" class=\"alignnone wp-image-505 size-medium\" src=\"http:\/\/www.mobileakkupower.de\/shop\/wp-content\/uploads\/2019\/01\/zubehoerstaubsauger-200x300.jpg\" alt=\"\" width=\"200\" height=\"300\" \/><\/a><\/td>\n<td style=\"text-align: center;\"><a href=\"http:\/\/www.mobileakkupower.de\/shop\/produkt-kategorie\/wischroboter\/\"><img loading=\"lazy\" decoding=\"async\" class=\"alignnone wp-image-506 size-medium\" src=\"http:\/\/www.mobileakkupower.de\/shop\/wp-content\/uploads\/2019\/01\/wischroboter-200x300.jpg\" alt=\"\" width=\"200\" height=\"300\" \/><\/a><\/td>\n<td style=\"text-align: center;\"><a href=\"http:\/\/www.mobileakkupower.de\/shop\/produkt-kategorie\/zubehoer-wischroboter\/\"><img loading=\"lazy\" decoding=\"async\" class=\"alignnone size-medium wp-image-654\" src=\"http:\/\/www.mobileakkupower.de\/shop\/wp-content\/uploads\/2019\/01\/zuebhoer_wischroboter-200x300.jpg\" alt=\"\" width=\"200\" height=\"300\" \/><\/a><\/td>\n<\/tr>\n<tr>\n<td style=\"text-align: center;\"><a href=\"http:\/\/www.mobileakkupower.de\/shop\/produkt-kategorie\/poolsaugroboter\/\"><img loading=\"lazy\" decoding=\"async\" class=\"alignnone wp-image-507 size-medium\" src=\"http:\/\/www.mobileakkupower.de\/shop\/wp-content\/uploads\/2019\/01\/poolroboter-200x300.jpg\" alt=\"\" width=\"200\" height=\"300\" \/><\/a><\/td>\n<td style=\"text-align: center;\">\u00a0<\/td>\n<td style=\"text-align: center;\"><a href=\"http:\/\/www.mobileakkupower.de\/shop\/produkt-kategorie\/dachrinnenroboter\/\"><img loading=\"lazy\" decoding=\"async\" class=\"alignnone wp-image-508 size-medium\" src=\"http:\/\/www.mobileakkupower.de\/shop\/wp-content\/uploads\/2019\/01\/dachrinnenroboter-200x300.jpg\" alt=\"\" width=\"200\" height=\"300\" \/><\/a><\/td>\n<td style=\"text-align: center;\">\u00a0<\/td>\n<\/tr>\n<tr>\n<td>\u00a0<\/td>\n<td>\u00a0<\/td>\n<td>\u00a0<\/td>\n<td>\u00a0<\/td>\n<\/tr>\n<tr>\n<td style=\"text-align: center;\">\u00a0<\/td>\n<td style=\"text-align: center;\">\u00a0<\/td>\n<td style=\"text-align: center;\">\u00a0<\/td>\n<td style=\"text-align: center;\">\u00a0<\/td>\n<\/tr>\n<\/tbody>\n<\/table>\n\n\n<p><\/p>\n","protected":false},"excerpt":{"rendered":"<p>Angebote Gebrauchtger\u00e4te \u00a0 \u00a0 \u00a0 \u00a0 \u00a0 \u00a0 \u00a0 \u00a0 \u00a0 \u00a0<\/p>\n","protected":false},"author":1,"featured_media":0,"parent":0,"menu_order":0,"comment_status":"closed","ping_status":"closed","template":"","meta":{"footnotes":""},"class_list":["post-1251","page","type-page","status-publish","hentry"],"yoast_head":"<!-- This site is optimized with the Yoast SEO plugin v27.4 - https:\/\/yoast.com\/product\/yoast-seo-wordpress\/ -->\n<title>Shop Gartenger\u00e4te und Zubeh\u00f6r - Shop MobileAkkuPower<\/title>\n<meta name=\"robots\" content=\"index, follow, max-snippet:-1, max-image-preview:large, max-video-preview:-1\" \/>\n<link rel=\"canonical\" href=\"https:\/\/www.mobileakkupower.de\/shop\/shop-derroboterladen\/\" \/>\n<meta property=\"og:locale\" content=\"de_DE\" \/>\n<meta property=\"og:type\" content=\"article\" \/>\n<meta property=\"og:title\" content=\"Shop Gartenger\u00e4te und Zubeh\u00f6r - Shop MobileAkkuPower\" \/>\n<meta property=\"og:description\" content=\"Angebote Gebrauchtger\u00e4te \u00a0 \u00a0 \u00a0 \u00a0 \u00a0 \u00a0 \u00a0 \u00a0 \u00a0 \u00a0\" \/>\n<meta property=\"og:url\" content=\"https:\/\/www.mobileakkupower.de\/shop\/shop-derroboterladen\/\" \/>\n<meta property=\"og:site_name\" content=\"Shop MobileAkkuPower\" \/>\n<meta property=\"article:publisher\" content=\"https:\/\/facebook.com\/derroboterladen\" \/>\n<meta property=\"article:modified_time\" content=\"2022-02-22T13:02:42+00:00\" \/>\n<meta property=\"og:image\" content=\"http:\/\/www.mobileakkupower.de\/shop\/wp-content\/uploads\/2019\/01\/angebote-1.jpg\" \/>\n<meta name=\"twitter:card\" content=\"summary_large_image\" \/>\n<meta name=\"twitter:label1\" content=\"Gesch\u00e4tzte Lesezeit\" \/>\n\t<meta name=\"twitter:data1\" content=\"4\u00a0Minuten\" \/>\n<script type=\"application\/ld+json\" class=\"yoast-schema-graph\">{\"@context\":\"https:\\\/\\\/schema.org\",\"@graph\":[{\"@type\":\"WebPage\",\"@id\":\"https:\\\/\\\/www.mobileakkupower.de\\\/shop\\\/shop-derroboterladen\\\/\",\"url\":\"https:\\\/\\\/www.mobileakkupower.de\\\/shop\\\/shop-derroboterladen\\\/\",\"name\":\"Shop Gartenger\u00e4te und Zubeh\u00f6r - Shop MobileAkkuPower\",\"isPartOf\":{\"@id\":\"https:\\\/\\\/www.mobileakkupower.de\\\/shop\\\/#website\"},\"primaryImageOfPage\":{\"@id\":\"https:\\\/\\\/www.mobileakkupower.de\\\/shop\\\/shop-derroboterladen\\\/#primaryimage\"},\"image\":{\"@id\":\"https:\\\/\\\/www.mobileakkupower.de\\\/shop\\\/shop-derroboterladen\\\/#primaryimage\"},\"thumbnailUrl\":\"http:\\\/\\\/www.mobileakkupower.de\\\/shop\\\/wp-content\\\/uploads\\\/2019\\\/01\\\/angebote-1.jpg\",\"datePublished\":\"2020-05-08T15:09:12+00:00\",\"dateModified\":\"2022-02-22T13:02:42+00:00\",\"breadcrumb\":{\"@id\":\"https:\\\/\\\/www.mobileakkupower.de\\\/shop\\\/shop-derroboterladen\\\/#breadcrumb\"},\"inLanguage\":\"de\",\"potentialAction\":[{\"@type\":\"ReadAction\",\"target\":[\"https:\\\/\\\/www.mobileakkupower.de\\\/shop\\\/shop-derroboterladen\\\/\"]}]},{\"@type\":\"ImageObject\",\"inLanguage\":\"de\",\"@id\":\"https:\\\/\\\/www.mobileakkupower.de\\\/shop\\\/shop-derroboterladen\\\/#primaryimage\",\"url\":\"https:\\\/\\\/www.mobileakkupower.de\\\/shop\\\/wp-content\\\/uploads\\\/2019\\\/01\\\/angebote-1.jpg\",\"contentUrl\":\"https:\\\/\\\/www.mobileakkupower.de\\\/shop\\\/wp-content\\\/uploads\\\/2019\\\/01\\\/angebote-1.jpg\",\"width\":1000,\"height\":200},{\"@type\":\"BreadcrumbList\",\"@id\":\"https:\\\/\\\/www.mobileakkupower.de\\\/shop\\\/shop-derroboterladen\\\/#breadcrumb\",\"itemListElement\":[{\"@type\":\"ListItem\",\"position\":1,\"name\":\"Startseite\",\"item\":\"https:\\\/\\\/www.mobileakkupower.de\\\/shop\\\/\"},{\"@type\":\"ListItem\",\"position\":2,\"name\":\"Shop Gartenger\u00e4te und Zubeh\u00f6r\"}]},{\"@type\":\"WebSite\",\"@id\":\"https:\\\/\\\/www.mobileakkupower.de\\\/shop\\\/#website\",\"url\":\"https:\\\/\\\/www.mobileakkupower.de\\\/shop\\\/\",\"name\":\"Shop MobileAkkuPower\",\"description\":\"\",\"publisher\":{\"@id\":\"https:\\\/\\\/www.mobileakkupower.de\\\/shop\\\/#organization\"},\"potentialAction\":[{\"@type\":\"SearchAction\",\"target\":{\"@type\":\"EntryPoint\",\"urlTemplate\":\"https:\\\/\\\/www.mobileakkupower.de\\\/shop\\\/?s={search_term_string}\"},\"query-input\":{\"@type\":\"PropertyValueSpecification\",\"valueRequired\":true,\"valueName\":\"search_term_string\"}}],\"inLanguage\":\"de\"},{\"@type\":\"Organization\",\"@id\":\"https:\\\/\\\/www.mobileakkupower.de\\\/shop\\\/#organization\",\"name\":\"Shop MobileAkkuPower\",\"url\":\"https:\\\/\\\/www.mobileakkupower.de\\\/shop\\\/\",\"logo\":{\"@type\":\"ImageObject\",\"inLanguage\":\"de\",\"@id\":\"https:\\\/\\\/www.mobileakkupower.de\\\/shop\\\/#\\\/schema\\\/logo\\\/image\\\/\",\"url\":\"https:\\\/\\\/www.mobileakkupower.de\\\/shop\\\/wp-content\\\/uploads\\\/2019\\\/01\\\/cropped-logo-map.png\",\"contentUrl\":\"https:\\\/\\\/www.mobileakkupower.de\\\/shop\\\/wp-content\\\/uploads\\\/2019\\\/01\\\/cropped-logo-map.png\",\"width\":646,\"height\":114,\"caption\":\"Shop MobileAkkuPower\"},\"image\":{\"@id\":\"https:\\\/\\\/www.mobileakkupower.de\\\/shop\\\/#\\\/schema\\\/logo\\\/image\\\/\"},\"sameAs\":[\"https:\\\/\\\/facebook.com\\\/derroboterladen\"]}]}<\/script>\n<!-- \/ Yoast SEO plugin. -->","yoast_head_json":{"title":"Shop Gartenger\u00e4te und Zubeh\u00f6r - Shop MobileAkkuPower","robots":{"index":"index","follow":"follow","max-snippet":"max-snippet:-1","max-image-preview":"max-image-preview:large","max-video-preview":"max-video-preview:-1"},"canonical":"https:\/\/www.mobileakkupower.de\/shop\/shop-derroboterladen\/","og_locale":"de_DE","og_type":"article","og_title":"Shop Gartenger\u00e4te und Zubeh\u00f6r - Shop MobileAkkuPower","og_description":"Angebote Gebrauchtger\u00e4te \u00a0 \u00a0 \u00a0 \u00a0 \u00a0 \u00a0 \u00a0 \u00a0 \u00a0 \u00a0","og_url":"https:\/\/www.mobileakkupower.de\/shop\/shop-derroboterladen\/","og_site_name":"Shop MobileAkkuPower","article_publisher":"https:\/\/facebook.com\/derroboterladen","article_modified_time":"2022-02-22T13:02:42+00:00","og_image":[{"url":"http:\/\/www.mobileakkupower.de\/shop\/wp-content\/uploads\/2019\/01\/angebote-1.jpg","type":"","width":"","height":""}],"twitter_card":"summary_large_image","twitter_misc":{"Gesch\u00e4tzte Lesezeit":"4\u00a0Minuten"},"schema":{"@context":"https:\/\/schema.org","@graph":[{"@type":"WebPage","@id":"https:\/\/www.mobileakkupower.de\/shop\/shop-derroboterladen\/","url":"https:\/\/www.mobileakkupower.de\/shop\/shop-derroboterladen\/","name":"Shop Gartenger\u00e4te und Zubeh\u00f6r - Shop MobileAkkuPower","isPartOf":{"@id":"https:\/\/www.mobileakkupower.de\/shop\/#website"},"primaryImageOfPage":{"@id":"https:\/\/www.mobileakkupower.de\/shop\/shop-derroboterladen\/#primaryimage"},"image":{"@id":"https:\/\/www.mobileakkupower.de\/shop\/shop-derroboterladen\/#primaryimage"},"thumbnailUrl":"http:\/\/www.mobileakkupower.de\/shop\/wp-content\/uploads\/2019\/01\/angebote-1.jpg","datePublished":"2020-05-08T15:09:12+00:00","dateModified":"2022-02-22T13:02:42+00:00","breadcrumb":{"@id":"https:\/\/www.mobileakkupower.de\/shop\/shop-derroboterladen\/#breadcrumb"},"inLanguage":"de","potentialAction":[{"@type":"ReadAction","target":["https:\/\/www.mobileakkupower.de\/shop\/shop-derroboterladen\/"]}]},{"@type":"ImageObject","inLanguage":"de","@id":"https:\/\/www.mobileakkupower.de\/shop\/shop-derroboterladen\/#primaryimage","url":"https:\/\/www.mobileakkupower.de\/shop\/wp-content\/uploads\/2019\/01\/angebote-1.jpg","contentUrl":"https:\/\/www.mobileakkupower.de\/shop\/wp-content\/uploads\/2019\/01\/angebote-1.jpg","width":1000,"height":200},{"@type":"BreadcrumbList","@id":"https:\/\/www.mobileakkupower.de\/shop\/shop-derroboterladen\/#breadcrumb","itemListElement":[{"@type":"ListItem","position":1,"name":"Startseite","item":"https:\/\/www.mobileakkupower.de\/shop\/"},{"@type":"ListItem","position":2,"name":"Shop Gartenger\u00e4te und Zubeh\u00f6r"}]},{"@type":"WebSite","@id":"https:\/\/www.mobileakkupower.de\/shop\/#website","url":"https:\/\/www.mobileakkupower.de\/shop\/","name":"Shop MobileAkkuPower","description":"","publisher":{"@id":"https:\/\/www.mobileakkupower.de\/shop\/#organization"},"potentialAction":[{"@type":"SearchAction","target":{"@type":"EntryPoint","urlTemplate":"https:\/\/www.mobileakkupower.de\/shop\/?s={search_term_string}"},"query-input":{"@type":"PropertyValueSpecification","valueRequired":true,"valueName":"search_term_string"}}],"inLanguage":"de"},{"@type":"Organization","@id":"https:\/\/www.mobileakkupower.de\/shop\/#organization","name":"Shop MobileAkkuPower","url":"https:\/\/www.mobileakkupower.de\/shop\/","logo":{"@type":"ImageObject","inLanguage":"de","@id":"https:\/\/www.mobileakkupower.de\/shop\/#\/schema\/logo\/image\/","url":"https:\/\/www.mobileakkupower.de\/shop\/wp-content\/uploads\/2019\/01\/cropped-logo-map.png","contentUrl":"https:\/\/www.mobileakkupower.de\/shop\/wp-content\/uploads\/2019\/01\/cropped-logo-map.png","width":646,"height":114,"caption":"Shop MobileAkkuPower"},"image":{"@id":"https:\/\/www.mobileakkupower.de\/shop\/#\/schema\/logo\/image\/"},"sameAs":["https:\/\/facebook.com\/derroboterladen"]}]}},"_links":{"self":[{"href":"https:\/\/www.mobileakkupower.de\/shop\/wp-json\/wp\/v2\/pages\/1251","targetHints":{"allow":["GET"]}}],"collection":[{"href":"https:\/\/www.mobileakkupower.de\/shop\/wp-json\/wp\/v2\/pages"}],"about":[{"href":"https:\/\/www.mobileakkupower.de\/shop\/wp-json\/wp\/v2\/types\/page"}],"author":[{"embeddable":true,"href":"https:\/\/www.mobileakkupower.de\/shop\/wp-json\/wp\/v2\/users\/1"}],"replies":[{"embeddable":true,"href":"https:\/\/www.mobileakkupower.de\/shop\/wp-json\/wp\/v2\/comments?post=1251"}],"version-history":[{"count":7,"href":"https:\/\/www.mobileakkupower.de\/shop\/wp-json\/wp\/v2\/pages\/1251\/revisions"}],"predecessor-version":[{"id":1826,"href":"https:\/\/www.mobileakkupower.de\/shop\/wp-json\/wp\/v2\/pages\/1251\/revisions\/1826"}],"wp:attachment":[{"href":"https:\/\/www.mobileakkupower.de\/shop\/wp-json\/wp\/v2\/media?parent=1251"}],"curies":[{"name":"wp","href":"https:\/\/api.w.org\/{rel}","templated":true}]}}