{"id":1034,"date":"2020-02-07T13:18:47","date_gmt":"2020-02-07T12:18:47","guid":{"rendered":"http:\/\/www.mobileakkupower.de\/shop\/?post_type=product&#038;p=1034"},"modified":"2020-02-07T13:19:44","modified_gmt":"2020-02-07T12:19:44","slug":"automower-pv-system-large","status":"publish","type":"product","link":"https:\/\/www.mobileakkupower.de\/shop\/produkt\/automower-pv-system-large\/","title":{"rendered":"Automower PV-System Large"},"content":{"rendered":"<p>Die einzelne Komponente sind Stand der Technik und von h\u00f6chster Qualit\u00e4t.<br \/>\n5 Jahre Leistungsgarantie.<br \/>\nBestehend aus Hochleistungs- Solarmodulen. ( monokristallin, 2, 3 oder 4 Module je nach Bedarf erweiterbar, stufenlos drehbar)<br \/>\nSpezial AMG Solar-Gel-Akku mit 150 AH Akku und 3 x 100 Watt Solarmodulen<br \/>\n(Ausgelegt auf ca. 8-10 Jahre Lebensdauer.)<br \/>\nSolarregler, Batteriew\u00e4chter, Zeitschaltuhr welche die Verbraucher bei nichtgebrauch abstellt. ( Z.B. nachts oder m\u00e4hfreie Tage)<br \/>\nAu\u00dfenanzeige der Batteriespannung und des aktuellen Verbrauchs.<br \/>\nHochleistungsinverter mit stabilem Sinus 1000Watt. Auch f\u00fcr viele andere Verbraucher geeignet.<br \/>\nMowergarage aus Aluminium zum sicheren Schutz des M\u00e4hers und der Solarstation, im Boden verankert.<br \/>\n( Ausreichend f\u00fcr z. B. Husqvarna Automower 440, 450X, 520, 550 mit bis zu 12 Stunden M\u00e4hzeiten inkl. Ladezeit bei 4\/8 bedecktem Himmel. Gr\u00f6\u00dfere M\u00e4her m\u00fcssen mit einem oder zwei zus\u00e4tzlichen Solarmodul ausgestattet werden. Nat\u00fcrliche Grenzen der Anlage werden durch die Sonneneinstrahlung gesetzt, so kann es vorkommen dass bei v\u00f6llig bedecktem Himmel \u00fcber einen l\u00e4ngeren Zeitraum die Batteriespannung unter 10,5 Volt sinkt. In diesem Fall schaltet der Batteriew\u00e4chter die Verbraucher ab um den Akku vor sch\u00e4dlicher Tiefentladung zu sch\u00fctzen und bei gen\u00fcgender Sonneneinstrahlung automatisch wieder an. Es hat sich gezeigt dass die M\u00e4her hierbei in der Station bleiben und die Ladung automatisch fortsetzen sobald die Anlage wieder l\u00e4uft.)<\/p>\n","protected":false},"excerpt":{"rendered":"<p>Die einzelne Komponente sind Stand der Technik und von h\u00f6chster Qualit\u00e4t. 5 Jahre Leistungsgarantie. Bestehend aus Hochleistungs- Solarmodulen. ( monokristallin, 2, 3 oder 4 Module je nach Bedarf erweiterbar, stufenlos drehbar) Spezial AMG Solar-Gel-Akku mit 150 AH Akku und 3 x 100 Watt Solarmodulen (Ausgelegt auf ca. 8-10 Jahre Lebensdauer.) Solarregler, Batteriew\u00e4chter, Zeitschaltuhr welche die [&hellip;]<\/p>\n","protected":false},"featured_media":1033,"comment_status":"open","ping_status":"closed","template":"","meta":[],"product_brand":[],"product_cat":[37],"product_tag":[],"class_list":{"0":"post-1034","1":"product","2":"type-product","3":"status-publish","4":"has-post-thumbnail","6":"product_cat-husqvarna-automower-installationszubehoer","8":"first","9":"outofstock","10":"taxable","11":"shipping-taxable","12":"purchasable","13":"product-type-simple"},"yoast_head":"<!-- This site is optimized with the Yoast SEO plugin v27.5 - https:\/\/yoast.com\/product\/yoast-seo-wordpress\/ -->\n<title>Automower PV-System Large - Shop MobileAkkuPower<\/title>\n<meta name=\"robots\" content=\"index, follow, max-snippet:-1, max-image-preview:large, max-video-preview:-1\" \/>\n<link rel=\"canonical\" href=\"https:\/\/www.mobileakkupower.de\/shop\/produkt\/automower-pv-system-large\/\" \/>\n<meta property=\"og:locale\" content=\"de_DE\" \/>\n<meta property=\"og:type\" content=\"article\" \/>\n<meta property=\"og:title\" content=\"Automower PV-System Large - Shop MobileAkkuPower\" \/>\n<meta property=\"og:description\" content=\"Die einzelne Komponente sind Stand der Technik und von h\u00f6chster Qualit\u00e4t. 5 Jahre Leistungsgarantie. Bestehend aus Hochleistungs- Solarmodulen. ( monokristallin, 2, 3 oder 4 Module je nach Bedarf erweiterbar, stufenlos drehbar) Spezial AMG Solar-Gel-Akku mit 150 AH Akku und 3 x 100 Watt Solarmodulen (Ausgelegt auf ca. 8-10 Jahre Lebensdauer.) Solarregler, Batteriew\u00e4chter, Zeitschaltuhr welche die [&hellip;]\" \/>\n<meta property=\"og:url\" content=\"https:\/\/www.mobileakkupower.de\/shop\/produkt\/automower-pv-system-large\/\" \/>\n<meta property=\"og:site_name\" content=\"Shop MobileAkkuPower\" \/>\n<meta property=\"article:publisher\" content=\"https:\/\/facebook.com\/derroboterladen\" \/>\n<meta property=\"article:modified_time\" content=\"2020-02-07T12:19:44+00:00\" \/>\n<meta property=\"og:image\" content=\"https:\/\/www.mobileakkupower.de\/shop\/wp-content\/uploads\/2020\/02\/Mower_PV_Inselloesung_2.jpg\" \/>\n\t<meta property=\"og:image:width\" content=\"1044\" \/>\n\t<meta property=\"og:image:height\" content=\"1200\" \/>\n\t<meta property=\"og:image:type\" content=\"image\/jpeg\" \/>\n<meta name=\"twitter:card\" content=\"summary_large_image\" \/>\n<meta name=\"twitter:label1\" content=\"Gesch\u00e4tzte Lesezeit\" \/>\n\t<meta name=\"twitter:data1\" content=\"1\u00a0Minute\" \/>\n<script type=\"application\/ld+json\" class=\"yoast-schema-graph\">{\"@context\":\"https:\\\/\\\/schema.org\",\"@graph\":[{\"@type\":\"WebPage\",\"@id\":\"https:\\\/\\\/www.mobileakkupower.de\\\/shop\\\/produkt\\\/automower-pv-system-large\\\/\",\"url\":\"https:\\\/\\\/www.mobileakkupower.de\\\/shop\\\/produkt\\\/automower-pv-system-large\\\/\",\"name\":\"Automower PV-System Large - Shop MobileAkkuPower\",\"isPartOf\":{\"@id\":\"https:\\\/\\\/www.mobileakkupower.de\\\/shop\\\/#website\"},\"primaryImageOfPage\":{\"@id\":\"https:\\\/\\\/www.mobileakkupower.de\\\/shop\\\/produkt\\\/automower-pv-system-large\\\/#primaryimage\"},\"image\":{\"@id\":\"https:\\\/\\\/www.mobileakkupower.de\\\/shop\\\/produkt\\\/automower-pv-system-large\\\/#primaryimage\"},\"thumbnailUrl\":\"https:\\\/\\\/www.mobileakkupower.de\\\/shop\\\/wp-content\\\/uploads\\\/2020\\\/02\\\/Mower_PV_Inselloesung_2.jpg\",\"datePublished\":\"2020-02-07T12:18:47+00:00\",\"dateModified\":\"2020-02-07T12:19:44+00:00\",\"breadcrumb\":{\"@id\":\"https:\\\/\\\/www.mobileakkupower.de\\\/shop\\\/produkt\\\/automower-pv-system-large\\\/#breadcrumb\"},\"inLanguage\":\"de\",\"potentialAction\":[{\"@type\":\"ReadAction\",\"target\":[\"https:\\\/\\\/www.mobileakkupower.de\\\/shop\\\/produkt\\\/automower-pv-system-large\\\/\"]}]},{\"@type\":\"ImageObject\",\"inLanguage\":\"de\",\"@id\":\"https:\\\/\\\/www.mobileakkupower.de\\\/shop\\\/produkt\\\/automower-pv-system-large\\\/#primaryimage\",\"url\":\"https:\\\/\\\/www.mobileakkupower.de\\\/shop\\\/wp-content\\\/uploads\\\/2020\\\/02\\\/Mower_PV_Inselloesung_2.jpg\",\"contentUrl\":\"https:\\\/\\\/www.mobileakkupower.de\\\/shop\\\/wp-content\\\/uploads\\\/2020\\\/02\\\/Mower_PV_Inselloesung_2.jpg\",\"width\":1044,\"height\":1200},{\"@type\":\"BreadcrumbList\",\"@id\":\"https:\\\/\\\/www.mobileakkupower.de\\\/shop\\\/produkt\\\/automower-pv-system-large\\\/#breadcrumb\",\"itemListElement\":[{\"@type\":\"ListItem\",\"position\":1,\"name\":\"Startseite\",\"item\":\"https:\\\/\\\/www.mobileakkupower.de\\\/shop\\\/\"},{\"@type\":\"ListItem\",\"position\":2,\"name\":\"Shop\",\"item\":\"https:\\\/\\\/www.mobileakkupower.de\\\/shop\\\/shop\\\/\"},{\"@type\":\"ListItem\",\"position\":3,\"name\":\"Automower PV-System Large\"}]},{\"@type\":\"WebSite\",\"@id\":\"https:\\\/\\\/www.mobileakkupower.de\\\/shop\\\/#website\",\"url\":\"https:\\\/\\\/www.mobileakkupower.de\\\/shop\\\/\",\"name\":\"Shop MobileAkkuPower\",\"description\":\"\",\"publisher\":{\"@id\":\"https:\\\/\\\/www.mobileakkupower.de\\\/shop\\\/#organization\"},\"potentialAction\":[{\"@type\":\"SearchAction\",\"target\":{\"@type\":\"EntryPoint\",\"urlTemplate\":\"https:\\\/\\\/www.mobileakkupower.de\\\/shop\\\/?s={search_term_string}\"},\"query-input\":{\"@type\":\"PropertyValueSpecification\",\"valueRequired\":true,\"valueName\":\"search_term_string\"}}],\"inLanguage\":\"de\"},{\"@type\":\"Organization\",\"@id\":\"https:\\\/\\\/www.mobileakkupower.de\\\/shop\\\/#organization\",\"name\":\"Shop MobileAkkuPower\",\"url\":\"https:\\\/\\\/www.mobileakkupower.de\\\/shop\\\/\",\"logo\":{\"@type\":\"ImageObject\",\"inLanguage\":\"de\",\"@id\":\"https:\\\/\\\/www.mobileakkupower.de\\\/shop\\\/#\\\/schema\\\/logo\\\/image\\\/\",\"url\":\"https:\\\/\\\/www.mobileakkupower.de\\\/shop\\\/wp-content\\\/uploads\\\/2019\\\/01\\\/cropped-logo-map.png\",\"contentUrl\":\"https:\\\/\\\/www.mobileakkupower.de\\\/shop\\\/wp-content\\\/uploads\\\/2019\\\/01\\\/cropped-logo-map.png\",\"width\":646,\"height\":114,\"caption\":\"Shop MobileAkkuPower\"},\"image\":{\"@id\":\"https:\\\/\\\/www.mobileakkupower.de\\\/shop\\\/#\\\/schema\\\/logo\\\/image\\\/\"},\"sameAs\":[\"https:\\\/\\\/facebook.com\\\/derroboterladen\"]}]}<\/script>\n<!-- \/ Yoast SEO plugin. -->","yoast_head_json":{"title":"Automower PV-System Large - Shop MobileAkkuPower","robots":{"index":"index","follow":"follow","max-snippet":"max-snippet:-1","max-image-preview":"max-image-preview:large","max-video-preview":"max-video-preview:-1"},"canonical":"https:\/\/www.mobileakkupower.de\/shop\/produkt\/automower-pv-system-large\/","og_locale":"de_DE","og_type":"article","og_title":"Automower PV-System Large - Shop MobileAkkuPower","og_description":"Die einzelne Komponente sind Stand der Technik und von h\u00f6chster Qualit\u00e4t. 5 Jahre Leistungsgarantie. Bestehend aus Hochleistungs- Solarmodulen. ( monokristallin, 2, 3 oder 4 Module je nach Bedarf erweiterbar, stufenlos drehbar) Spezial AMG Solar-Gel-Akku mit 150 AH Akku und 3 x 100 Watt Solarmodulen (Ausgelegt auf ca. 8-10 Jahre Lebensdauer.) Solarregler, Batteriew\u00e4chter, Zeitschaltuhr welche die [&hellip;]","og_url":"https:\/\/www.mobileakkupower.de\/shop\/produkt\/automower-pv-system-large\/","og_site_name":"Shop MobileAkkuPower","article_publisher":"https:\/\/facebook.com\/derroboterladen","article_modified_time":"2020-02-07T12:19:44+00:00","og_image":[{"width":1044,"height":1200,"url":"https:\/\/www.mobileakkupower.de\/shop\/wp-content\/uploads\/2020\/02\/Mower_PV_Inselloesung_2.jpg","type":"image\/jpeg"}],"twitter_card":"summary_large_image","twitter_misc":{"Gesch\u00e4tzte Lesezeit":"1\u00a0Minute"},"schema":{"@context":"https:\/\/schema.org","@graph":[{"@type":"WebPage","@id":"https:\/\/www.mobileakkupower.de\/shop\/produkt\/automower-pv-system-large\/","url":"https:\/\/www.mobileakkupower.de\/shop\/produkt\/automower-pv-system-large\/","name":"Automower PV-System Large - Shop MobileAkkuPower","isPartOf":{"@id":"https:\/\/www.mobileakkupower.de\/shop\/#website"},"primaryImageOfPage":{"@id":"https:\/\/www.mobileakkupower.de\/shop\/produkt\/automower-pv-system-large\/#primaryimage"},"image":{"@id":"https:\/\/www.mobileakkupower.de\/shop\/produkt\/automower-pv-system-large\/#primaryimage"},"thumbnailUrl":"https:\/\/www.mobileakkupower.de\/shop\/wp-content\/uploads\/2020\/02\/Mower_PV_Inselloesung_2.jpg","datePublished":"2020-02-07T12:18:47+00:00","dateModified":"2020-02-07T12:19:44+00:00","breadcrumb":{"@id":"https:\/\/www.mobileakkupower.de\/shop\/produkt\/automower-pv-system-large\/#breadcrumb"},"inLanguage":"de","potentialAction":[{"@type":"ReadAction","target":["https:\/\/www.mobileakkupower.de\/shop\/produkt\/automower-pv-system-large\/"]}]},{"@type":"ImageObject","inLanguage":"de","@id":"https:\/\/www.mobileakkupower.de\/shop\/produkt\/automower-pv-system-large\/#primaryimage","url":"https:\/\/www.mobileakkupower.de\/shop\/wp-content\/uploads\/2020\/02\/Mower_PV_Inselloesung_2.jpg","contentUrl":"https:\/\/www.mobileakkupower.de\/shop\/wp-content\/uploads\/2020\/02\/Mower_PV_Inselloesung_2.jpg","width":1044,"height":1200},{"@type":"BreadcrumbList","@id":"https:\/\/www.mobileakkupower.de\/shop\/produkt\/automower-pv-system-large\/#breadcrumb","itemListElement":[{"@type":"ListItem","position":1,"name":"Startseite","item":"https:\/\/www.mobileakkupower.de\/shop\/"},{"@type":"ListItem","position":2,"name":"Shop","item":"https:\/\/www.mobileakkupower.de\/shop\/shop\/"},{"@type":"ListItem","position":3,"name":"Automower PV-System Large"}]},{"@type":"WebSite","@id":"https:\/\/www.mobileakkupower.de\/shop\/#website","url":"https:\/\/www.mobileakkupower.de\/shop\/","name":"Shop MobileAkkuPower","description":"","publisher":{"@id":"https:\/\/www.mobileakkupower.de\/shop\/#organization"},"potentialAction":[{"@type":"SearchAction","target":{"@type":"EntryPoint","urlTemplate":"https:\/\/www.mobileakkupower.de\/shop\/?s={search_term_string}"},"query-input":{"@type":"PropertyValueSpecification","valueRequired":true,"valueName":"search_term_string"}}],"inLanguage":"de"},{"@type":"Organization","@id":"https:\/\/www.mobileakkupower.de\/shop\/#organization","name":"Shop MobileAkkuPower","url":"https:\/\/www.mobileakkupower.de\/shop\/","logo":{"@type":"ImageObject","inLanguage":"de","@id":"https:\/\/www.mobileakkupower.de\/shop\/#\/schema\/logo\/image\/","url":"https:\/\/www.mobileakkupower.de\/shop\/wp-content\/uploads\/2019\/01\/cropped-logo-map.png","contentUrl":"https:\/\/www.mobileakkupower.de\/shop\/wp-content\/uploads\/2019\/01\/cropped-logo-map.png","width":646,"height":114,"caption":"Shop MobileAkkuPower"},"image":{"@id":"https:\/\/www.mobileakkupower.de\/shop\/#\/schema\/logo\/image\/"},"sameAs":["https:\/\/facebook.com\/derroboterladen"]}]}},"_links":{"self":[{"href":"https:\/\/www.mobileakkupower.de\/shop\/wp-json\/wp\/v2\/product\/1034","targetHints":{"allow":["GET"]}}],"collection":[{"href":"https:\/\/www.mobileakkupower.de\/shop\/wp-json\/wp\/v2\/product"}],"about":[{"href":"https:\/\/www.mobileakkupower.de\/shop\/wp-json\/wp\/v2\/types\/product"}],"replies":[{"embeddable":true,"href":"https:\/\/www.mobileakkupower.de\/shop\/wp-json\/wp\/v2\/comments?post=1034"}],"wp:featuredmedia":[{"embeddable":true,"href":"https:\/\/www.mobileakkupower.de\/shop\/wp-json\/wp\/v2\/media\/1033"}],"wp:attachment":[{"href":"https:\/\/www.mobileakkupower.de\/shop\/wp-json\/wp\/v2\/media?parent=1034"}],"wp:term":[{"taxonomy":"product_brand","embeddable":true,"href":"https:\/\/www.mobileakkupower.de\/shop\/wp-json\/wp\/v2\/product_brand?post=1034"},{"taxonomy":"product_cat","embeddable":true,"href":"https:\/\/www.mobileakkupower.de\/shop\/wp-json\/wp\/v2\/product_cat?post=1034"},{"taxonomy":"product_tag","embeddable":true,"href":"https:\/\/www.mobileakkupower.de\/shop\/wp-json\/wp\/v2\/product_tag?post=1034"}],"curies":[{"name":"wp","href":"https:\/\/api.w.org\/{rel}","templated":true}]}}