{"id":1066,"date":"2020-03-25T20:48:48","date_gmt":"2020-03-25T19:48:48","guid":{"rendered":"http:\/\/www.mobileakkupower.de\/shop\/?post_type=product&#038;p=1066"},"modified":"2023-03-06T17:49:56","modified_gmt":"2023-03-06T16:49:56","slug":"husqvarna-akku-kettensaege-535i-xp-motorsaege","status":"publish","type":"product","link":"https:\/\/www.mobileakkupower.de\/shop\/produkt\/husqvarna-akku-kettensaege-535i-xp-motorsaege\/","title":{"rendered":"Husqvarna Akku Kettens\u00e4ge 535i XP Motors\u00e4ge"},"content":{"rendered":"<p>F\u00fcr professionelle Anwender, die Wert auf eine leichte, effiziente Motors\u00e4ge legen. Perfekt f\u00fcr Schreiner, Bauunternehmer und Baumpfleger. Merkmale: Herausragende Benutzerfreundlichkeit, hohe Leistungsf\u00e4higkeit und hohe Kettengeschwindigkeit.<\/p>\n<p>Lieferumfang:<br \/>\nGer\u00e4t wird ohne Akku und Ladekabel geliefert (Komplett Set gern auf Anfrage)<\/p>\n<p>Akku-Leistung: 36 V<\/p>\n<p>Schwertl\u00e4nge (Zoll): 14&#8243;<\/p>\n<p>Empfohlene Schwertl\u00e4nge max: 35 cm<\/p>\n<p>savE-Modus f\u00fcr maximale Laufzeit<br \/>\nW\u00e4hlen Sie je nach Bedingungen zwischen dem normalen oder dem savE-Modus, um die maximale Leistung oder die maximale Laufzeit zu erreichen. In jedem Fall erhalten Sie immer ein perfektes Ergebnis.<\/p>\n<p>Geringer Wartungsaufwand<br \/>\nKein Benzin nachf\u00fcllen, wartungsarm und ein elektronisch gesteuertes Antriebssystem &#8211; all das reduziert Ausfallzeiten und senkt die Wartungskosten.<\/p>\n<p>Unterbrechungsfreies Arbeiten<br \/>\nUnser Akku-Zubeh\u00f6r g\u00f6nnt Ihnen keine Pause. Damit Sie Arbeiten so schnell und effizient wie m\u00f6glich erledigen k\u00f6nnen.<\/p>\n<p>Tr\u00e4gheitsausgel\u00f6ste Kettenbremse<br \/>\nEffektive, tr\u00e4gheitsausgel\u00f6ste Kettenbremse<\/p>\n<p>Aufklappbarer Tankdeckel<br \/>\nDer aufklappbare Tankdeckel ist einfach zu \u00f6ffnen.<\/p>\n<p>Ein Akku f\u00fcr alle Ger\u00e4te<br \/>\nUnser 36V Li-Ionen Akku wurde f\u00fcr eine professionelle und lang andauernde Nutzung entwickelt und passt in alle Hand gef\u00fchrten Husqvarna Forst- und Gartenger\u00e4te. Sie k\u00f6nnen also ein und denselben Akku f\u00fcr Ihre Husqvarna Akku-Motors\u00e4gen, Akku-Sensen oder Akku-Heckenschere verwenden.<\/p>\n<p>Intuitives Bedienpanel<br \/>\nIntuitives Bedienfeld &#8211; ganz einfach per Knopfdruck<\/p>\n<p>Stark wie ein Benziner<br \/>\nDer 36V Li-Ionen Akku bietet Ihnen eine \u00e4hnlich hohe Leistung, verl\u00e4sslichen Betrieb und Lebensdauer wie ein benzinbetriebenes Gartenger\u00e4t \u2013 allerdings ohne direkte Emissionen. Mit einer Akkuladung bew\u00e4ltigen Sie dieselbe Arbeit wie mit einer Tankf\u00fcllung bei einem Benzin-Gartenger\u00e4t.<\/p>\n<p>Verlustsichere Muttern<br \/>\nVerhindert den Verlust der Sicherungsmuttern beim Ketten- und Schienenwechsel.<\/p>\n<p>B\u00fcrstenloser Motor<br \/>\nUnser intern entwickelter b\u00fcrstenloser Motor liefert Ihnen 25% mehr Leistung im Vergleich zu herk\u00f6mmlichen Motoren. Das bedeutet f\u00fcr Sie: Ein gleichm\u00e4\u00dfig hoher Drehmoment.<\/p>\n<p>Hohe Kettengeschwindigkeit<br \/>\nHohe Kettengeschwindigkeit f\u00fcr schnelles, gleichm\u00e4\u00dfiges Schneiden<\/p>\n<p>Akku<br \/>\nAkku-Leistung: 36 V<br \/>\nAkku-Typ: Li-Ion<\/p>\n<p>Schmierstoff<br \/>\n\u00d6ltank. 0.2 l<\/p>\n<p>Ger\u00e4uschpegel<br \/>\nSchallleistungspegel, LWA : 106 dB(A)<br \/>\nSchallleistungspegel, gemessen: 104 dB(A)<br \/>\nSchalldruckpegel am Ohr der Bedienperson: 93 dB(A)<\/p>\n<p>Abmessungen<br \/>\nGewicht ohne Akku: 2.6 kg<br \/>\nVerpackung (L\u00e4nge): 472 mm<br \/>\nVerpackung (Breite): 252 mm<br \/>\nVerpackung (H\u00f6he): 269 mm<\/p>\n<p>Ausstattung<br \/>\nEmpfohlene Schwertl\u00e4nge min: 25 cm<br \/>\nEmpfohlene Schwertl\u00e4nge max: 35 cm<br \/>\nEmpfohlene Schwertl\u00e4nge min (Zoll): 10 in<br \/>\nEmpfohlene Schwertl\u00e4nge max (Zoll): 14 in<br \/>\nKettengeschwindigkeit bei max. Leistung: 20 m\/s<\/p>\n<p>Vibration<br \/>\n\u00c4quivalenter Vibrationswert (ahv, eq) vorderer\/ hinterer Handgriff: 2.5 m\/s\u00b2<br \/>\nVibrationswert (ahv, eq), hinterer Handgriff: 2.8 m\/s\u00b2<\/p>\n","protected":false},"excerpt":{"rendered":"<p>967893814 \u00a0 7391883947395<\/p>\n","protected":false},"featured_media":1518,"comment_status":"open","ping_status":"closed","template":"","meta":[],"product_brand":[],"product_cat":[271,111],"product_tag":[],"class_list":{"0":"post-1066","1":"product","2":"type-product","3":"status-publish","4":"has-post-thumbnail","6":"product_cat-gartengeraete-und-zubehoer","7":"product_cat-husqvarna-akku-gartengeraete","9":"first","10":"onbackorder","11":"taxable","12":"shipping-taxable","13":"purchasable","14":"product-type-simple"},"yoast_head":"<!-- This site is optimized with the Yoast SEO plugin v27.4 - https:\/\/yoast.com\/product\/yoast-seo-wordpress\/ -->\n<title>Husqvarna Akku Kettens\u00e4ge 535i XP Motors\u00e4ge - Shop MobileAkkuPower<\/title>\n<meta name=\"robots\" content=\"index, follow, max-snippet:-1, max-image-preview:large, max-video-preview:-1\" \/>\n<link rel=\"canonical\" href=\"https:\/\/www.mobileakkupower.de\/shop\/produkt\/husqvarna-akku-kettensaege-535i-xp-motorsaege\/\" \/>\n<meta property=\"og:locale\" content=\"de_DE\" \/>\n<meta property=\"og:type\" content=\"article\" \/>\n<meta property=\"og:title\" content=\"Husqvarna Akku Kettens\u00e4ge 535i XP Motors\u00e4ge - Shop MobileAkkuPower\" \/>\n<meta property=\"og:description\" content=\"967893814 \u00a0 7391883947395\" \/>\n<meta property=\"og:url\" content=\"https:\/\/www.mobileakkupower.de\/shop\/produkt\/husqvarna-akku-kettensaege-535i-xp-motorsaege\/\" \/>\n<meta property=\"og:site_name\" content=\"Shop MobileAkkuPower\" \/>\n<meta property=\"article:publisher\" content=\"https:\/\/facebook.com\/derroboterladen\" \/>\n<meta property=\"article:modified_time\" content=\"2023-03-06T16:49:56+00:00\" \/>\n<meta property=\"og:image\" content=\"http:\/\/www.mobileakkupower.de\/shop\/wp-content\/uploads\/2020\/03\/967893814.png\" \/>\n\t<meta property=\"og:image:width\" content=\"300\" \/>\n\t<meta property=\"og:image:height\" content=\"300\" \/>\n\t<meta property=\"og:image:type\" content=\"image\/png\" \/>\n<meta name=\"twitter:card\" content=\"summary_large_image\" \/>\n<meta name=\"twitter:label1\" content=\"Gesch\u00e4tzte Lesezeit\" \/>\n\t<meta name=\"twitter:data1\" content=\"3\u00a0Minuten\" \/>\n<script type=\"application\/ld+json\" class=\"yoast-schema-graph\">{\"@context\":\"https:\\\/\\\/schema.org\",\"@graph\":[{\"@type\":\"WebPage\",\"@id\":\"https:\\\/\\\/www.mobileakkupower.de\\\/shop\\\/produkt\\\/husqvarna-akku-kettensaege-535i-xp-motorsaege\\\/\",\"url\":\"https:\\\/\\\/www.mobileakkupower.de\\\/shop\\\/produkt\\\/husqvarna-akku-kettensaege-535i-xp-motorsaege\\\/\",\"name\":\"Husqvarna Akku Kettens\u00e4ge 535i XP Motors\u00e4ge - Shop MobileAkkuPower\",\"isPartOf\":{\"@id\":\"https:\\\/\\\/www.mobileakkupower.de\\\/shop\\\/#website\"},\"primaryImageOfPage\":{\"@id\":\"https:\\\/\\\/www.mobileakkupower.de\\\/shop\\\/produkt\\\/husqvarna-akku-kettensaege-535i-xp-motorsaege\\\/#primaryimage\"},\"image\":{\"@id\":\"https:\\\/\\\/www.mobileakkupower.de\\\/shop\\\/produkt\\\/husqvarna-akku-kettensaege-535i-xp-motorsaege\\\/#primaryimage\"},\"thumbnailUrl\":\"https:\\\/\\\/www.mobileakkupower.de\\\/shop\\\/wp-content\\\/uploads\\\/2020\\\/03\\\/967893814.png\",\"datePublished\":\"2020-03-25T19:48:48+00:00\",\"dateModified\":\"2023-03-06T16:49:56+00:00\",\"breadcrumb\":{\"@id\":\"https:\\\/\\\/www.mobileakkupower.de\\\/shop\\\/produkt\\\/husqvarna-akku-kettensaege-535i-xp-motorsaege\\\/#breadcrumb\"},\"inLanguage\":\"de\",\"potentialAction\":[{\"@type\":\"ReadAction\",\"target\":[\"https:\\\/\\\/www.mobileakkupower.de\\\/shop\\\/produkt\\\/husqvarna-akku-kettensaege-535i-xp-motorsaege\\\/\"]}]},{\"@type\":\"ImageObject\",\"inLanguage\":\"de\",\"@id\":\"https:\\\/\\\/www.mobileakkupower.de\\\/shop\\\/produkt\\\/husqvarna-akku-kettensaege-535i-xp-motorsaege\\\/#primaryimage\",\"url\":\"https:\\\/\\\/www.mobileakkupower.de\\\/shop\\\/wp-content\\\/uploads\\\/2020\\\/03\\\/967893814.png\",\"contentUrl\":\"https:\\\/\\\/www.mobileakkupower.de\\\/shop\\\/wp-content\\\/uploads\\\/2020\\\/03\\\/967893814.png\",\"width\":300,\"height\":300},{\"@type\":\"BreadcrumbList\",\"@id\":\"https:\\\/\\\/www.mobileakkupower.de\\\/shop\\\/produkt\\\/husqvarna-akku-kettensaege-535i-xp-motorsaege\\\/#breadcrumb\",\"itemListElement\":[{\"@type\":\"ListItem\",\"position\":1,\"name\":\"Startseite\",\"item\":\"https:\\\/\\\/www.mobileakkupower.de\\\/shop\\\/\"},{\"@type\":\"ListItem\",\"position\":2,\"name\":\"Shop\",\"item\":\"https:\\\/\\\/www.mobileakkupower.de\\\/shop\\\/shop\\\/\"},{\"@type\":\"ListItem\",\"position\":3,\"name\":\"Husqvarna Akku Kettens\u00e4ge 535i XP Motors\u00e4ge\"}]},{\"@type\":\"WebSite\",\"@id\":\"https:\\\/\\\/www.mobileakkupower.de\\\/shop\\\/#website\",\"url\":\"https:\\\/\\\/www.mobileakkupower.de\\\/shop\\\/\",\"name\":\"Shop MobileAkkuPower\",\"description\":\"\",\"publisher\":{\"@id\":\"https:\\\/\\\/www.mobileakkupower.de\\\/shop\\\/#organization\"},\"potentialAction\":[{\"@type\":\"SearchAction\",\"target\":{\"@type\":\"EntryPoint\",\"urlTemplate\":\"https:\\\/\\\/www.mobileakkupower.de\\\/shop\\\/?s={search_term_string}\"},\"query-input\":{\"@type\":\"PropertyValueSpecification\",\"valueRequired\":true,\"valueName\":\"search_term_string\"}}],\"inLanguage\":\"de\"},{\"@type\":\"Organization\",\"@id\":\"https:\\\/\\\/www.mobileakkupower.de\\\/shop\\\/#organization\",\"name\":\"Shop MobileAkkuPower\",\"url\":\"https:\\\/\\\/www.mobileakkupower.de\\\/shop\\\/\",\"logo\":{\"@type\":\"ImageObject\",\"inLanguage\":\"de\",\"@id\":\"https:\\\/\\\/www.mobileakkupower.de\\\/shop\\\/#\\\/schema\\\/logo\\\/image\\\/\",\"url\":\"https:\\\/\\\/www.mobileakkupower.de\\\/shop\\\/wp-content\\\/uploads\\\/2019\\\/01\\\/cropped-logo-map.png\",\"contentUrl\":\"https:\\\/\\\/www.mobileakkupower.de\\\/shop\\\/wp-content\\\/uploads\\\/2019\\\/01\\\/cropped-logo-map.png\",\"width\":646,\"height\":114,\"caption\":\"Shop MobileAkkuPower\"},\"image\":{\"@id\":\"https:\\\/\\\/www.mobileakkupower.de\\\/shop\\\/#\\\/schema\\\/logo\\\/image\\\/\"},\"sameAs\":[\"https:\\\/\\\/facebook.com\\\/derroboterladen\"]}]}<\/script>\n<!-- \/ Yoast SEO plugin. -->","yoast_head_json":{"title":"Husqvarna Akku Kettens\u00e4ge 535i XP Motors\u00e4ge - Shop MobileAkkuPower","robots":{"index":"index","follow":"follow","max-snippet":"max-snippet:-1","max-image-preview":"max-image-preview:large","max-video-preview":"max-video-preview:-1"},"canonical":"https:\/\/www.mobileakkupower.de\/shop\/produkt\/husqvarna-akku-kettensaege-535i-xp-motorsaege\/","og_locale":"de_DE","og_type":"article","og_title":"Husqvarna Akku Kettens\u00e4ge 535i XP Motors\u00e4ge - Shop MobileAkkuPower","og_description":"967893814 \u00a0 7391883947395","og_url":"https:\/\/www.mobileakkupower.de\/shop\/produkt\/husqvarna-akku-kettensaege-535i-xp-motorsaege\/","og_site_name":"Shop MobileAkkuPower","article_publisher":"https:\/\/facebook.com\/derroboterladen","article_modified_time":"2023-03-06T16:49:56+00:00","og_image":[{"width":300,"height":300,"url":"http:\/\/www.mobileakkupower.de\/shop\/wp-content\/uploads\/2020\/03\/967893814.png","type":"image\/png"}],"twitter_card":"summary_large_image","twitter_misc":{"Gesch\u00e4tzte Lesezeit":"3\u00a0Minuten"},"schema":{"@context":"https:\/\/schema.org","@graph":[{"@type":"WebPage","@id":"https:\/\/www.mobileakkupower.de\/shop\/produkt\/husqvarna-akku-kettensaege-535i-xp-motorsaege\/","url":"https:\/\/www.mobileakkupower.de\/shop\/produkt\/husqvarna-akku-kettensaege-535i-xp-motorsaege\/","name":"Husqvarna Akku Kettens\u00e4ge 535i XP Motors\u00e4ge - Shop MobileAkkuPower","isPartOf":{"@id":"https:\/\/www.mobileakkupower.de\/shop\/#website"},"primaryImageOfPage":{"@id":"https:\/\/www.mobileakkupower.de\/shop\/produkt\/husqvarna-akku-kettensaege-535i-xp-motorsaege\/#primaryimage"},"image":{"@id":"https:\/\/www.mobileakkupower.de\/shop\/produkt\/husqvarna-akku-kettensaege-535i-xp-motorsaege\/#primaryimage"},"thumbnailUrl":"https:\/\/www.mobileakkupower.de\/shop\/wp-content\/uploads\/2020\/03\/967893814.png","datePublished":"2020-03-25T19:48:48+00:00","dateModified":"2023-03-06T16:49:56+00:00","breadcrumb":{"@id":"https:\/\/www.mobileakkupower.de\/shop\/produkt\/husqvarna-akku-kettensaege-535i-xp-motorsaege\/#breadcrumb"},"inLanguage":"de","potentialAction":[{"@type":"ReadAction","target":["https:\/\/www.mobileakkupower.de\/shop\/produkt\/husqvarna-akku-kettensaege-535i-xp-motorsaege\/"]}]},{"@type":"ImageObject","inLanguage":"de","@id":"https:\/\/www.mobileakkupower.de\/shop\/produkt\/husqvarna-akku-kettensaege-535i-xp-motorsaege\/#primaryimage","url":"https:\/\/www.mobileakkupower.de\/shop\/wp-content\/uploads\/2020\/03\/967893814.png","contentUrl":"https:\/\/www.mobileakkupower.de\/shop\/wp-content\/uploads\/2020\/03\/967893814.png","width":300,"height":300},{"@type":"BreadcrumbList","@id":"https:\/\/www.mobileakkupower.de\/shop\/produkt\/husqvarna-akku-kettensaege-535i-xp-motorsaege\/#breadcrumb","itemListElement":[{"@type":"ListItem","position":1,"name":"Startseite","item":"https:\/\/www.mobileakkupower.de\/shop\/"},{"@type":"ListItem","position":2,"name":"Shop","item":"https:\/\/www.mobileakkupower.de\/shop\/shop\/"},{"@type":"ListItem","position":3,"name":"Husqvarna Akku Kettens\u00e4ge 535i XP Motors\u00e4ge"}]},{"@type":"WebSite","@id":"https:\/\/www.mobileakkupower.de\/shop\/#website","url":"https:\/\/www.mobileakkupower.de\/shop\/","name":"Shop MobileAkkuPower","description":"","publisher":{"@id":"https:\/\/www.mobileakkupower.de\/shop\/#organization"},"potentialAction":[{"@type":"SearchAction","target":{"@type":"EntryPoint","urlTemplate":"https:\/\/www.mobileakkupower.de\/shop\/?s={search_term_string}"},"query-input":{"@type":"PropertyValueSpecification","valueRequired":true,"valueName":"search_term_string"}}],"inLanguage":"de"},{"@type":"Organization","@id":"https:\/\/www.mobileakkupower.de\/shop\/#organization","name":"Shop MobileAkkuPower","url":"https:\/\/www.mobileakkupower.de\/shop\/","logo":{"@type":"ImageObject","inLanguage":"de","@id":"https:\/\/www.mobileakkupower.de\/shop\/#\/schema\/logo\/image\/","url":"https:\/\/www.mobileakkupower.de\/shop\/wp-content\/uploads\/2019\/01\/cropped-logo-map.png","contentUrl":"https:\/\/www.mobileakkupower.de\/shop\/wp-content\/uploads\/2019\/01\/cropped-logo-map.png","width":646,"height":114,"caption":"Shop MobileAkkuPower"},"image":{"@id":"https:\/\/www.mobileakkupower.de\/shop\/#\/schema\/logo\/image\/"},"sameAs":["https:\/\/facebook.com\/derroboterladen"]}]}},"_links":{"self":[{"href":"https:\/\/www.mobileakkupower.de\/shop\/wp-json\/wp\/v2\/product\/1066","targetHints":{"allow":["GET"]}}],"collection":[{"href":"https:\/\/www.mobileakkupower.de\/shop\/wp-json\/wp\/v2\/product"}],"about":[{"href":"https:\/\/www.mobileakkupower.de\/shop\/wp-json\/wp\/v2\/types\/product"}],"replies":[{"embeddable":true,"href":"https:\/\/www.mobileakkupower.de\/shop\/wp-json\/wp\/v2\/comments?post=1066"}],"wp:featuredmedia":[{"embeddable":true,"href":"https:\/\/www.mobileakkupower.de\/shop\/wp-json\/wp\/v2\/media\/1518"}],"wp:attachment":[{"href":"https:\/\/www.mobileakkupower.de\/shop\/wp-json\/wp\/v2\/media?parent=1066"}],"wp:term":[{"taxonomy":"product_brand","embeddable":true,"href":"https:\/\/www.mobileakkupower.de\/shop\/wp-json\/wp\/v2\/product_brand?post=1066"},{"taxonomy":"product_cat","embeddable":true,"href":"https:\/\/www.mobileakkupower.de\/shop\/wp-json\/wp\/v2\/product_cat?post=1066"},{"taxonomy":"product_tag","embeddable":true,"href":"https:\/\/www.mobileakkupower.de\/shop\/wp-json\/wp\/v2\/product_tag?post=1066"}],"curies":[{"name":"wp","href":"https:\/\/api.w.org\/{rel}","templated":true}]}}