{"id":1086,"date":"2020-03-28T21:20:27","date_gmt":"2020-03-28T20:20:27","guid":{"rendered":"http:\/\/www.mobileakkupower.de\/shop\/?post_type=product&#038;p=1086"},"modified":"2021-02-26T13:34:59","modified_gmt":"2021-02-26T12:34:59","slug":"husqvarna-akku-trimmer-115il","status":"publish","type":"product","link":"https:\/\/www.mobileakkupower.de\/shop\/produkt\/husqvarna-akku-trimmer-115il\/","title":{"rendered":"Husqvarna Akku Trimmer 115iL"},"content":{"rendered":"<p>HUSQVARNA Akku-Trimmer 115iL<\/p>\n<p>Die Nutzung dieses Akku-Trimmers ist leicht, einfach und komfortabel zugleich. Der 115iL ist perfekt zum Bearbeiten von Rasenkanten und von kleineren Gr\u00fcnfl\u00e4chen. Die intuitiv angeordneten Bedienelemente, sowie die Sofort Starthilfe erm\u00f6glichen problemloses Starten des BLDC-Motors. Dank der niedrigen Ger\u00e4usch- und Schallleistungswerten wird das Arbeitsumfeld nicht gest\u00f6rt. Mit diesem Trimmer k\u00f6nnen Sie mit einem Doppelfaden mit einem Durchmesser von 2 mm arbeiten.<\/p>\n<p>Hersteller-Artikelnummer: 967098801<br \/>\nGTIN-13\/EAN:<\/p>\n<p>Arbeitsbreite: 33 cm<br \/>\nMotor: BLDC (b\u00fcrstenlos)<\/p>\n<p>Lieferumfang:<br \/>\nTrimmer Husqvarna 115iL<br \/>\n(nur Grundger\u00e4t)<\/p>\n","protected":false},"excerpt":{"rendered":"<p>HUSQVARNA Akku-Trimmer 115iL Die Nutzung dieses Akku-Trimmers ist leicht, einfach und komfortabel zugleich. Der 115iL ist perfekt zum Bearbeiten von Rasenkanten und von kleineren Gr\u00fcnfl\u00e4chen. Die intuitiv angeordneten Bedienelemente, sowie die Sofort Starthilfe erm\u00f6glichen problemloses Starten des BLDC-Motors. Dank der niedrigen Ger\u00e4usch- und Schallleistungswerten wird das Arbeitsumfeld nicht gest\u00f6rt. Mit diesem Trimmer k\u00f6nnen Sie mit [&hellip;]<\/p>\n","protected":false},"featured_media":1514,"comment_status":"open","ping_status":"closed","template":"","meta":[],"product_brand":[],"product_cat":[271,111],"product_tag":[],"class_list":{"0":"post-1086","1":"product","2":"type-product","3":"status-publish","4":"has-post-thumbnail","6":"product_cat-gartengeraete-und-zubehoer","7":"product_cat-husqvarna-akku-gartengeraete","9":"first","10":"instock","11":"taxable","12":"shipping-taxable","13":"purchasable","14":"product-type-simple"},"yoast_head":"<!-- This site is optimized with the Yoast SEO plugin v27.4 - https:\/\/yoast.com\/product\/yoast-seo-wordpress\/ -->\n<title>Husqvarna Akku Trimmer 115iL - Shop MobileAkkuPower<\/title>\n<meta name=\"robots\" content=\"index, follow, max-snippet:-1, max-image-preview:large, max-video-preview:-1\" \/>\n<link rel=\"canonical\" href=\"https:\/\/www.mobileakkupower.de\/shop\/produkt\/husqvarna-akku-trimmer-115il\/\" \/>\n<meta property=\"og:locale\" content=\"de_DE\" \/>\n<meta property=\"og:type\" content=\"article\" \/>\n<meta property=\"og:title\" content=\"Husqvarna Akku Trimmer 115iL - Shop MobileAkkuPower\" \/>\n<meta property=\"og:description\" content=\"HUSQVARNA Akku-Trimmer 115iL Die Nutzung dieses Akku-Trimmers ist leicht, einfach und komfortabel zugleich. Der 115iL ist perfekt zum Bearbeiten von Rasenkanten und von kleineren Gr\u00fcnfl\u00e4chen. Die intuitiv angeordneten Bedienelemente, sowie die Sofort Starthilfe erm\u00f6glichen problemloses Starten des BLDC-Motors. Dank der niedrigen Ger\u00e4usch- und Schallleistungswerten wird das Arbeitsumfeld nicht gest\u00f6rt. Mit diesem Trimmer k\u00f6nnen Sie mit [&hellip;]\" \/>\n<meta property=\"og:url\" content=\"https:\/\/www.mobileakkupower.de\/shop\/produkt\/husqvarna-akku-trimmer-115il\/\" \/>\n<meta property=\"og:site_name\" content=\"Shop MobileAkkuPower\" \/>\n<meta property=\"article:publisher\" content=\"https:\/\/facebook.com\/derroboterladen\" \/>\n<meta property=\"article:modified_time\" content=\"2021-02-26T12:34:59+00:00\" \/>\n<meta property=\"og:image\" content=\"https:\/\/www.mobileakkupower.de\/shop\/wp-content\/uploads\/2020\/03\/967098801.png\" \/>\n\t<meta property=\"og:image:width\" content=\"300\" \/>\n\t<meta property=\"og:image:height\" content=\"300\" \/>\n\t<meta property=\"og:image:type\" content=\"image\/png\" \/>\n<meta name=\"twitter:card\" content=\"summary_large_image\" \/>\n<script type=\"application\/ld+json\" class=\"yoast-schema-graph\">{\"@context\":\"https:\\\/\\\/schema.org\",\"@graph\":[{\"@type\":\"WebPage\",\"@id\":\"https:\\\/\\\/www.mobileakkupower.de\\\/shop\\\/produkt\\\/husqvarna-akku-trimmer-115il\\\/\",\"url\":\"https:\\\/\\\/www.mobileakkupower.de\\\/shop\\\/produkt\\\/husqvarna-akku-trimmer-115il\\\/\",\"name\":\"Husqvarna Akku Trimmer 115iL - Shop MobileAkkuPower\",\"isPartOf\":{\"@id\":\"https:\\\/\\\/www.mobileakkupower.de\\\/shop\\\/#website\"},\"primaryImageOfPage\":{\"@id\":\"https:\\\/\\\/www.mobileakkupower.de\\\/shop\\\/produkt\\\/husqvarna-akku-trimmer-115il\\\/#primaryimage\"},\"image\":{\"@id\":\"https:\\\/\\\/www.mobileakkupower.de\\\/shop\\\/produkt\\\/husqvarna-akku-trimmer-115il\\\/#primaryimage\"},\"thumbnailUrl\":\"https:\\\/\\\/www.mobileakkupower.de\\\/shop\\\/wp-content\\\/uploads\\\/2020\\\/03\\\/967098801.png\",\"datePublished\":\"2020-03-28T20:20:27+00:00\",\"dateModified\":\"2021-02-26T12:34:59+00:00\",\"breadcrumb\":{\"@id\":\"https:\\\/\\\/www.mobileakkupower.de\\\/shop\\\/produkt\\\/husqvarna-akku-trimmer-115il\\\/#breadcrumb\"},\"inLanguage\":\"de\",\"potentialAction\":[{\"@type\":\"ReadAction\",\"target\":[\"https:\\\/\\\/www.mobileakkupower.de\\\/shop\\\/produkt\\\/husqvarna-akku-trimmer-115il\\\/\"]}]},{\"@type\":\"ImageObject\",\"inLanguage\":\"de\",\"@id\":\"https:\\\/\\\/www.mobileakkupower.de\\\/shop\\\/produkt\\\/husqvarna-akku-trimmer-115il\\\/#primaryimage\",\"url\":\"https:\\\/\\\/www.mobileakkupower.de\\\/shop\\\/wp-content\\\/uploads\\\/2020\\\/03\\\/967098801.png\",\"contentUrl\":\"https:\\\/\\\/www.mobileakkupower.de\\\/shop\\\/wp-content\\\/uploads\\\/2020\\\/03\\\/967098801.png\",\"width\":300,\"height\":300},{\"@type\":\"BreadcrumbList\",\"@id\":\"https:\\\/\\\/www.mobileakkupower.de\\\/shop\\\/produkt\\\/husqvarna-akku-trimmer-115il\\\/#breadcrumb\",\"itemListElement\":[{\"@type\":\"ListItem\",\"position\":1,\"name\":\"Startseite\",\"item\":\"https:\\\/\\\/www.mobileakkupower.de\\\/shop\\\/\"},{\"@type\":\"ListItem\",\"position\":2,\"name\":\"Shop\",\"item\":\"https:\\\/\\\/www.mobileakkupower.de\\\/shop\\\/shop\\\/\"},{\"@type\":\"ListItem\",\"position\":3,\"name\":\"Husqvarna Akku Trimmer 115iL\"}]},{\"@type\":\"WebSite\",\"@id\":\"https:\\\/\\\/www.mobileakkupower.de\\\/shop\\\/#website\",\"url\":\"https:\\\/\\\/www.mobileakkupower.de\\\/shop\\\/\",\"name\":\"Shop MobileAkkuPower\",\"description\":\"\",\"publisher\":{\"@id\":\"https:\\\/\\\/www.mobileakkupower.de\\\/shop\\\/#organization\"},\"potentialAction\":[{\"@type\":\"SearchAction\",\"target\":{\"@type\":\"EntryPoint\",\"urlTemplate\":\"https:\\\/\\\/www.mobileakkupower.de\\\/shop\\\/?s={search_term_string}\"},\"query-input\":{\"@type\":\"PropertyValueSpecification\",\"valueRequired\":true,\"valueName\":\"search_term_string\"}}],\"inLanguage\":\"de\"},{\"@type\":\"Organization\",\"@id\":\"https:\\\/\\\/www.mobileakkupower.de\\\/shop\\\/#organization\",\"name\":\"Shop MobileAkkuPower\",\"url\":\"https:\\\/\\\/www.mobileakkupower.de\\\/shop\\\/\",\"logo\":{\"@type\":\"ImageObject\",\"inLanguage\":\"de\",\"@id\":\"https:\\\/\\\/www.mobileakkupower.de\\\/shop\\\/#\\\/schema\\\/logo\\\/image\\\/\",\"url\":\"https:\\\/\\\/www.mobileakkupower.de\\\/shop\\\/wp-content\\\/uploads\\\/2019\\\/01\\\/cropped-logo-map.png\",\"contentUrl\":\"https:\\\/\\\/www.mobileakkupower.de\\\/shop\\\/wp-content\\\/uploads\\\/2019\\\/01\\\/cropped-logo-map.png\",\"width\":646,\"height\":114,\"caption\":\"Shop MobileAkkuPower\"},\"image\":{\"@id\":\"https:\\\/\\\/www.mobileakkupower.de\\\/shop\\\/#\\\/schema\\\/logo\\\/image\\\/\"},\"sameAs\":[\"https:\\\/\\\/facebook.com\\\/derroboterladen\"]}]}<\/script>\n<!-- \/ Yoast SEO plugin. -->","yoast_head_json":{"title":"Husqvarna Akku Trimmer 115iL - Shop MobileAkkuPower","robots":{"index":"index","follow":"follow","max-snippet":"max-snippet:-1","max-image-preview":"max-image-preview:large","max-video-preview":"max-video-preview:-1"},"canonical":"https:\/\/www.mobileakkupower.de\/shop\/produkt\/husqvarna-akku-trimmer-115il\/","og_locale":"de_DE","og_type":"article","og_title":"Husqvarna Akku Trimmer 115iL - Shop MobileAkkuPower","og_description":"HUSQVARNA Akku-Trimmer 115iL Die Nutzung dieses Akku-Trimmers ist leicht, einfach und komfortabel zugleich. Der 115iL ist perfekt zum Bearbeiten von Rasenkanten und von kleineren Gr\u00fcnfl\u00e4chen. Die intuitiv angeordneten Bedienelemente, sowie die Sofort Starthilfe erm\u00f6glichen problemloses Starten des BLDC-Motors. Dank der niedrigen Ger\u00e4usch- und Schallleistungswerten wird das Arbeitsumfeld nicht gest\u00f6rt. Mit diesem Trimmer k\u00f6nnen Sie mit [&hellip;]","og_url":"https:\/\/www.mobileakkupower.de\/shop\/produkt\/husqvarna-akku-trimmer-115il\/","og_site_name":"Shop MobileAkkuPower","article_publisher":"https:\/\/facebook.com\/derroboterladen","article_modified_time":"2021-02-26T12:34:59+00:00","og_image":[{"width":300,"height":300,"url":"https:\/\/www.mobileakkupower.de\/shop\/wp-content\/uploads\/2020\/03\/967098801.png","type":"image\/png"}],"twitter_card":"summary_large_image","schema":{"@context":"https:\/\/schema.org","@graph":[{"@type":"WebPage","@id":"https:\/\/www.mobileakkupower.de\/shop\/produkt\/husqvarna-akku-trimmer-115il\/","url":"https:\/\/www.mobileakkupower.de\/shop\/produkt\/husqvarna-akku-trimmer-115il\/","name":"Husqvarna Akku Trimmer 115iL - Shop MobileAkkuPower","isPartOf":{"@id":"https:\/\/www.mobileakkupower.de\/shop\/#website"},"primaryImageOfPage":{"@id":"https:\/\/www.mobileakkupower.de\/shop\/produkt\/husqvarna-akku-trimmer-115il\/#primaryimage"},"image":{"@id":"https:\/\/www.mobileakkupower.de\/shop\/produkt\/husqvarna-akku-trimmer-115il\/#primaryimage"},"thumbnailUrl":"https:\/\/www.mobileakkupower.de\/shop\/wp-content\/uploads\/2020\/03\/967098801.png","datePublished":"2020-03-28T20:20:27+00:00","dateModified":"2021-02-26T12:34:59+00:00","breadcrumb":{"@id":"https:\/\/www.mobileakkupower.de\/shop\/produkt\/husqvarna-akku-trimmer-115il\/#breadcrumb"},"inLanguage":"de","potentialAction":[{"@type":"ReadAction","target":["https:\/\/www.mobileakkupower.de\/shop\/produkt\/husqvarna-akku-trimmer-115il\/"]}]},{"@type":"ImageObject","inLanguage":"de","@id":"https:\/\/www.mobileakkupower.de\/shop\/produkt\/husqvarna-akku-trimmer-115il\/#primaryimage","url":"https:\/\/www.mobileakkupower.de\/shop\/wp-content\/uploads\/2020\/03\/967098801.png","contentUrl":"https:\/\/www.mobileakkupower.de\/shop\/wp-content\/uploads\/2020\/03\/967098801.png","width":300,"height":300},{"@type":"BreadcrumbList","@id":"https:\/\/www.mobileakkupower.de\/shop\/produkt\/husqvarna-akku-trimmer-115il\/#breadcrumb","itemListElement":[{"@type":"ListItem","position":1,"name":"Startseite","item":"https:\/\/www.mobileakkupower.de\/shop\/"},{"@type":"ListItem","position":2,"name":"Shop","item":"https:\/\/www.mobileakkupower.de\/shop\/shop\/"},{"@type":"ListItem","position":3,"name":"Husqvarna Akku Trimmer 115iL"}]},{"@type":"WebSite","@id":"https:\/\/www.mobileakkupower.de\/shop\/#website","url":"https:\/\/www.mobileakkupower.de\/shop\/","name":"Shop MobileAkkuPower","description":"","publisher":{"@id":"https:\/\/www.mobileakkupower.de\/shop\/#organization"},"potentialAction":[{"@type":"SearchAction","target":{"@type":"EntryPoint","urlTemplate":"https:\/\/www.mobileakkupower.de\/shop\/?s={search_term_string}"},"query-input":{"@type":"PropertyValueSpecification","valueRequired":true,"valueName":"search_term_string"}}],"inLanguage":"de"},{"@type":"Organization","@id":"https:\/\/www.mobileakkupower.de\/shop\/#organization","name":"Shop MobileAkkuPower","url":"https:\/\/www.mobileakkupower.de\/shop\/","logo":{"@type":"ImageObject","inLanguage":"de","@id":"https:\/\/www.mobileakkupower.de\/shop\/#\/schema\/logo\/image\/","url":"https:\/\/www.mobileakkupower.de\/shop\/wp-content\/uploads\/2019\/01\/cropped-logo-map.png","contentUrl":"https:\/\/www.mobileakkupower.de\/shop\/wp-content\/uploads\/2019\/01\/cropped-logo-map.png","width":646,"height":114,"caption":"Shop MobileAkkuPower"},"image":{"@id":"https:\/\/www.mobileakkupower.de\/shop\/#\/schema\/logo\/image\/"},"sameAs":["https:\/\/facebook.com\/derroboterladen"]}]}},"_links":{"self":[{"href":"https:\/\/www.mobileakkupower.de\/shop\/wp-json\/wp\/v2\/product\/1086","targetHints":{"allow":["GET"]}}],"collection":[{"href":"https:\/\/www.mobileakkupower.de\/shop\/wp-json\/wp\/v2\/product"}],"about":[{"href":"https:\/\/www.mobileakkupower.de\/shop\/wp-json\/wp\/v2\/types\/product"}],"replies":[{"embeddable":true,"href":"https:\/\/www.mobileakkupower.de\/shop\/wp-json\/wp\/v2\/comments?post=1086"}],"wp:featuredmedia":[{"embeddable":true,"href":"https:\/\/www.mobileakkupower.de\/shop\/wp-json\/wp\/v2\/media\/1514"}],"wp:attachment":[{"href":"https:\/\/www.mobileakkupower.de\/shop\/wp-json\/wp\/v2\/media?parent=1086"}],"wp:term":[{"taxonomy":"product_brand","embeddable":true,"href":"https:\/\/www.mobileakkupower.de\/shop\/wp-json\/wp\/v2\/product_brand?post=1086"},{"taxonomy":"product_cat","embeddable":true,"href":"https:\/\/www.mobileakkupower.de\/shop\/wp-json\/wp\/v2\/product_cat?post=1086"},{"taxonomy":"product_tag","embeddable":true,"href":"https:\/\/www.mobileakkupower.de\/shop\/wp-json\/wp\/v2\/product_tag?post=1086"}],"curies":[{"name":"wp","href":"https:\/\/api.w.org\/{rel}","templated":true}]}}