{"id":1100,"date":"2020-03-29T22:14:11","date_gmt":"2020-03-29T20:14:11","guid":{"rendered":"http:\/\/www.mobileakkupower.de\/shop\/?post_type=product&#038;p=1100"},"modified":"2021-04-12T08:52:39","modified_gmt":"2021-04-12T06:52:39","slug":"husqvarna-akku-kettensaege-120i-bli20-qc80-neu-motorsaege","status":"publish","type":"product","link":"https:\/\/www.mobileakkupower.de\/shop\/produkt\/husqvarna-akku-kettensaege-120i-bli20-qc80-neu-motorsaege\/","title":{"rendered":"Husqvarna Akku Kettens\u00e4ge 120i + BLi20 + QC80 Neu Motors\u00e4ge"},"content":{"rendered":"<p>Eine leichte, praktische S\u00e4ge mit Li-Ionen Akku. Das intuitive Bedienfeld erm\u00f6glicht Ihnen ein einfaches Starten der S\u00e4ge. B\u00fcrstenloser Motor und savE-Modus sorgen f\u00fcr einen reibungslosen, verl\u00e4sslichen Betrieb. Zudem besitzt sie eine werkzeuglose Kettenspannvorrichtung. Die Akku-S\u00e4ge ist nahezu emissionsfrei und \u00fcberzeugt im Vergleich zu Benzin-Modellen vor allem durch ihren leisen Betrieb.<\/p>\n<p>Akku-Leistung: 36 V<\/p>\n<p>Schwertl\u00e4nge (Zoll): 12&#8243;<\/p>\n<p>Gewicht (exkl. Schneidausr\u00fcstung): 2.95 kg<\/p>\n<p>Empfohlene Schwertl\u00e4nge max: 35 cm<\/p>\n<p>Im Preis inbegriffen:<br \/>\nAkku BLi20 &#8211; 4 Ah, 144 Wh, 1,2 kg<br \/>\n12&#8243; 3\/8&#8243; Laminierte Schiene mit Umlenkstern<br \/>\nKette 30 cm H38 Chamfer Mei\u00dfel PIXEL 3\/8&#8243; mini 1.1<br \/>\nAkku-Ladeger\u00e4t QC80 (80W\/220V)<\/p>\n<p>Akku<\/p>\n<p>Akku-Leistung: 36 V<br \/>\nAkku-Typ: Li-Ion<br \/>\nAnzahl Zellen je Batterie: 20<\/p>\n<p>Schmierstoff<\/p>\n<p>\u00d6ltank: 0.20 l<\/p>\n<p>Ger\u00e4uschpegel<br \/>\nSchallleistungspegel, LWA: 101 dB(A)<br \/>\nSchallleistungspegel, gemessen: 98 dB(A)<br \/>\nSchalldruckpegel am Ohr der Bedienperson: 88 dB(A)<\/p>\n<p>Abmessungen<br \/>\nGewicht ohne Akku: 2.95 kg<br \/>\nVerpackung (L\u00e4nge): 520 mm<br \/>\nVerpackung (Breite): 265 mm<br \/>\nVerpackung (H\u00f6he): 245 mm<\/p>\n<p>Ausstattung<br \/>\nEmpfohlene Schwertl\u00e4nge min: 30 cm<br \/>\nEmpfohlene Schwertl\u00e4nge max: 35 cm<br \/>\nEmpfohlene Schwertl\u00e4nge min (Zoll): 12 in<br \/>\nEmpfohlene Schwertl\u00e4nge max (Zoll): 14 in<br \/>\nKettengeschwindigkeit bei max. Leistung: 11.5 m\/s<\/p>\n<p>Vibration<\/p>\n<p>\u00c4quivalenter Vibrationswert (ahv, eq) vorderer\/ hinterer Handgriff: 3.4 m\/s\u00b2<br \/>\nVibrationswert (ahv, eq), hinterer Handgriff: 3.8 m\/s\u00b2<\/p>\n","protected":false},"excerpt":{"rendered":"<p>967098202 \u00a0 7391736234580<\/p>\n","protected":false},"featured_media":1101,"comment_status":"open","ping_status":"closed","template":"","meta":[],"product_brand":[],"product_cat":[111],"product_tag":[],"class_list":{"0":"post-1100","1":"product","2":"type-product","3":"status-publish","4":"has-post-thumbnail","6":"product_cat-husqvarna-akku-gartengeraete","8":"first","9":"instock","10":"taxable","11":"shipping-taxable","12":"purchasable","13":"product-type-simple"},"yoast_head":"<!-- This site is optimized with the Yoast SEO plugin v27.4 - https:\/\/yoast.com\/product\/yoast-seo-wordpress\/ -->\n<title>Husqvarna Akku Kettens\u00e4ge 120i + BLi20 + QC80 Neu Motors\u00e4ge - Shop MobileAkkuPower<\/title>\n<meta name=\"robots\" content=\"index, follow, max-snippet:-1, max-image-preview:large, max-video-preview:-1\" \/>\n<link rel=\"canonical\" href=\"https:\/\/www.mobileakkupower.de\/shop\/produkt\/husqvarna-akku-kettensaege-120i-bli20-qc80-neu-motorsaege\/\" \/>\n<meta property=\"og:locale\" content=\"de_DE\" \/>\n<meta property=\"og:type\" content=\"article\" \/>\n<meta property=\"og:title\" content=\"Husqvarna Akku Kettens\u00e4ge 120i + BLi20 + QC80 Neu Motors\u00e4ge - Shop MobileAkkuPower\" \/>\n<meta property=\"og:description\" content=\"967098202 \u00a0 7391736234580\" \/>\n<meta property=\"og:url\" content=\"https:\/\/www.mobileakkupower.de\/shop\/produkt\/husqvarna-akku-kettensaege-120i-bli20-qc80-neu-motorsaege\/\" \/>\n<meta property=\"og:site_name\" content=\"Shop MobileAkkuPower\" \/>\n<meta property=\"article:publisher\" content=\"https:\/\/facebook.com\/derroboterladen\" \/>\n<meta property=\"article:modified_time\" content=\"2021-04-12T06:52:39+00:00\" \/>\n<meta property=\"og:image\" content=\"https:\/\/www.mobileakkupower.de\/shop\/wp-content\/uploads\/2020\/03\/120i-.png\" \/>\n\t<meta property=\"og:image:width\" content=\"270\" \/>\n\t<meta property=\"og:image:height\" content=\"270\" \/>\n\t<meta property=\"og:image:type\" content=\"image\/png\" \/>\n<meta name=\"twitter:card\" content=\"summary_large_image\" \/>\n<meta name=\"twitter:label1\" content=\"Gesch\u00e4tzte Lesezeit\" \/>\n\t<meta name=\"twitter:data1\" content=\"1\u00a0Minute\" \/>\n<script type=\"application\/ld+json\" class=\"yoast-schema-graph\">{\"@context\":\"https:\\\/\\\/schema.org\",\"@graph\":[{\"@type\":\"WebPage\",\"@id\":\"https:\\\/\\\/www.mobileakkupower.de\\\/shop\\\/produkt\\\/husqvarna-akku-kettensaege-120i-bli20-qc80-neu-motorsaege\\\/\",\"url\":\"https:\\\/\\\/www.mobileakkupower.de\\\/shop\\\/produkt\\\/husqvarna-akku-kettensaege-120i-bli20-qc80-neu-motorsaege\\\/\",\"name\":\"Husqvarna Akku Kettens\u00e4ge 120i + BLi20 + QC80 Neu Motors\u00e4ge - Shop MobileAkkuPower\",\"isPartOf\":{\"@id\":\"https:\\\/\\\/www.mobileakkupower.de\\\/shop\\\/#website\"},\"primaryImageOfPage\":{\"@id\":\"https:\\\/\\\/www.mobileakkupower.de\\\/shop\\\/produkt\\\/husqvarna-akku-kettensaege-120i-bli20-qc80-neu-motorsaege\\\/#primaryimage\"},\"image\":{\"@id\":\"https:\\\/\\\/www.mobileakkupower.de\\\/shop\\\/produkt\\\/husqvarna-akku-kettensaege-120i-bli20-qc80-neu-motorsaege\\\/#primaryimage\"},\"thumbnailUrl\":\"https:\\\/\\\/www.mobileakkupower.de\\\/shop\\\/wp-content\\\/uploads\\\/2020\\\/03\\\/120i-.png\",\"datePublished\":\"2020-03-29T20:14:11+00:00\",\"dateModified\":\"2021-04-12T06:52:39+00:00\",\"breadcrumb\":{\"@id\":\"https:\\\/\\\/www.mobileakkupower.de\\\/shop\\\/produkt\\\/husqvarna-akku-kettensaege-120i-bli20-qc80-neu-motorsaege\\\/#breadcrumb\"},\"inLanguage\":\"de\",\"potentialAction\":[{\"@type\":\"ReadAction\",\"target\":[\"https:\\\/\\\/www.mobileakkupower.de\\\/shop\\\/produkt\\\/husqvarna-akku-kettensaege-120i-bli20-qc80-neu-motorsaege\\\/\"]}]},{\"@type\":\"ImageObject\",\"inLanguage\":\"de\",\"@id\":\"https:\\\/\\\/www.mobileakkupower.de\\\/shop\\\/produkt\\\/husqvarna-akku-kettensaege-120i-bli20-qc80-neu-motorsaege\\\/#primaryimage\",\"url\":\"https:\\\/\\\/www.mobileakkupower.de\\\/shop\\\/wp-content\\\/uploads\\\/2020\\\/03\\\/120i-.png\",\"contentUrl\":\"https:\\\/\\\/www.mobileakkupower.de\\\/shop\\\/wp-content\\\/uploads\\\/2020\\\/03\\\/120i-.png\",\"width\":270,\"height\":270,\"caption\":\"967098202 KS-3549\"},{\"@type\":\"BreadcrumbList\",\"@id\":\"https:\\\/\\\/www.mobileakkupower.de\\\/shop\\\/produkt\\\/husqvarna-akku-kettensaege-120i-bli20-qc80-neu-motorsaege\\\/#breadcrumb\",\"itemListElement\":[{\"@type\":\"ListItem\",\"position\":1,\"name\":\"Startseite\",\"item\":\"https:\\\/\\\/www.mobileakkupower.de\\\/shop\\\/\"},{\"@type\":\"ListItem\",\"position\":2,\"name\":\"Shop\",\"item\":\"https:\\\/\\\/www.mobileakkupower.de\\\/shop\\\/shop\\\/\"},{\"@type\":\"ListItem\",\"position\":3,\"name\":\"Husqvarna Akku Kettens\u00e4ge 120i + BLi20 + QC80 Neu Motors\u00e4ge\"}]},{\"@type\":\"WebSite\",\"@id\":\"https:\\\/\\\/www.mobileakkupower.de\\\/shop\\\/#website\",\"url\":\"https:\\\/\\\/www.mobileakkupower.de\\\/shop\\\/\",\"name\":\"Shop MobileAkkuPower\",\"description\":\"\",\"publisher\":{\"@id\":\"https:\\\/\\\/www.mobileakkupower.de\\\/shop\\\/#organization\"},\"potentialAction\":[{\"@type\":\"SearchAction\",\"target\":{\"@type\":\"EntryPoint\",\"urlTemplate\":\"https:\\\/\\\/www.mobileakkupower.de\\\/shop\\\/?s={search_term_string}\"},\"query-input\":{\"@type\":\"PropertyValueSpecification\",\"valueRequired\":true,\"valueName\":\"search_term_string\"}}],\"inLanguage\":\"de\"},{\"@type\":\"Organization\",\"@id\":\"https:\\\/\\\/www.mobileakkupower.de\\\/shop\\\/#organization\",\"name\":\"Shop MobileAkkuPower\",\"url\":\"https:\\\/\\\/www.mobileakkupower.de\\\/shop\\\/\",\"logo\":{\"@type\":\"ImageObject\",\"inLanguage\":\"de\",\"@id\":\"https:\\\/\\\/www.mobileakkupower.de\\\/shop\\\/#\\\/schema\\\/logo\\\/image\\\/\",\"url\":\"https:\\\/\\\/www.mobileakkupower.de\\\/shop\\\/wp-content\\\/uploads\\\/2019\\\/01\\\/cropped-logo-map.png\",\"contentUrl\":\"https:\\\/\\\/www.mobileakkupower.de\\\/shop\\\/wp-content\\\/uploads\\\/2019\\\/01\\\/cropped-logo-map.png\",\"width\":646,\"height\":114,\"caption\":\"Shop MobileAkkuPower\"},\"image\":{\"@id\":\"https:\\\/\\\/www.mobileakkupower.de\\\/shop\\\/#\\\/schema\\\/logo\\\/image\\\/\"},\"sameAs\":[\"https:\\\/\\\/facebook.com\\\/derroboterladen\"]}]}<\/script>\n<!-- \/ Yoast SEO plugin. -->","yoast_head_json":{"title":"Husqvarna Akku Kettens\u00e4ge 120i + BLi20 + QC80 Neu Motors\u00e4ge - Shop MobileAkkuPower","robots":{"index":"index","follow":"follow","max-snippet":"max-snippet:-1","max-image-preview":"max-image-preview:large","max-video-preview":"max-video-preview:-1"},"canonical":"https:\/\/www.mobileakkupower.de\/shop\/produkt\/husqvarna-akku-kettensaege-120i-bli20-qc80-neu-motorsaege\/","og_locale":"de_DE","og_type":"article","og_title":"Husqvarna Akku Kettens\u00e4ge 120i + BLi20 + QC80 Neu Motors\u00e4ge - Shop MobileAkkuPower","og_description":"967098202 \u00a0 7391736234580","og_url":"https:\/\/www.mobileakkupower.de\/shop\/produkt\/husqvarna-akku-kettensaege-120i-bli20-qc80-neu-motorsaege\/","og_site_name":"Shop MobileAkkuPower","article_publisher":"https:\/\/facebook.com\/derroboterladen","article_modified_time":"2021-04-12T06:52:39+00:00","og_image":[{"width":270,"height":270,"url":"https:\/\/www.mobileakkupower.de\/shop\/wp-content\/uploads\/2020\/03\/120i-.png","type":"image\/png"}],"twitter_card":"summary_large_image","twitter_misc":{"Gesch\u00e4tzte Lesezeit":"1\u00a0Minute"},"schema":{"@context":"https:\/\/schema.org","@graph":[{"@type":"WebPage","@id":"https:\/\/www.mobileakkupower.de\/shop\/produkt\/husqvarna-akku-kettensaege-120i-bli20-qc80-neu-motorsaege\/","url":"https:\/\/www.mobileakkupower.de\/shop\/produkt\/husqvarna-akku-kettensaege-120i-bli20-qc80-neu-motorsaege\/","name":"Husqvarna Akku Kettens\u00e4ge 120i + BLi20 + QC80 Neu Motors\u00e4ge - Shop MobileAkkuPower","isPartOf":{"@id":"https:\/\/www.mobileakkupower.de\/shop\/#website"},"primaryImageOfPage":{"@id":"https:\/\/www.mobileakkupower.de\/shop\/produkt\/husqvarna-akku-kettensaege-120i-bli20-qc80-neu-motorsaege\/#primaryimage"},"image":{"@id":"https:\/\/www.mobileakkupower.de\/shop\/produkt\/husqvarna-akku-kettensaege-120i-bli20-qc80-neu-motorsaege\/#primaryimage"},"thumbnailUrl":"https:\/\/www.mobileakkupower.de\/shop\/wp-content\/uploads\/2020\/03\/120i-.png","datePublished":"2020-03-29T20:14:11+00:00","dateModified":"2021-04-12T06:52:39+00:00","breadcrumb":{"@id":"https:\/\/www.mobileakkupower.de\/shop\/produkt\/husqvarna-akku-kettensaege-120i-bli20-qc80-neu-motorsaege\/#breadcrumb"},"inLanguage":"de","potentialAction":[{"@type":"ReadAction","target":["https:\/\/www.mobileakkupower.de\/shop\/produkt\/husqvarna-akku-kettensaege-120i-bli20-qc80-neu-motorsaege\/"]}]},{"@type":"ImageObject","inLanguage":"de","@id":"https:\/\/www.mobileakkupower.de\/shop\/produkt\/husqvarna-akku-kettensaege-120i-bli20-qc80-neu-motorsaege\/#primaryimage","url":"https:\/\/www.mobileakkupower.de\/shop\/wp-content\/uploads\/2020\/03\/120i-.png","contentUrl":"https:\/\/www.mobileakkupower.de\/shop\/wp-content\/uploads\/2020\/03\/120i-.png","width":270,"height":270,"caption":"967098202 KS-3549"},{"@type":"BreadcrumbList","@id":"https:\/\/www.mobileakkupower.de\/shop\/produkt\/husqvarna-akku-kettensaege-120i-bli20-qc80-neu-motorsaege\/#breadcrumb","itemListElement":[{"@type":"ListItem","position":1,"name":"Startseite","item":"https:\/\/www.mobileakkupower.de\/shop\/"},{"@type":"ListItem","position":2,"name":"Shop","item":"https:\/\/www.mobileakkupower.de\/shop\/shop\/"},{"@type":"ListItem","position":3,"name":"Husqvarna Akku Kettens\u00e4ge 120i + BLi20 + QC80 Neu Motors\u00e4ge"}]},{"@type":"WebSite","@id":"https:\/\/www.mobileakkupower.de\/shop\/#website","url":"https:\/\/www.mobileakkupower.de\/shop\/","name":"Shop MobileAkkuPower","description":"","publisher":{"@id":"https:\/\/www.mobileakkupower.de\/shop\/#organization"},"potentialAction":[{"@type":"SearchAction","target":{"@type":"EntryPoint","urlTemplate":"https:\/\/www.mobileakkupower.de\/shop\/?s={search_term_string}"},"query-input":{"@type":"PropertyValueSpecification","valueRequired":true,"valueName":"search_term_string"}}],"inLanguage":"de"},{"@type":"Organization","@id":"https:\/\/www.mobileakkupower.de\/shop\/#organization","name":"Shop MobileAkkuPower","url":"https:\/\/www.mobileakkupower.de\/shop\/","logo":{"@type":"ImageObject","inLanguage":"de","@id":"https:\/\/www.mobileakkupower.de\/shop\/#\/schema\/logo\/image\/","url":"https:\/\/www.mobileakkupower.de\/shop\/wp-content\/uploads\/2019\/01\/cropped-logo-map.png","contentUrl":"https:\/\/www.mobileakkupower.de\/shop\/wp-content\/uploads\/2019\/01\/cropped-logo-map.png","width":646,"height":114,"caption":"Shop MobileAkkuPower"},"image":{"@id":"https:\/\/www.mobileakkupower.de\/shop\/#\/schema\/logo\/image\/"},"sameAs":["https:\/\/facebook.com\/derroboterladen"]}]}},"_links":{"self":[{"href":"https:\/\/www.mobileakkupower.de\/shop\/wp-json\/wp\/v2\/product\/1100","targetHints":{"allow":["GET"]}}],"collection":[{"href":"https:\/\/www.mobileakkupower.de\/shop\/wp-json\/wp\/v2\/product"}],"about":[{"href":"https:\/\/www.mobileakkupower.de\/shop\/wp-json\/wp\/v2\/types\/product"}],"replies":[{"embeddable":true,"href":"https:\/\/www.mobileakkupower.de\/shop\/wp-json\/wp\/v2\/comments?post=1100"}],"wp:featuredmedia":[{"embeddable":true,"href":"https:\/\/www.mobileakkupower.de\/shop\/wp-json\/wp\/v2\/media\/1101"}],"wp:attachment":[{"href":"https:\/\/www.mobileakkupower.de\/shop\/wp-json\/wp\/v2\/media?parent=1100"}],"wp:term":[{"taxonomy":"product_brand","embeddable":true,"href":"https:\/\/www.mobileakkupower.de\/shop\/wp-json\/wp\/v2\/product_brand?post=1100"},{"taxonomy":"product_cat","embeddable":true,"href":"https:\/\/www.mobileakkupower.de\/shop\/wp-json\/wp\/v2\/product_cat?post=1100"},{"taxonomy":"product_tag","embeddable":true,"href":"https:\/\/www.mobileakkupower.de\/shop\/wp-json\/wp\/v2\/product_tag?post=1100"}],"curies":[{"name":"wp","href":"https:\/\/api.w.org\/{rel}","templated":true}]}}