{"id":1114,"date":"2020-03-31T22:11:19","date_gmt":"2020-03-31T20:11:19","guid":{"rendered":"http:\/\/www.mobileakkupower.de\/shop\/?post_type=product&#038;p=1114"},"modified":"2021-02-26T13:42:04","modified_gmt":"2021-02-26T12:42:04","slug":"husqvarna-akku-rasenmaeher-lb548i-neu-professional-profi-geraet","status":"publish","type":"product","link":"https:\/\/www.mobileakkupower.de\/shop\/produkt\/husqvarna-akku-rasenmaeher-lb548i-neu-professional-profi-geraet\/","title":{"rendered":"Husqvarna Akku Rasenm\u00e4her LB548i Neu Professional Profi Ger\u00e4t"},"content":{"rendered":"<p>Robuster, akkubetriebener Mulchm\u00e4her f\u00fcr den kommerziellen Vollzeiteinsatz. Das robuste Aluminium M\u00e4hdeck und der leistungsstarke, wartungsfreie und b\u00fcrstenlose E-Torq Motor machen den LB 548i zu einem zuverl\u00e4ssigen und langlebigen Partner. Verf\u00fcgt \u00fcber ein Akkuladezustandsanzeige am Holm. Der Holm ist h\u00f6henverstellbar und bietet eine seitliche Verstellm\u00f6glichkeit. Die intelligente Motorsteuerung PowerBoost passt die Drehzahl automatisch der Grash\u00f6he an. Dadurch wird die Akkulaufzeit optimal ausgenutzt. F\u00fcr eine lange Laufzeit besitzt der Rasenm\u00e4her zwei Akkuf\u00e4cher, die nacheinander entladen werden. Die aktive Akkuk\u00fchlung sorgt f\u00fcr eine l\u00e4ngere Lebensdauer der Akkus. Allwetter-Einsatz (IPX4).<\/p>\n<p>Antriebstyp: Schieben<\/p>\n<p>M\u00e4hmethoden: BioClip\u00ae<\/p>\n<p>Arbeitsbreite: 48 cm<\/p>\n<p>Profi Ger\u00e4t<\/p>\n<p>Lieferumfang:<\/p>\n<p>Nur Ger\u00e4t ohne Akku und ohne Netzteil (Komplett Set nur auf Anfrage)<\/p>\n<p>Mit PowerBoost f\u00fcr extra Leistung<br \/>\nDie automatische Erh\u00f6hung der Messerdrehzahl beim M\u00e4hen unter schwierigen Bedingungen bedeutet zus\u00e4tzliche Leistung, wenn dies erforderlich ist.<\/p>\n<p>Kombinierbar mit r\u00fcckentragbaren Akkus f\u00fcr l\u00e4ngere Laufzeit<br \/>\nKombinierbar mit r\u00fcckentragbaren Akkus f\u00fcr l\u00e4ngere Laufzeit. Leicht auf dem M\u00e4her zu montieren und trotzdem Zugang zum Akku-Fach.<\/p>\n<p>Allwettergepr\u00fcft (IPX4)<br \/>\nDiese akku-betriebene Husqvarna Maschine erf\u00fcllt die IPX4-Klassifizierung f\u00fcr Regenfestigkeit. Dies macht es zu einem langlebigen und zuverl\u00e4ssigen Werkzeug, das das ganze Jahr \u00fcber bei allen Wetterbedingungen eingesetzt werden kann.<\/p>\n<p>Hochwertige Komponenten<br \/>\nRobustes Aluminiumdeck mit hochwertigen Komponenten und leistungsstarkem, handels\u00fcblichem Antriebskopf f\u00fcr eine lange Lebensdauer.<\/p>\n<p>Seitenaufprallschutz<br \/>\nSeitenaufprallschutz f\u00fcr zus\u00e4tzlichen Schutz beim M\u00e4hen an W\u00e4nden, Kanten oder anderen Hindernissen.<\/p>\n<p>Einfache H\u00f6henanpassung<br \/>\nDie Griffh\u00f6he kann auf zwei unterschiedliche H\u00f6hen eingestellt werden.<\/p>\n<p>savE-Modus f\u00fcr maximale Laufzeit<br \/>\nW\u00e4hlen Sie je nach Bedingungen zwischen dem normalen oder dem savE-Modus, um die maximale Leistung oder die maximale Laufzeit zu erreichen. In jedem Fall erhalten Sie immer ein perfektes Ergebnis.<\/p>\n<p>Doppelt kugelgelagerte R\u00e4der<br \/>\nSorgen f\u00fcr einen leichteren Lauf und sind sehr langlebig.<\/p>\n<p>Seitlich einstellbarer Griff<br \/>\neinstellbar nach rechts oder links<\/p>\n<p>Doppeldes Batterie Fach<br \/>\nerm\u00f6glicht 2 Akkus zubenutzen f\u00fcr l\u00e4ngere Laufzeit<\/p>\n<p>Motor<br \/>\nNettoleistung bei U\/min Energy: 1.5 kW<br \/>\nNettoleistung bei U\/min: 3000 U\/min<\/p>\n<p>M\u00e4hdeck<br \/>\nM\u00e4hmethoden: BioClip\u00ae<br \/>\nBioClip\u00ae Kit: Nicht erh\u00e4ltlich als Zubeh\u00f6r<br \/>\nArbeitsbreite: 48 cm<br \/>\nSchnitth\u00f6henstufen: 6<br \/>\nSchnitth\u00f6henverstellung: Zentral<br \/>\nSchnitth\u00f6he, max: 60 mm<br \/>\nSchnitth\u00f6he, min: 30 mm<\/p>\n<p>Antriebssystem<br \/>\nAntriebstyp: Schieben<br \/>\nAntriebsr\u00e4der: N\/A<br \/>\nVorw\u00e4rtsgeschwindigkeit, Min. \u2013 Max.: 0 km\/h-0 km\/h<\/p>\n<p>Ausstattung<br \/>\nFangboxart: None<br \/>\nFangbox: 0 l<br \/>\nHolmtyp: Straight handle<br \/>\nGriffh\u00f6heneinstellung: 2 Stufen<br \/>\nRad Kugellagerung vorne \/ hinten: Yes\/Yes<br \/>\nSoft Grip: Ja<br \/>\nSeitlich verstellbarer Griff: Ja<\/p>\n<p>Material<br \/>\nMaterial: Aluminium<br \/>\nFelgen, Material: Stahl<\/p>\n<p>Vibration<br \/>\nVibrationen am Holm: 0.3 m\/s\u00b2<\/p>\n<p>Ger\u00e4uschpegel<br \/>\nSchalldruckpegel am Ohr der Bedienperson: 80 dB(A)<br \/>\nSchallleistungspegel, gemessen: 93 dB(A)<br \/>\nSchallleistungspegel, LWA: 93 dB(A)<\/p>\n<p>Abmessungen<br \/>\nRadgr\u00f6\u00dfe, vorne \/ hinten Front: 208 mm<br \/>\nRadgr\u00f6\u00dfe, vorne \/ hinten Rear: 208 mm<br \/>\nGewicht: 31 kg<\/p>\n<p>&nbsp;<\/p>\n","protected":false},"excerpt":{"rendered":"<p>967977301 \u00a0 \u00a0 7392930283718<\/p>\n","protected":false},"featured_media":1517,"comment_status":"open","ping_status":"closed","template":"","meta":[],"product_brand":[],"product_cat":[271,111],"product_tag":[],"class_list":{"0":"post-1114","1":"product","2":"type-product","3":"status-publish","4":"has-post-thumbnail","6":"product_cat-gartengeraete-und-zubehoer","7":"product_cat-husqvarna-akku-gartengeraete","9":"first","10":"instock","11":"taxable","12":"shipping-taxable","13":"purchasable","14":"product-type-simple"},"yoast_head":"<!-- This site is optimized with the Yoast SEO plugin v27.4 - https:\/\/yoast.com\/product\/yoast-seo-wordpress\/ -->\n<title>Husqvarna Akku Rasenm\u00e4her LB548i Neu Professional Profi Ger\u00e4t - Shop MobileAkkuPower<\/title>\n<meta name=\"robots\" content=\"index, follow, max-snippet:-1, max-image-preview:large, max-video-preview:-1\" \/>\n<link rel=\"canonical\" href=\"https:\/\/www.mobileakkupower.de\/shop\/produkt\/husqvarna-akku-rasenmaeher-lb548i-neu-professional-profi-geraet\/\" \/>\n<meta property=\"og:locale\" content=\"de_DE\" \/>\n<meta property=\"og:type\" content=\"article\" \/>\n<meta property=\"og:title\" content=\"Husqvarna Akku Rasenm\u00e4her LB548i Neu Professional Profi Ger\u00e4t - Shop MobileAkkuPower\" \/>\n<meta property=\"og:description\" content=\"967977301 \u00a0 \u00a0 7392930283718\" \/>\n<meta property=\"og:url\" content=\"https:\/\/www.mobileakkupower.de\/shop\/produkt\/husqvarna-akku-rasenmaeher-lb548i-neu-professional-profi-geraet\/\" \/>\n<meta property=\"og:site_name\" content=\"Shop MobileAkkuPower\" \/>\n<meta property=\"article:publisher\" content=\"https:\/\/facebook.com\/derroboterladen\" \/>\n<meta property=\"article:modified_time\" content=\"2021-02-26T12:42:04+00:00\" \/>\n<meta property=\"og:image\" content=\"https:\/\/www.mobileakkupower.de\/shop\/wp-content\/uploads\/2020\/03\/967977301.png\" \/>\n\t<meta property=\"og:image:width\" content=\"300\" \/>\n\t<meta property=\"og:image:height\" content=\"300\" \/>\n\t<meta property=\"og:image:type\" content=\"image\/png\" \/>\n<meta name=\"twitter:card\" content=\"summary_large_image\" \/>\n<meta name=\"twitter:label1\" content=\"Gesch\u00e4tzte Lesezeit\" \/>\n\t<meta name=\"twitter:data1\" content=\"2\u00a0Minuten\" \/>\n<script type=\"application\/ld+json\" class=\"yoast-schema-graph\">{\"@context\":\"https:\\\/\\\/schema.org\",\"@graph\":[{\"@type\":\"WebPage\",\"@id\":\"https:\\\/\\\/www.mobileakkupower.de\\\/shop\\\/produkt\\\/husqvarna-akku-rasenmaeher-lb548i-neu-professional-profi-geraet\\\/\",\"url\":\"https:\\\/\\\/www.mobileakkupower.de\\\/shop\\\/produkt\\\/husqvarna-akku-rasenmaeher-lb548i-neu-professional-profi-geraet\\\/\",\"name\":\"Husqvarna Akku Rasenm\u00e4her LB548i Neu Professional Profi Ger\u00e4t - Shop MobileAkkuPower\",\"isPartOf\":{\"@id\":\"https:\\\/\\\/www.mobileakkupower.de\\\/shop\\\/#website\"},\"primaryImageOfPage\":{\"@id\":\"https:\\\/\\\/www.mobileakkupower.de\\\/shop\\\/produkt\\\/husqvarna-akku-rasenmaeher-lb548i-neu-professional-profi-geraet\\\/#primaryimage\"},\"image\":{\"@id\":\"https:\\\/\\\/www.mobileakkupower.de\\\/shop\\\/produkt\\\/husqvarna-akku-rasenmaeher-lb548i-neu-professional-profi-geraet\\\/#primaryimage\"},\"thumbnailUrl\":\"https:\\\/\\\/www.mobileakkupower.de\\\/shop\\\/wp-content\\\/uploads\\\/2020\\\/03\\\/967977301.png\",\"datePublished\":\"2020-03-31T20:11:19+00:00\",\"dateModified\":\"2021-02-26T12:42:04+00:00\",\"breadcrumb\":{\"@id\":\"https:\\\/\\\/www.mobileakkupower.de\\\/shop\\\/produkt\\\/husqvarna-akku-rasenmaeher-lb548i-neu-professional-profi-geraet\\\/#breadcrumb\"},\"inLanguage\":\"de\",\"potentialAction\":[{\"@type\":\"ReadAction\",\"target\":[\"https:\\\/\\\/www.mobileakkupower.de\\\/shop\\\/produkt\\\/husqvarna-akku-rasenmaeher-lb548i-neu-professional-profi-geraet\\\/\"]}]},{\"@type\":\"ImageObject\",\"inLanguage\":\"de\",\"@id\":\"https:\\\/\\\/www.mobileakkupower.de\\\/shop\\\/produkt\\\/husqvarna-akku-rasenmaeher-lb548i-neu-professional-profi-geraet\\\/#primaryimage\",\"url\":\"https:\\\/\\\/www.mobileakkupower.de\\\/shop\\\/wp-content\\\/uploads\\\/2020\\\/03\\\/967977301.png\",\"contentUrl\":\"https:\\\/\\\/www.mobileakkupower.de\\\/shop\\\/wp-content\\\/uploads\\\/2020\\\/03\\\/967977301.png\",\"width\":300,\"height\":300},{\"@type\":\"BreadcrumbList\",\"@id\":\"https:\\\/\\\/www.mobileakkupower.de\\\/shop\\\/produkt\\\/husqvarna-akku-rasenmaeher-lb548i-neu-professional-profi-geraet\\\/#breadcrumb\",\"itemListElement\":[{\"@type\":\"ListItem\",\"position\":1,\"name\":\"Startseite\",\"item\":\"https:\\\/\\\/www.mobileakkupower.de\\\/shop\\\/\"},{\"@type\":\"ListItem\",\"position\":2,\"name\":\"Shop\",\"item\":\"https:\\\/\\\/www.mobileakkupower.de\\\/shop\\\/shop\\\/\"},{\"@type\":\"ListItem\",\"position\":3,\"name\":\"Husqvarna Akku Rasenm\u00e4her LB548i Neu Professional Profi Ger\u00e4t\"}]},{\"@type\":\"WebSite\",\"@id\":\"https:\\\/\\\/www.mobileakkupower.de\\\/shop\\\/#website\",\"url\":\"https:\\\/\\\/www.mobileakkupower.de\\\/shop\\\/\",\"name\":\"Shop MobileAkkuPower\",\"description\":\"\",\"publisher\":{\"@id\":\"https:\\\/\\\/www.mobileakkupower.de\\\/shop\\\/#organization\"},\"potentialAction\":[{\"@type\":\"SearchAction\",\"target\":{\"@type\":\"EntryPoint\",\"urlTemplate\":\"https:\\\/\\\/www.mobileakkupower.de\\\/shop\\\/?s={search_term_string}\"},\"query-input\":{\"@type\":\"PropertyValueSpecification\",\"valueRequired\":true,\"valueName\":\"search_term_string\"}}],\"inLanguage\":\"de\"},{\"@type\":\"Organization\",\"@id\":\"https:\\\/\\\/www.mobileakkupower.de\\\/shop\\\/#organization\",\"name\":\"Shop MobileAkkuPower\",\"url\":\"https:\\\/\\\/www.mobileakkupower.de\\\/shop\\\/\",\"logo\":{\"@type\":\"ImageObject\",\"inLanguage\":\"de\",\"@id\":\"https:\\\/\\\/www.mobileakkupower.de\\\/shop\\\/#\\\/schema\\\/logo\\\/image\\\/\",\"url\":\"https:\\\/\\\/www.mobileakkupower.de\\\/shop\\\/wp-content\\\/uploads\\\/2019\\\/01\\\/cropped-logo-map.png\",\"contentUrl\":\"https:\\\/\\\/www.mobileakkupower.de\\\/shop\\\/wp-content\\\/uploads\\\/2019\\\/01\\\/cropped-logo-map.png\",\"width\":646,\"height\":114,\"caption\":\"Shop MobileAkkuPower\"},\"image\":{\"@id\":\"https:\\\/\\\/www.mobileakkupower.de\\\/shop\\\/#\\\/schema\\\/logo\\\/image\\\/\"},\"sameAs\":[\"https:\\\/\\\/facebook.com\\\/derroboterladen\"]}]}<\/script>\n<!-- \/ Yoast SEO plugin. -->","yoast_head_json":{"title":"Husqvarna Akku Rasenm\u00e4her LB548i Neu Professional Profi Ger\u00e4t - Shop MobileAkkuPower","robots":{"index":"index","follow":"follow","max-snippet":"max-snippet:-1","max-image-preview":"max-image-preview:large","max-video-preview":"max-video-preview:-1"},"canonical":"https:\/\/www.mobileakkupower.de\/shop\/produkt\/husqvarna-akku-rasenmaeher-lb548i-neu-professional-profi-geraet\/","og_locale":"de_DE","og_type":"article","og_title":"Husqvarna Akku Rasenm\u00e4her LB548i Neu Professional Profi Ger\u00e4t - Shop MobileAkkuPower","og_description":"967977301 \u00a0 \u00a0 7392930283718","og_url":"https:\/\/www.mobileakkupower.de\/shop\/produkt\/husqvarna-akku-rasenmaeher-lb548i-neu-professional-profi-geraet\/","og_site_name":"Shop MobileAkkuPower","article_publisher":"https:\/\/facebook.com\/derroboterladen","article_modified_time":"2021-02-26T12:42:04+00:00","og_image":[{"width":300,"height":300,"url":"https:\/\/www.mobileakkupower.de\/shop\/wp-content\/uploads\/2020\/03\/967977301.png","type":"image\/png"}],"twitter_card":"summary_large_image","twitter_misc":{"Gesch\u00e4tzte Lesezeit":"2\u00a0Minuten"},"schema":{"@context":"https:\/\/schema.org","@graph":[{"@type":"WebPage","@id":"https:\/\/www.mobileakkupower.de\/shop\/produkt\/husqvarna-akku-rasenmaeher-lb548i-neu-professional-profi-geraet\/","url":"https:\/\/www.mobileakkupower.de\/shop\/produkt\/husqvarna-akku-rasenmaeher-lb548i-neu-professional-profi-geraet\/","name":"Husqvarna Akku Rasenm\u00e4her LB548i Neu Professional Profi Ger\u00e4t - Shop MobileAkkuPower","isPartOf":{"@id":"https:\/\/www.mobileakkupower.de\/shop\/#website"},"primaryImageOfPage":{"@id":"https:\/\/www.mobileakkupower.de\/shop\/produkt\/husqvarna-akku-rasenmaeher-lb548i-neu-professional-profi-geraet\/#primaryimage"},"image":{"@id":"https:\/\/www.mobileakkupower.de\/shop\/produkt\/husqvarna-akku-rasenmaeher-lb548i-neu-professional-profi-geraet\/#primaryimage"},"thumbnailUrl":"https:\/\/www.mobileakkupower.de\/shop\/wp-content\/uploads\/2020\/03\/967977301.png","datePublished":"2020-03-31T20:11:19+00:00","dateModified":"2021-02-26T12:42:04+00:00","breadcrumb":{"@id":"https:\/\/www.mobileakkupower.de\/shop\/produkt\/husqvarna-akku-rasenmaeher-lb548i-neu-professional-profi-geraet\/#breadcrumb"},"inLanguage":"de","potentialAction":[{"@type":"ReadAction","target":["https:\/\/www.mobileakkupower.de\/shop\/produkt\/husqvarna-akku-rasenmaeher-lb548i-neu-professional-profi-geraet\/"]}]},{"@type":"ImageObject","inLanguage":"de","@id":"https:\/\/www.mobileakkupower.de\/shop\/produkt\/husqvarna-akku-rasenmaeher-lb548i-neu-professional-profi-geraet\/#primaryimage","url":"https:\/\/www.mobileakkupower.de\/shop\/wp-content\/uploads\/2020\/03\/967977301.png","contentUrl":"https:\/\/www.mobileakkupower.de\/shop\/wp-content\/uploads\/2020\/03\/967977301.png","width":300,"height":300},{"@type":"BreadcrumbList","@id":"https:\/\/www.mobileakkupower.de\/shop\/produkt\/husqvarna-akku-rasenmaeher-lb548i-neu-professional-profi-geraet\/#breadcrumb","itemListElement":[{"@type":"ListItem","position":1,"name":"Startseite","item":"https:\/\/www.mobileakkupower.de\/shop\/"},{"@type":"ListItem","position":2,"name":"Shop","item":"https:\/\/www.mobileakkupower.de\/shop\/shop\/"},{"@type":"ListItem","position":3,"name":"Husqvarna Akku Rasenm\u00e4her LB548i Neu Professional Profi Ger\u00e4t"}]},{"@type":"WebSite","@id":"https:\/\/www.mobileakkupower.de\/shop\/#website","url":"https:\/\/www.mobileakkupower.de\/shop\/","name":"Shop MobileAkkuPower","description":"","publisher":{"@id":"https:\/\/www.mobileakkupower.de\/shop\/#organization"},"potentialAction":[{"@type":"SearchAction","target":{"@type":"EntryPoint","urlTemplate":"https:\/\/www.mobileakkupower.de\/shop\/?s={search_term_string}"},"query-input":{"@type":"PropertyValueSpecification","valueRequired":true,"valueName":"search_term_string"}}],"inLanguage":"de"},{"@type":"Organization","@id":"https:\/\/www.mobileakkupower.de\/shop\/#organization","name":"Shop MobileAkkuPower","url":"https:\/\/www.mobileakkupower.de\/shop\/","logo":{"@type":"ImageObject","inLanguage":"de","@id":"https:\/\/www.mobileakkupower.de\/shop\/#\/schema\/logo\/image\/","url":"https:\/\/www.mobileakkupower.de\/shop\/wp-content\/uploads\/2019\/01\/cropped-logo-map.png","contentUrl":"https:\/\/www.mobileakkupower.de\/shop\/wp-content\/uploads\/2019\/01\/cropped-logo-map.png","width":646,"height":114,"caption":"Shop MobileAkkuPower"},"image":{"@id":"https:\/\/www.mobileakkupower.de\/shop\/#\/schema\/logo\/image\/"},"sameAs":["https:\/\/facebook.com\/derroboterladen"]}]}},"_links":{"self":[{"href":"https:\/\/www.mobileakkupower.de\/shop\/wp-json\/wp\/v2\/product\/1114","targetHints":{"allow":["GET"]}}],"collection":[{"href":"https:\/\/www.mobileakkupower.de\/shop\/wp-json\/wp\/v2\/product"}],"about":[{"href":"https:\/\/www.mobileakkupower.de\/shop\/wp-json\/wp\/v2\/types\/product"}],"replies":[{"embeddable":true,"href":"https:\/\/www.mobileakkupower.de\/shop\/wp-json\/wp\/v2\/comments?post=1114"}],"wp:featuredmedia":[{"embeddable":true,"href":"https:\/\/www.mobileakkupower.de\/shop\/wp-json\/wp\/v2\/media\/1517"}],"wp:attachment":[{"href":"https:\/\/www.mobileakkupower.de\/shop\/wp-json\/wp\/v2\/media?parent=1114"}],"wp:term":[{"taxonomy":"product_brand","embeddable":true,"href":"https:\/\/www.mobileakkupower.de\/shop\/wp-json\/wp\/v2\/product_brand?post=1114"},{"taxonomy":"product_cat","embeddable":true,"href":"https:\/\/www.mobileakkupower.de\/shop\/wp-json\/wp\/v2\/product_cat?post=1114"},{"taxonomy":"product_tag","embeddable":true,"href":"https:\/\/www.mobileakkupower.de\/shop\/wp-json\/wp\/v2\/product_tag?post=1114"}],"curies":[{"name":"wp","href":"https:\/\/api.w.org\/{rel}","templated":true}]}}