{"id":1118,"date":"2020-03-31T22:32:06","date_gmt":"2020-03-31T20:32:06","guid":{"rendered":"http:\/\/www.mobileakkupower.de\/shop\/?post_type=product&#038;p=1118"},"modified":"2021-02-26T13:28:35","modified_gmt":"2021-02-26T12:28:35","slug":"husqvarna-akku-heckenschere-520ihd60","status":"publish","type":"product","link":"https:\/\/www.mobileakkupower.de\/shop\/produkt\/husqvarna-akku-heckenschere-520ihd60\/","title":{"rendered":"Husqvarna Akku Heckenschere 520iHD60"},"content":{"rendered":"<p>Leichte, ger\u00e4uscharme Akku-Heckenschere f\u00fcr den gewerblichen Einsatz mit 60 cm langem doppelseitigem M\u00e4hbalken. Mit dem neuen Motor und dem leistungsstarken Akku k\u00f6nnen Sie Ihre Arbeitszeit maximieren. Der schwenkbare hintere Griff erleichtert das Schneiden sowohl vertikal als auch horizontal.<\/p>\n<p>Akku-Leistung: 36 V (Akku nicht im Lieferumfang)<br \/>\nMesserl\u00e4nge: 60 cm<\/p>\n<p>Lieferumfang:<br \/>\nGer\u00e4t wird ohne Akku und Ladekabel geliefert (Komplett Set gern auf Anfrage)<\/p>\n<p>&nbsp;<\/p>\n<p>MERKMALE<\/p>\n<p>Leise<br \/>\nDie Ger\u00e4uschwerte unserer Akku-Produkte liegen bis zu 13 dB(A) unter den von benzinbetriebenen Ger\u00e4ten. F\u00fcr den Anwender ein riesiger Unterschied \u2013 denn bereits eine Reduzierung von nur 3 dB(A) wird als Halbierung des L\u00e4rms empfunden. Der extrem leise Betrieb macht das Arbeiten f\u00fcr den Anwender deutlich angenehmer und auch Mitmenschen werden nicht durch lauten L\u00e4rm gest\u00f6rt.<\/p>\n<p>Geringer Wartungsaufwand<br \/>\nKein Benzin nachf\u00fcllen, wartungsarm und ein elektronisch gesteuertes Antriebssystem &#8211; all das reduziert Ausfallzeiten und senkt die Wartungskosten.<\/p>\n<p>Unterbrechungsfreies Arbeiten<br \/>\nUnser Akku-Zubeh\u00f6r g\u00f6nnt Ihnen keine Pause. Damit Sie Arbeiten so schnell und effizient wie m\u00f6glich erledigen k\u00f6nnen.<\/p>\n<p>Multipositionsgriff<br \/>\nDer hintere Griff kann in mehrere Positionen gebracht werden, um das Schneiden der Seiten und der Oberseite von Hecken zu erleichtern.<\/p>\n<p>Stark wie ein Benziner<br \/>\nDer 36V Li-Ionen Akku bietet Ihnen eine \u00e4hnlich hohe Leistung, verl\u00e4sslichen Betrieb und Lebensdauer wie ein benzinbetriebenes Gartenger\u00e4t \u2013 allerdings ohne direkte Emissionen. Mit einer Akkuladung bew\u00e4ltigen Sie dieselbe Arbeit wie mit einer Tankf\u00fcllung bei einem Benzin-Gartenger\u00e4t.<\/p>\n<p>Allwettergepr\u00fcft (IPX4)<br \/>\nDiese akku-betriebene Husqvarna Maschine erf\u00fcllt die IPX4-Klassifizierung f\u00fcr Regenfestigkeit. Dies macht es zu einem langlebigen und zuverl\u00e4ssigen Werkzeug, das das ganze Jahr \u00fcber bei allen Wetterbedingungen eingesetzt werden kann.<\/p>\n<p>Seitlicher Akkuschacht (Pat.pend.)<br \/>\nIntelligente Akku-Position, horizontal durch den Maschinenk\u00f6rper gelegt. Reduziert das Risiko, dass sich Schmutz, Sp\u00e4ne, Staub und Wasser im Batteriefach ansammeln und Verbindungsprobleme verursachen. Dies bedeutet auch, dass das Gewicht des Akkus im oder in der N\u00e4he des gew\u00fcnschten Schwerpunkts und in der Rotationsachse des Produkts platziert werden kann, was zu einer erh\u00f6hten Man\u00f6vrierf\u00e4higkeit f\u00fchrt. Das durchgehende Geh\u00e4usedesign bietet auch ein hohes Ma\u00df an Flexibilit\u00e4t, da Akkus in verschiedenen Gr\u00f6\u00dfen verwendet werden k\u00f6nnen.<\/p>\n<p>Ein Akku f\u00fcr alle Ger\u00e4te (Akku nicht im Lieferumfang)<br \/>\nUnser 36V Li-Ionen Akku wurde f\u00fcr eine professionelle und lang andauernde Nutzung entwickelt und passt in alle hangef\u00fchrten Husqvarna Forst- und Gartenger\u00e4te. Sie k\u00f6nnen also ein und denselben Akku f\u00fcr Ihre Husqvarna Akku-Motors\u00e4gen, Akku-Sensen oder Akku-Heckenschere verwenden.<\/p>\n<p>Intuitives Bedienpanel<br \/>\nIntuitives Bedienfeld &#8211; ganz einfach per Knopfdruck<\/p>\n<p>savE-Modus f\u00fcr maximale Laufzeit<br \/>\nW\u00e4hlen Sie je nach Bedingungen zwischen dem normalen oder dem savE-Modus, um die maximale Leistung oder die maximale Laufzeit zu erreichen. In jedem Fall erhalten Sie immer ein perfektes Ergebnis.<\/p>\n<p>leichtgewicht<br \/>\nGeringes Gesamtgewicht durch den leichten Elektromotor. Erreicht das gleiche Ergebnis wie mit einem benzinbetriebenen Ger\u00e4t.<\/p>\n<p>Optimale Gewichtsverteilung<br \/>\nHervorragende Balance erm\u00f6glicht einfache Handhabung.<\/p>\n<p>Schneidgeschwindigkeit<br \/>\nDie 4000 Schnitte pro Minute sorgen f\u00fcr hervorragende Schneidergebnisse.<\/p>\n<p>Technische Daten<\/p>\n<p>Kapazit\u00e4t<br \/>\nMessergeschwindigkeit: 4000 Schnitte\/min<\/p>\n<p>Ausstattung<br \/>\nMesserl\u00e4nge: 60 cm<br \/>\nMesserabstand: 32 mm<\/p>\n<p>Ausstattung<br \/>\nMesserl\u00e4nge: 60 cm<br \/>\nMesserabstand: 32 mm<\/p>\n<p>Vibration<br \/>\n\u00c4quivalenter Vibrationswert (ahv, eq) vorderer\/ hinterer Handgriff: 1.6 m\/s\u00b2<br \/>\nVibrationswert (ahv, eq), hinterer Handgriff: 2.5 m\/s\u00b2<\/p>\n<p>Abmessungen<br \/>\nGewicht ohne Akku: 3.8 kg<br \/>\nGewicht mit Akku: 5.1 kg<\/p>\n<p>Getriebe<br \/>\nGetriebe\u00fcbersetzung: 0.10<\/p>\n","protected":false},"excerpt":{"rendered":"<p>967915602 \u00a0 \u00a0 7391883947685<\/p>\n","protected":false},"featured_media":1512,"comment_status":"open","ping_status":"closed","template":"","meta":[],"product_brand":[],"product_cat":[271,111],"product_tag":[],"class_list":{"0":"post-1118","1":"product","2":"type-product","3":"status-publish","4":"has-post-thumbnail","6":"product_cat-gartengeraete-und-zubehoer","7":"product_cat-husqvarna-akku-gartengeraete","9":"first","10":"instock","11":"taxable","12":"shipping-taxable","13":"purchasable","14":"product-type-simple"},"yoast_head":"<!-- This site is optimized with the Yoast SEO plugin v27.4 - https:\/\/yoast.com\/product\/yoast-seo-wordpress\/ -->\n<title>Husqvarna Akku Heckenschere 520iHD60 - Shop MobileAkkuPower<\/title>\n<meta name=\"robots\" content=\"index, follow, max-snippet:-1, max-image-preview:large, max-video-preview:-1\" \/>\n<link rel=\"canonical\" href=\"https:\/\/www.mobileakkupower.de\/shop\/produkt\/husqvarna-akku-heckenschere-520ihd60\/\" \/>\n<meta property=\"og:locale\" content=\"de_DE\" \/>\n<meta property=\"og:type\" content=\"article\" \/>\n<meta property=\"og:title\" content=\"Husqvarna Akku Heckenschere 520iHD60 - Shop MobileAkkuPower\" \/>\n<meta property=\"og:description\" content=\"967915602 \u00a0 \u00a0 7391883947685\" \/>\n<meta property=\"og:url\" content=\"https:\/\/www.mobileakkupower.de\/shop\/produkt\/husqvarna-akku-heckenschere-520ihd60\/\" \/>\n<meta property=\"og:site_name\" content=\"Shop MobileAkkuPower\" \/>\n<meta property=\"article:publisher\" content=\"https:\/\/facebook.com\/derroboterladen\" \/>\n<meta property=\"article:modified_time\" content=\"2021-02-26T12:28:35+00:00\" \/>\n<meta property=\"og:image\" content=\"https:\/\/www.mobileakkupower.de\/shop\/wp-content\/uploads\/2020\/03\/967915602.png\" \/>\n\t<meta property=\"og:image:width\" content=\"300\" \/>\n\t<meta property=\"og:image:height\" content=\"300\" \/>\n\t<meta property=\"og:image:type\" content=\"image\/png\" \/>\n<meta name=\"twitter:card\" content=\"summary_large_image\" \/>\n<meta name=\"twitter:label1\" content=\"Gesch\u00e4tzte Lesezeit\" \/>\n\t<meta name=\"twitter:data1\" content=\"3\u00a0Minuten\" \/>\n<script type=\"application\/ld+json\" class=\"yoast-schema-graph\">{\"@context\":\"https:\\\/\\\/schema.org\",\"@graph\":[{\"@type\":\"WebPage\",\"@id\":\"https:\\\/\\\/www.mobileakkupower.de\\\/shop\\\/produkt\\\/husqvarna-akku-heckenschere-520ihd60\\\/\",\"url\":\"https:\\\/\\\/www.mobileakkupower.de\\\/shop\\\/produkt\\\/husqvarna-akku-heckenschere-520ihd60\\\/\",\"name\":\"Husqvarna Akku Heckenschere 520iHD60 - Shop MobileAkkuPower\",\"isPartOf\":{\"@id\":\"https:\\\/\\\/www.mobileakkupower.de\\\/shop\\\/#website\"},\"primaryImageOfPage\":{\"@id\":\"https:\\\/\\\/www.mobileakkupower.de\\\/shop\\\/produkt\\\/husqvarna-akku-heckenschere-520ihd60\\\/#primaryimage\"},\"image\":{\"@id\":\"https:\\\/\\\/www.mobileakkupower.de\\\/shop\\\/produkt\\\/husqvarna-akku-heckenschere-520ihd60\\\/#primaryimage\"},\"thumbnailUrl\":\"https:\\\/\\\/www.mobileakkupower.de\\\/shop\\\/wp-content\\\/uploads\\\/2020\\\/03\\\/967915602.png\",\"datePublished\":\"2020-03-31T20:32:06+00:00\",\"dateModified\":\"2021-02-26T12:28:35+00:00\",\"breadcrumb\":{\"@id\":\"https:\\\/\\\/www.mobileakkupower.de\\\/shop\\\/produkt\\\/husqvarna-akku-heckenschere-520ihd60\\\/#breadcrumb\"},\"inLanguage\":\"de\",\"potentialAction\":[{\"@type\":\"ReadAction\",\"target\":[\"https:\\\/\\\/www.mobileakkupower.de\\\/shop\\\/produkt\\\/husqvarna-akku-heckenschere-520ihd60\\\/\"]}]},{\"@type\":\"ImageObject\",\"inLanguage\":\"de\",\"@id\":\"https:\\\/\\\/www.mobileakkupower.de\\\/shop\\\/produkt\\\/husqvarna-akku-heckenschere-520ihd60\\\/#primaryimage\",\"url\":\"https:\\\/\\\/www.mobileakkupower.de\\\/shop\\\/wp-content\\\/uploads\\\/2020\\\/03\\\/967915602.png\",\"contentUrl\":\"https:\\\/\\\/www.mobileakkupower.de\\\/shop\\\/wp-content\\\/uploads\\\/2020\\\/03\\\/967915602.png\",\"width\":300,\"height\":300},{\"@type\":\"BreadcrumbList\",\"@id\":\"https:\\\/\\\/www.mobileakkupower.de\\\/shop\\\/produkt\\\/husqvarna-akku-heckenschere-520ihd60\\\/#breadcrumb\",\"itemListElement\":[{\"@type\":\"ListItem\",\"position\":1,\"name\":\"Startseite\",\"item\":\"https:\\\/\\\/www.mobileakkupower.de\\\/shop\\\/\"},{\"@type\":\"ListItem\",\"position\":2,\"name\":\"Shop\",\"item\":\"https:\\\/\\\/www.mobileakkupower.de\\\/shop\\\/shop\\\/\"},{\"@type\":\"ListItem\",\"position\":3,\"name\":\"Husqvarna Akku Heckenschere 520iHD60\"}]},{\"@type\":\"WebSite\",\"@id\":\"https:\\\/\\\/www.mobileakkupower.de\\\/shop\\\/#website\",\"url\":\"https:\\\/\\\/www.mobileakkupower.de\\\/shop\\\/\",\"name\":\"Shop MobileAkkuPower\",\"description\":\"\",\"publisher\":{\"@id\":\"https:\\\/\\\/www.mobileakkupower.de\\\/shop\\\/#organization\"},\"potentialAction\":[{\"@type\":\"SearchAction\",\"target\":{\"@type\":\"EntryPoint\",\"urlTemplate\":\"https:\\\/\\\/www.mobileakkupower.de\\\/shop\\\/?s={search_term_string}\"},\"query-input\":{\"@type\":\"PropertyValueSpecification\",\"valueRequired\":true,\"valueName\":\"search_term_string\"}}],\"inLanguage\":\"de\"},{\"@type\":\"Organization\",\"@id\":\"https:\\\/\\\/www.mobileakkupower.de\\\/shop\\\/#organization\",\"name\":\"Shop MobileAkkuPower\",\"url\":\"https:\\\/\\\/www.mobileakkupower.de\\\/shop\\\/\",\"logo\":{\"@type\":\"ImageObject\",\"inLanguage\":\"de\",\"@id\":\"https:\\\/\\\/www.mobileakkupower.de\\\/shop\\\/#\\\/schema\\\/logo\\\/image\\\/\",\"url\":\"https:\\\/\\\/www.mobileakkupower.de\\\/shop\\\/wp-content\\\/uploads\\\/2019\\\/01\\\/cropped-logo-map.png\",\"contentUrl\":\"https:\\\/\\\/www.mobileakkupower.de\\\/shop\\\/wp-content\\\/uploads\\\/2019\\\/01\\\/cropped-logo-map.png\",\"width\":646,\"height\":114,\"caption\":\"Shop MobileAkkuPower\"},\"image\":{\"@id\":\"https:\\\/\\\/www.mobileakkupower.de\\\/shop\\\/#\\\/schema\\\/logo\\\/image\\\/\"},\"sameAs\":[\"https:\\\/\\\/facebook.com\\\/derroboterladen\"]}]}<\/script>\n<!-- \/ Yoast SEO plugin. -->","yoast_head_json":{"title":"Husqvarna Akku Heckenschere 520iHD60 - Shop MobileAkkuPower","robots":{"index":"index","follow":"follow","max-snippet":"max-snippet:-1","max-image-preview":"max-image-preview:large","max-video-preview":"max-video-preview:-1"},"canonical":"https:\/\/www.mobileakkupower.de\/shop\/produkt\/husqvarna-akku-heckenschere-520ihd60\/","og_locale":"de_DE","og_type":"article","og_title":"Husqvarna Akku Heckenschere 520iHD60 - Shop MobileAkkuPower","og_description":"967915602 \u00a0 \u00a0 7391883947685","og_url":"https:\/\/www.mobileakkupower.de\/shop\/produkt\/husqvarna-akku-heckenschere-520ihd60\/","og_site_name":"Shop MobileAkkuPower","article_publisher":"https:\/\/facebook.com\/derroboterladen","article_modified_time":"2021-02-26T12:28:35+00:00","og_image":[{"width":300,"height":300,"url":"https:\/\/www.mobileakkupower.de\/shop\/wp-content\/uploads\/2020\/03\/967915602.png","type":"image\/png"}],"twitter_card":"summary_large_image","twitter_misc":{"Gesch\u00e4tzte Lesezeit":"3\u00a0Minuten"},"schema":{"@context":"https:\/\/schema.org","@graph":[{"@type":"WebPage","@id":"https:\/\/www.mobileakkupower.de\/shop\/produkt\/husqvarna-akku-heckenschere-520ihd60\/","url":"https:\/\/www.mobileakkupower.de\/shop\/produkt\/husqvarna-akku-heckenschere-520ihd60\/","name":"Husqvarna Akku Heckenschere 520iHD60 - Shop MobileAkkuPower","isPartOf":{"@id":"https:\/\/www.mobileakkupower.de\/shop\/#website"},"primaryImageOfPage":{"@id":"https:\/\/www.mobileakkupower.de\/shop\/produkt\/husqvarna-akku-heckenschere-520ihd60\/#primaryimage"},"image":{"@id":"https:\/\/www.mobileakkupower.de\/shop\/produkt\/husqvarna-akku-heckenschere-520ihd60\/#primaryimage"},"thumbnailUrl":"https:\/\/www.mobileakkupower.de\/shop\/wp-content\/uploads\/2020\/03\/967915602.png","datePublished":"2020-03-31T20:32:06+00:00","dateModified":"2021-02-26T12:28:35+00:00","breadcrumb":{"@id":"https:\/\/www.mobileakkupower.de\/shop\/produkt\/husqvarna-akku-heckenschere-520ihd60\/#breadcrumb"},"inLanguage":"de","potentialAction":[{"@type":"ReadAction","target":["https:\/\/www.mobileakkupower.de\/shop\/produkt\/husqvarna-akku-heckenschere-520ihd60\/"]}]},{"@type":"ImageObject","inLanguage":"de","@id":"https:\/\/www.mobileakkupower.de\/shop\/produkt\/husqvarna-akku-heckenschere-520ihd60\/#primaryimage","url":"https:\/\/www.mobileakkupower.de\/shop\/wp-content\/uploads\/2020\/03\/967915602.png","contentUrl":"https:\/\/www.mobileakkupower.de\/shop\/wp-content\/uploads\/2020\/03\/967915602.png","width":300,"height":300},{"@type":"BreadcrumbList","@id":"https:\/\/www.mobileakkupower.de\/shop\/produkt\/husqvarna-akku-heckenschere-520ihd60\/#breadcrumb","itemListElement":[{"@type":"ListItem","position":1,"name":"Startseite","item":"https:\/\/www.mobileakkupower.de\/shop\/"},{"@type":"ListItem","position":2,"name":"Shop","item":"https:\/\/www.mobileakkupower.de\/shop\/shop\/"},{"@type":"ListItem","position":3,"name":"Husqvarna Akku Heckenschere 520iHD60"}]},{"@type":"WebSite","@id":"https:\/\/www.mobileakkupower.de\/shop\/#website","url":"https:\/\/www.mobileakkupower.de\/shop\/","name":"Shop MobileAkkuPower","description":"","publisher":{"@id":"https:\/\/www.mobileakkupower.de\/shop\/#organization"},"potentialAction":[{"@type":"SearchAction","target":{"@type":"EntryPoint","urlTemplate":"https:\/\/www.mobileakkupower.de\/shop\/?s={search_term_string}"},"query-input":{"@type":"PropertyValueSpecification","valueRequired":true,"valueName":"search_term_string"}}],"inLanguage":"de"},{"@type":"Organization","@id":"https:\/\/www.mobileakkupower.de\/shop\/#organization","name":"Shop MobileAkkuPower","url":"https:\/\/www.mobileakkupower.de\/shop\/","logo":{"@type":"ImageObject","inLanguage":"de","@id":"https:\/\/www.mobileakkupower.de\/shop\/#\/schema\/logo\/image\/","url":"https:\/\/www.mobileakkupower.de\/shop\/wp-content\/uploads\/2019\/01\/cropped-logo-map.png","contentUrl":"https:\/\/www.mobileakkupower.de\/shop\/wp-content\/uploads\/2019\/01\/cropped-logo-map.png","width":646,"height":114,"caption":"Shop MobileAkkuPower"},"image":{"@id":"https:\/\/www.mobileakkupower.de\/shop\/#\/schema\/logo\/image\/"},"sameAs":["https:\/\/facebook.com\/derroboterladen"]}]}},"_links":{"self":[{"href":"https:\/\/www.mobileakkupower.de\/shop\/wp-json\/wp\/v2\/product\/1118","targetHints":{"allow":["GET"]}}],"collection":[{"href":"https:\/\/www.mobileakkupower.de\/shop\/wp-json\/wp\/v2\/product"}],"about":[{"href":"https:\/\/www.mobileakkupower.de\/shop\/wp-json\/wp\/v2\/types\/product"}],"replies":[{"embeddable":true,"href":"https:\/\/www.mobileakkupower.de\/shop\/wp-json\/wp\/v2\/comments?post=1118"}],"wp:featuredmedia":[{"embeddable":true,"href":"https:\/\/www.mobileakkupower.de\/shop\/wp-json\/wp\/v2\/media\/1512"}],"wp:attachment":[{"href":"https:\/\/www.mobileakkupower.de\/shop\/wp-json\/wp\/v2\/media?parent=1118"}],"wp:term":[{"taxonomy":"product_brand","embeddable":true,"href":"https:\/\/www.mobileakkupower.de\/shop\/wp-json\/wp\/v2\/product_brand?post=1118"},{"taxonomy":"product_cat","embeddable":true,"href":"https:\/\/www.mobileakkupower.de\/shop\/wp-json\/wp\/v2\/product_cat?post=1118"},{"taxonomy":"product_tag","embeddable":true,"href":"https:\/\/www.mobileakkupower.de\/shop\/wp-json\/wp\/v2\/product_tag?post=1118"}],"curies":[{"name":"wp","href":"https:\/\/api.w.org\/{rel}","templated":true}]}}