{"id":1121,"date":"2020-03-31T22:40:19","date_gmt":"2020-03-31T20:40:19","guid":{"rendered":"http:\/\/www.mobileakkupower.de\/shop\/?post_type=product&#038;p=1121"},"modified":"2021-02-26T13:51:48","modified_gmt":"2021-02-26T12:51:48","slug":"husqvarna-akku-rasenmaeher-lc347ivx-wie-lc347vli","status":"publish","type":"product","link":"https:\/\/www.mobileakkupower.de\/shop\/produkt\/husqvarna-akku-rasenmaeher-lc347ivx-wie-lc347vli\/","title":{"rendered":"Husqvarna Akku Rasenm\u00e4her LC347iVX (wie LC347VLi)"},"content":{"rendered":"<p>Akku-Rasenm\u00e4her mit vergr\u00f6\u00dferter Schnittbreite und zwei Akku-Steckpl\u00e4tzen, die mit allen Husqvarna Akkus kompatibel sind, f\u00fcr mehr Komfort, Wirtschaftlichkeit und Laufzeit. Ruhiger, effizienter rauchfreier Betrieb ohne direkte Emissionen. Das ergonomische Design umfasst eine leicht verst\u00e4ndliche Tastatur, einfache H\u00f6heneinstellung und einfaches Man\u00f6vrieren. Eigenantrieb f\u00fcr leichteres M\u00e4hen von mittelgro\u00dfen Rasenfl\u00e4chen. Die Bluetooth-Konnektivit\u00e4t bietet Benutzern Produktdaten sowie Informationen und erm\u00f6glicht einen effizienteren und effektiveren Service.<\/p>\n<p>Antriebstyp: Antrieb, variable Geschwindigkeit<\/p>\n<p>M\u00e4hmethoden: Sammeln \/ Mulchen \/ Heckauswurf<\/p>\n<p>Arbeitsbreite: 47 cm<\/p>\n<p>Lieferumfang:<br \/>\nGer\u00e4t wird ohne Akku und Ladekabel geliefert (Komplett Set gern auf Anfrage)<\/p>\n<p>MERKMALE<\/p>\n<p>Doppelte Batterief\u00e4cher<br \/>\nKontinuierlicher Betrieb mit zwei Batterien bedeutet l\u00e4ngere Laufzeit und effizienteres M\u00e4hen<\/p>\n<p>Intuitives Tastenfeld<br \/>\nDie Tastatur ist sehr einfach zu bedienen. Alle ben\u00f6tigen Informationen finden Sie an einem Ort<\/p>\n<p>Fangkorb mit Staubschutz<br \/>\nEine saubere Sache: Selbst kleinste Staubpartikel bleiben im Fangsack und treten nicht aus.<\/p>\n<p>Husqvarna Connect<br \/>\nMit der intelligenten Husqvarna Connect-App haben Sie Zugriff auf Tipps, Handb\u00fccher und Empfehlungen f\u00fcr Ersatzteile. Die App bietet auch zus\u00e4tzliche Informationen wie z. B. Laufzeit und Ladezustand sowie Wartung und Service-Bedarfe.<\/p>\n<p>Leiser Betrieb<br \/>\nDer niedrige Ger\u00e4uschpegel bietet eine angenehme Arbeitssituation und geringe St\u00f6rungen f\u00fcr andere.<\/p>\n<p>Einfache H\u00f6henanpassung<br \/>\nDie Griffh\u00f6he kann auf zwei unterschiedliche H\u00f6hen eingestellt werden.<\/p>\n<p>Hebegriff vorne und hinten<br \/>\nHebegriffe vorne und hinten erm\u00f6glichen ein einfaches Einladen bzw. Tragen.<\/p>\n<p>Kabelloses Arbeiten<br \/>\nMit Husqvarna Akkuprodukten erreichen Sie das gleiche Ergebnis wie mit vergleichbaren benzinbetriebenen Ger\u00e4ten. Sie sind dabei leise und schadstoffarm. Starten Sie ganz einfach das Ger\u00e4t und beginnen Sie mit der Arbeit. Der kraftvolle Li-on Akku ist f\u00fcr seine Zuverl\u00e4ssigkeit und Langlebigkeit bekannt.<br \/>\nDie Husqvarna Akku-Familie ist ideal f\u00fcr den erfahrenen Anwender.<\/p>\n<p>savE-Modus f\u00fcr maximale Laufzeit<br \/>\nW\u00e4hlen Sie je nach Bedingungen zwischen dem normalen oder dem savE-Modus, um die maximale Leistung oder die maximale Laufzeit zu erreichen. In jedem Fall erhalten Sie immer ein perfektes Ergebnis.<\/p>\n<p>Ergonomische Griffstange<br \/>\nErgonomischer Winkel des Lenkers in Kombination mit leicht zu erreichenden B\u00fcgelarmen macht die Bedienung einfach.<\/p>\n<p>Variable Antriebsgeschwindigkeit<br \/>\nDie Antriebsgeschwindigkeit l\u00e4sst sich ganz einfach an Ihre Bed\u00fcrfnisse und die Beschaffenheit des Rasens anpassen.<\/p>\n<p>Leicht faltbare Griffstange<br \/>\nFalten Sie einfach den Griff, um den Platzbedarf f\u00fcr Lagerung und Transport zu minimieren.<\/p>\n<p>Doppelt kugelgelagerte R\u00e4der<br \/>\nSorgen f\u00fcr einen leichteren Lauf und sind sehr langlebig.<\/p>\n<p>BioClip Kit als Zubeh\u00f6r erh\u00e4ltlich<br \/>\nSomit k\u00f6nnen Sie Ihren M\u00e4her zum Mulchen einsetzen. Das Gras wird also klein geschnitten und d\u00fcngt den stehenden Rasen.<\/p>\n<p>Technische Daten<\/p>\n<p>Motor<br \/>\nNettoleistung bei U\/min Energy: 0.75 kW<br \/>\nNettoleistung bei U\/min: 3000 U\/min<\/p>\n<p>M\u00e4hdeck<br \/>\nM\u00e4hmethoden: Sammeln \/ Mulchen \/ Heckauswurf<br \/>\nBioClip Kit: Als Zubeh\u00f6r erh\u00e4ltlich<br \/>\nArbeitsbreite: 47 cm<br \/>\nSchnitth\u00f6henstufen: 6<br \/>\nSchnitth\u00f6henverstellung: Zentral<br \/>\nSchnitth\u00f6he, max: 75 mm<br \/>\nSchnitth\u00f6he, min: 20 mm<\/p>\n<p>Antriebssystem<br \/>\nAntriebstyp: Antrieb, variable Geschwindigkeit<br \/>\nAntriebsr\u00e4der: Hinten<br \/>\nVorw\u00e4rtsgeschwindigkeit, Min. \u2013 Max.: 3.0 km\/h-4.5<\/p>\n<p>Ausstattung<br \/>\nFangboxart: Stoff mit Staubschutz<br \/>\nFangbox: 55 l<br \/>\nHolmtyp: Ergonomisch<br \/>\nGriffh\u00f6heneinstellung: 2 Stufen<br \/>\nRad Kugellagerung vorne \/ hinten: Yes\/Yes<br \/>\nZusammenklappbarer Holm: Ja<br \/>\nSoft Grip: Ja<br \/>\nSeitlich verstellbarer Griff: Nein<br \/>\nGashebel: Nein<\/p>\n<p>Abmessungen<br \/>\nRadgr\u00f6\u00dfe, vorne \/ hinten Front: 170 mm<br \/>\nRadgr\u00f6\u00dfe, vorne \/ hinten Rear: 210 mm<br \/>\nGewicht: 26 kg<\/p>\n<p>Material<br \/>\nMaterial: Gemisch<br \/>\nFelgen, Material: Plastik<\/p>\n<p>Ger\u00e4uschpegel<br \/>\nSchalldruckpegel am Ohr der Bedienperson: 79 dB(A)<br \/>\nSchallleistungspegel, gemessen: 92 dB(A)<br \/>\nSchallleistungspegel, LWA: 93 dB(A)<\/p>\n<p>Vibration<br \/>\nVibrationen am Holm: 0.42 m\/s\u00b2<\/p>\n","protected":false},"excerpt":{"rendered":"<p>967862301 \u00a0 \u00a0 7391736617789<\/p>\n","protected":false},"featured_media":1520,"comment_status":"open","ping_status":"closed","template":"","meta":[],"product_brand":[],"product_cat":[271,111],"product_tag":[],"class_list":{"0":"post-1121","1":"product","2":"type-product","3":"status-publish","4":"has-post-thumbnail","6":"product_cat-gartengeraete-und-zubehoer","7":"product_cat-husqvarna-akku-gartengeraete","9":"first","10":"instock","11":"taxable","12":"shipping-taxable","13":"purchasable","14":"product-type-simple"},"yoast_head":"<!-- This site is optimized with the Yoast SEO plugin v27.4 - https:\/\/yoast.com\/product\/yoast-seo-wordpress\/ -->\n<title>Husqvarna Akku Rasenm\u00e4her LC347iVX (wie LC347VLi) - Shop MobileAkkuPower<\/title>\n<meta name=\"robots\" content=\"index, follow, max-snippet:-1, max-image-preview:large, max-video-preview:-1\" \/>\n<link rel=\"canonical\" href=\"https:\/\/www.mobileakkupower.de\/shop\/produkt\/husqvarna-akku-rasenmaeher-lc347ivx-wie-lc347vli\/\" \/>\n<meta property=\"og:locale\" content=\"de_DE\" \/>\n<meta property=\"og:type\" content=\"article\" \/>\n<meta property=\"og:title\" content=\"Husqvarna Akku Rasenm\u00e4her LC347iVX (wie LC347VLi) - Shop MobileAkkuPower\" \/>\n<meta property=\"og:description\" content=\"967862301 \u00a0 \u00a0 7391736617789\" \/>\n<meta property=\"og:url\" content=\"https:\/\/www.mobileakkupower.de\/shop\/produkt\/husqvarna-akku-rasenmaeher-lc347ivx-wie-lc347vli\/\" \/>\n<meta property=\"og:site_name\" content=\"Shop MobileAkkuPower\" \/>\n<meta property=\"article:publisher\" content=\"https:\/\/facebook.com\/derroboterladen\" \/>\n<meta property=\"article:modified_time\" content=\"2021-02-26T12:51:48+00:00\" \/>\n<meta property=\"og:image\" content=\"https:\/\/www.mobileakkupower.de\/shop\/wp-content\/uploads\/2020\/03\/967862301.png\" \/>\n\t<meta property=\"og:image:width\" content=\"300\" \/>\n\t<meta property=\"og:image:height\" content=\"300\" \/>\n\t<meta property=\"og:image:type\" content=\"image\/png\" \/>\n<meta name=\"twitter:card\" content=\"summary_large_image\" \/>\n<meta name=\"twitter:label1\" content=\"Gesch\u00e4tzte Lesezeit\" \/>\n\t<meta name=\"twitter:data1\" content=\"3\u00a0Minuten\" \/>\n<script type=\"application\/ld+json\" class=\"yoast-schema-graph\">{\"@context\":\"https:\\\/\\\/schema.org\",\"@graph\":[{\"@type\":\"WebPage\",\"@id\":\"https:\\\/\\\/www.mobileakkupower.de\\\/shop\\\/produkt\\\/husqvarna-akku-rasenmaeher-lc347ivx-wie-lc347vli\\\/\",\"url\":\"https:\\\/\\\/www.mobileakkupower.de\\\/shop\\\/produkt\\\/husqvarna-akku-rasenmaeher-lc347ivx-wie-lc347vli\\\/\",\"name\":\"Husqvarna Akku Rasenm\u00e4her LC347iVX (wie LC347VLi) - Shop MobileAkkuPower\",\"isPartOf\":{\"@id\":\"https:\\\/\\\/www.mobileakkupower.de\\\/shop\\\/#website\"},\"primaryImageOfPage\":{\"@id\":\"https:\\\/\\\/www.mobileakkupower.de\\\/shop\\\/produkt\\\/husqvarna-akku-rasenmaeher-lc347ivx-wie-lc347vli\\\/#primaryimage\"},\"image\":{\"@id\":\"https:\\\/\\\/www.mobileakkupower.de\\\/shop\\\/produkt\\\/husqvarna-akku-rasenmaeher-lc347ivx-wie-lc347vli\\\/#primaryimage\"},\"thumbnailUrl\":\"https:\\\/\\\/www.mobileakkupower.de\\\/shop\\\/wp-content\\\/uploads\\\/2020\\\/03\\\/967862301.png\",\"datePublished\":\"2020-03-31T20:40:19+00:00\",\"dateModified\":\"2021-02-26T12:51:48+00:00\",\"breadcrumb\":{\"@id\":\"https:\\\/\\\/www.mobileakkupower.de\\\/shop\\\/produkt\\\/husqvarna-akku-rasenmaeher-lc347ivx-wie-lc347vli\\\/#breadcrumb\"},\"inLanguage\":\"de\",\"potentialAction\":[{\"@type\":\"ReadAction\",\"target\":[\"https:\\\/\\\/www.mobileakkupower.de\\\/shop\\\/produkt\\\/husqvarna-akku-rasenmaeher-lc347ivx-wie-lc347vli\\\/\"]}]},{\"@type\":\"ImageObject\",\"inLanguage\":\"de\",\"@id\":\"https:\\\/\\\/www.mobileakkupower.de\\\/shop\\\/produkt\\\/husqvarna-akku-rasenmaeher-lc347ivx-wie-lc347vli\\\/#primaryimage\",\"url\":\"https:\\\/\\\/www.mobileakkupower.de\\\/shop\\\/wp-content\\\/uploads\\\/2020\\\/03\\\/967862301.png\",\"contentUrl\":\"https:\\\/\\\/www.mobileakkupower.de\\\/shop\\\/wp-content\\\/uploads\\\/2020\\\/03\\\/967862301.png\",\"width\":300,\"height\":300},{\"@type\":\"BreadcrumbList\",\"@id\":\"https:\\\/\\\/www.mobileakkupower.de\\\/shop\\\/produkt\\\/husqvarna-akku-rasenmaeher-lc347ivx-wie-lc347vli\\\/#breadcrumb\",\"itemListElement\":[{\"@type\":\"ListItem\",\"position\":1,\"name\":\"Startseite\",\"item\":\"https:\\\/\\\/www.mobileakkupower.de\\\/shop\\\/\"},{\"@type\":\"ListItem\",\"position\":2,\"name\":\"Shop\",\"item\":\"https:\\\/\\\/www.mobileakkupower.de\\\/shop\\\/shop\\\/\"},{\"@type\":\"ListItem\",\"position\":3,\"name\":\"Husqvarna Akku Rasenm\u00e4her LC347iVX (wie LC347VLi)\"}]},{\"@type\":\"WebSite\",\"@id\":\"https:\\\/\\\/www.mobileakkupower.de\\\/shop\\\/#website\",\"url\":\"https:\\\/\\\/www.mobileakkupower.de\\\/shop\\\/\",\"name\":\"Shop MobileAkkuPower\",\"description\":\"\",\"publisher\":{\"@id\":\"https:\\\/\\\/www.mobileakkupower.de\\\/shop\\\/#organization\"},\"potentialAction\":[{\"@type\":\"SearchAction\",\"target\":{\"@type\":\"EntryPoint\",\"urlTemplate\":\"https:\\\/\\\/www.mobileakkupower.de\\\/shop\\\/?s={search_term_string}\"},\"query-input\":{\"@type\":\"PropertyValueSpecification\",\"valueRequired\":true,\"valueName\":\"search_term_string\"}}],\"inLanguage\":\"de\"},{\"@type\":\"Organization\",\"@id\":\"https:\\\/\\\/www.mobileakkupower.de\\\/shop\\\/#organization\",\"name\":\"Shop MobileAkkuPower\",\"url\":\"https:\\\/\\\/www.mobileakkupower.de\\\/shop\\\/\",\"logo\":{\"@type\":\"ImageObject\",\"inLanguage\":\"de\",\"@id\":\"https:\\\/\\\/www.mobileakkupower.de\\\/shop\\\/#\\\/schema\\\/logo\\\/image\\\/\",\"url\":\"https:\\\/\\\/www.mobileakkupower.de\\\/shop\\\/wp-content\\\/uploads\\\/2019\\\/01\\\/cropped-logo-map.png\",\"contentUrl\":\"https:\\\/\\\/www.mobileakkupower.de\\\/shop\\\/wp-content\\\/uploads\\\/2019\\\/01\\\/cropped-logo-map.png\",\"width\":646,\"height\":114,\"caption\":\"Shop MobileAkkuPower\"},\"image\":{\"@id\":\"https:\\\/\\\/www.mobileakkupower.de\\\/shop\\\/#\\\/schema\\\/logo\\\/image\\\/\"},\"sameAs\":[\"https:\\\/\\\/facebook.com\\\/derroboterladen\"]}]}<\/script>\n<!-- \/ Yoast SEO plugin. -->","yoast_head_json":{"title":"Husqvarna Akku Rasenm\u00e4her LC347iVX (wie LC347VLi) - Shop MobileAkkuPower","robots":{"index":"index","follow":"follow","max-snippet":"max-snippet:-1","max-image-preview":"max-image-preview:large","max-video-preview":"max-video-preview:-1"},"canonical":"https:\/\/www.mobileakkupower.de\/shop\/produkt\/husqvarna-akku-rasenmaeher-lc347ivx-wie-lc347vli\/","og_locale":"de_DE","og_type":"article","og_title":"Husqvarna Akku Rasenm\u00e4her LC347iVX (wie LC347VLi) - Shop MobileAkkuPower","og_description":"967862301 \u00a0 \u00a0 7391736617789","og_url":"https:\/\/www.mobileakkupower.de\/shop\/produkt\/husqvarna-akku-rasenmaeher-lc347ivx-wie-lc347vli\/","og_site_name":"Shop MobileAkkuPower","article_publisher":"https:\/\/facebook.com\/derroboterladen","article_modified_time":"2021-02-26T12:51:48+00:00","og_image":[{"width":300,"height":300,"url":"https:\/\/www.mobileakkupower.de\/shop\/wp-content\/uploads\/2020\/03\/967862301.png","type":"image\/png"}],"twitter_card":"summary_large_image","twitter_misc":{"Gesch\u00e4tzte Lesezeit":"3\u00a0Minuten"},"schema":{"@context":"https:\/\/schema.org","@graph":[{"@type":"WebPage","@id":"https:\/\/www.mobileakkupower.de\/shop\/produkt\/husqvarna-akku-rasenmaeher-lc347ivx-wie-lc347vli\/","url":"https:\/\/www.mobileakkupower.de\/shop\/produkt\/husqvarna-akku-rasenmaeher-lc347ivx-wie-lc347vli\/","name":"Husqvarna Akku Rasenm\u00e4her LC347iVX (wie LC347VLi) - Shop MobileAkkuPower","isPartOf":{"@id":"https:\/\/www.mobileakkupower.de\/shop\/#website"},"primaryImageOfPage":{"@id":"https:\/\/www.mobileakkupower.de\/shop\/produkt\/husqvarna-akku-rasenmaeher-lc347ivx-wie-lc347vli\/#primaryimage"},"image":{"@id":"https:\/\/www.mobileakkupower.de\/shop\/produkt\/husqvarna-akku-rasenmaeher-lc347ivx-wie-lc347vli\/#primaryimage"},"thumbnailUrl":"https:\/\/www.mobileakkupower.de\/shop\/wp-content\/uploads\/2020\/03\/967862301.png","datePublished":"2020-03-31T20:40:19+00:00","dateModified":"2021-02-26T12:51:48+00:00","breadcrumb":{"@id":"https:\/\/www.mobileakkupower.de\/shop\/produkt\/husqvarna-akku-rasenmaeher-lc347ivx-wie-lc347vli\/#breadcrumb"},"inLanguage":"de","potentialAction":[{"@type":"ReadAction","target":["https:\/\/www.mobileakkupower.de\/shop\/produkt\/husqvarna-akku-rasenmaeher-lc347ivx-wie-lc347vli\/"]}]},{"@type":"ImageObject","inLanguage":"de","@id":"https:\/\/www.mobileakkupower.de\/shop\/produkt\/husqvarna-akku-rasenmaeher-lc347ivx-wie-lc347vli\/#primaryimage","url":"https:\/\/www.mobileakkupower.de\/shop\/wp-content\/uploads\/2020\/03\/967862301.png","contentUrl":"https:\/\/www.mobileakkupower.de\/shop\/wp-content\/uploads\/2020\/03\/967862301.png","width":300,"height":300},{"@type":"BreadcrumbList","@id":"https:\/\/www.mobileakkupower.de\/shop\/produkt\/husqvarna-akku-rasenmaeher-lc347ivx-wie-lc347vli\/#breadcrumb","itemListElement":[{"@type":"ListItem","position":1,"name":"Startseite","item":"https:\/\/www.mobileakkupower.de\/shop\/"},{"@type":"ListItem","position":2,"name":"Shop","item":"https:\/\/www.mobileakkupower.de\/shop\/shop\/"},{"@type":"ListItem","position":3,"name":"Husqvarna Akku Rasenm\u00e4her LC347iVX (wie LC347VLi)"}]},{"@type":"WebSite","@id":"https:\/\/www.mobileakkupower.de\/shop\/#website","url":"https:\/\/www.mobileakkupower.de\/shop\/","name":"Shop MobileAkkuPower","description":"","publisher":{"@id":"https:\/\/www.mobileakkupower.de\/shop\/#organization"},"potentialAction":[{"@type":"SearchAction","target":{"@type":"EntryPoint","urlTemplate":"https:\/\/www.mobileakkupower.de\/shop\/?s={search_term_string}"},"query-input":{"@type":"PropertyValueSpecification","valueRequired":true,"valueName":"search_term_string"}}],"inLanguage":"de"},{"@type":"Organization","@id":"https:\/\/www.mobileakkupower.de\/shop\/#organization","name":"Shop MobileAkkuPower","url":"https:\/\/www.mobileakkupower.de\/shop\/","logo":{"@type":"ImageObject","inLanguage":"de","@id":"https:\/\/www.mobileakkupower.de\/shop\/#\/schema\/logo\/image\/","url":"https:\/\/www.mobileakkupower.de\/shop\/wp-content\/uploads\/2019\/01\/cropped-logo-map.png","contentUrl":"https:\/\/www.mobileakkupower.de\/shop\/wp-content\/uploads\/2019\/01\/cropped-logo-map.png","width":646,"height":114,"caption":"Shop MobileAkkuPower"},"image":{"@id":"https:\/\/www.mobileakkupower.de\/shop\/#\/schema\/logo\/image\/"},"sameAs":["https:\/\/facebook.com\/derroboterladen"]}]}},"_links":{"self":[{"href":"https:\/\/www.mobileakkupower.de\/shop\/wp-json\/wp\/v2\/product\/1121","targetHints":{"allow":["GET"]}}],"collection":[{"href":"https:\/\/www.mobileakkupower.de\/shop\/wp-json\/wp\/v2\/product"}],"about":[{"href":"https:\/\/www.mobileakkupower.de\/shop\/wp-json\/wp\/v2\/types\/product"}],"replies":[{"embeddable":true,"href":"https:\/\/www.mobileakkupower.de\/shop\/wp-json\/wp\/v2\/comments?post=1121"}],"wp:featuredmedia":[{"embeddable":true,"href":"https:\/\/www.mobileakkupower.de\/shop\/wp-json\/wp\/v2\/media\/1520"}],"wp:attachment":[{"href":"https:\/\/www.mobileakkupower.de\/shop\/wp-json\/wp\/v2\/media?parent=1121"}],"wp:term":[{"taxonomy":"product_brand","embeddable":true,"href":"https:\/\/www.mobileakkupower.de\/shop\/wp-json\/wp\/v2\/product_brand?post=1121"},{"taxonomy":"product_cat","embeddable":true,"href":"https:\/\/www.mobileakkupower.de\/shop\/wp-json\/wp\/v2\/product_cat?post=1121"},{"taxonomy":"product_tag","embeddable":true,"href":"https:\/\/www.mobileakkupower.de\/shop\/wp-json\/wp\/v2\/product_tag?post=1121"}],"curies":[{"name":"wp","href":"https:\/\/api.w.org\/{rel}","templated":true}]}}