{"id":1223,"date":"2020-04-19T22:16:45","date_gmt":"2020-04-19T20:16:45","guid":{"rendered":"http:\/\/www.mobileakkupower.de\/shop\/?post_type=product&#038;p=1223"},"modified":"2022-08-02T17:26:43","modified_gmt":"2022-08-02T15:26:43","slug":"husqvarna-akku-vertikutierer-s138i-inkl-akku-bli20-und-ladegeraet-qc80","status":"publish","type":"product","link":"https:\/\/www.mobileakkupower.de\/shop\/produkt\/husqvarna-akku-vertikutierer-s138i-inkl-akku-bli20-und-ladegeraet-qc80\/","title":{"rendered":"Husqvarna Akku Vertikutierer S138i inkl. Akku BLi20 und Ladeger\u00e4t QC80"},"content":{"rendered":"<p>Ein leichter akkubetriebener Vertikutierer mit 2-in-1-Funktion und einfachem Klingenwechsel. Die leicht einstellbare Arbeitstiefe entfernt zusammen mit einem leistungsstarken Motor das verfilzte Stroh und Moos effizient vom Rasen. 38 cm Arbeitsbreite und zwei Akkuf\u00e4cher f\u00fcr l\u00e4ngere Laufzeit. Das kompakte Design und der klappbare Griff erleichtern den Transport und die Aufbewahrung.<\/p>\n<p>EAN:<br \/>\nHersteller-Artikelnummer: 967922202<\/p>\n<p>Lieferumfang:<\/p>\n<p>Ger\u00e4t mit\u00a0 Akku BLi20 und Netzteil QC80 (andere Zusammenstellung auf Anfrage)<\/p>\n<p>Intuitives Bedienfeld<br \/>\nDas Bedienfeld ist sehr einfach zu bedienen. Alle ben\u00f6tigten Informationen an einem Ort<\/p>\n<p>Ergonomischer Handgriff<br \/>\nDie ergonomische Neigung des Lenkers in Kombination mit den leicht erreichbaren B\u00fcgelarmen erleichtert die Bedienung.<\/p>\n<p>Leicht faltbarer Handgriff<br \/>\nKlappen Sie den Griff leicht zusammen, um Platz f\u00fcr die Lagerung und Transport zu sparen<\/p>\n<p>Zentrale Arbeitsh\u00f6heneinstellung<br \/>\nSchnelle und einfache Einstellung der Arbeitsh\u00f6he. Ein Hebel steuert das gesamte Deck.<\/p>\n<p>savE-Modus f\u00fcr maximale Laufzeit<br \/>\nW\u00e4hlen Sie je nach Bedingungen zwischen dem normalen oder dem savE-Modus, um die maximale Leistung oder die maximale Laufzeit zu erreichen. In jedem Fall erhalten Sie immer ein perfektes Ergebnis.<\/p>\n<p>2-in-1-Umschaltung zwischen Moosrechen und Vertikutierer<\/p>\n","protected":false},"excerpt":{"rendered":"<p>Ein leichter akkubetriebener Vertikutierer mit 2-in-1-Funktion und einfachem Klingenwechsel. Die leicht einstellbare Arbeitstiefe entfernt zusammen mit einem leistungsstarken Motor das verfilzte Stroh und Moos effizient vom Rasen. 38 cm Arbeitsbreite und zwei Akkuf\u00e4cher f\u00fcr l\u00e4ngere Laufzeit. Das kompakte Design und der klappbare Griff erleichtern den Transport und die Aufbewahrung. EAN: Hersteller-Artikelnummer: 967922202 Lieferumfang: Ger\u00e4t mit\u00a0 [&hellip;]<\/p>\n","protected":false},"featured_media":1749,"comment_status":"open","ping_status":"closed","template":"","meta":[],"product_brand":[],"product_cat":[111],"product_tag":[],"class_list":{"0":"post-1223","1":"product","2":"type-product","3":"status-publish","4":"has-post-thumbnail","6":"product_cat-husqvarna-akku-gartengeraete","8":"first","9":"instock","10":"taxable","11":"shipping-taxable","12":"purchasable","13":"product-type-simple"},"yoast_head":"<!-- This site is optimized with the Yoast SEO plugin v27.4 - https:\/\/yoast.com\/product\/yoast-seo-wordpress\/ -->\n<title>Husqvarna Akku Vertikutierer S138i inkl. Akku BLi20 und Ladeger\u00e4t QC80 - Shop MobileAkkuPower<\/title>\n<meta name=\"robots\" content=\"index, follow, max-snippet:-1, max-image-preview:large, max-video-preview:-1\" \/>\n<link rel=\"canonical\" href=\"https:\/\/www.mobileakkupower.de\/shop\/produkt\/husqvarna-akku-vertikutierer-s138i-inkl-akku-bli20-und-ladegeraet-qc80\/\" \/>\n<meta property=\"og:locale\" content=\"de_DE\" \/>\n<meta property=\"og:type\" content=\"article\" \/>\n<meta property=\"og:title\" content=\"Husqvarna Akku Vertikutierer S138i inkl. Akku BLi20 und Ladeger\u00e4t QC80 - Shop MobileAkkuPower\" \/>\n<meta property=\"og:description\" content=\"Ein leichter akkubetriebener Vertikutierer mit 2-in-1-Funktion und einfachem Klingenwechsel. Die leicht einstellbare Arbeitstiefe entfernt zusammen mit einem leistungsstarken Motor das verfilzte Stroh und Moos effizient vom Rasen. 38 cm Arbeitsbreite und zwei Akkuf\u00e4cher f\u00fcr l\u00e4ngere Laufzeit. Das kompakte Design und der klappbare Griff erleichtern den Transport und die Aufbewahrung. EAN: Hersteller-Artikelnummer: 967922202 Lieferumfang: Ger\u00e4t mit\u00a0 [&hellip;]\" \/>\n<meta property=\"og:url\" content=\"https:\/\/www.mobileakkupower.de\/shop\/produkt\/husqvarna-akku-vertikutierer-s138i-inkl-akku-bli20-und-ladegeraet-qc80\/\" \/>\n<meta property=\"og:site_name\" content=\"Shop MobileAkkuPower\" \/>\n<meta property=\"article:publisher\" content=\"https:\/\/facebook.com\/derroboterladen\" \/>\n<meta property=\"article:modified_time\" content=\"2022-08-02T15:26:43+00:00\" \/>\n<meta property=\"og:image\" content=\"http:\/\/www.mobileakkupower.de\/shop\/wp-content\/uploads\/2020\/03\/s138.png\" \/>\n\t<meta property=\"og:image:width\" content=\"300\" \/>\n\t<meta property=\"og:image:height\" content=\"300\" \/>\n\t<meta property=\"og:image:type\" content=\"image\/png\" \/>\n<meta name=\"twitter:card\" content=\"summary_large_image\" \/>\n<meta name=\"twitter:label1\" content=\"Gesch\u00e4tzte Lesezeit\" \/>\n\t<meta name=\"twitter:data1\" content=\"1\u00a0Minute\" \/>\n<script type=\"application\/ld+json\" class=\"yoast-schema-graph\">{\"@context\":\"https:\\\/\\\/schema.org\",\"@graph\":[{\"@type\":\"WebPage\",\"@id\":\"https:\\\/\\\/www.mobileakkupower.de\\\/shop\\\/produkt\\\/husqvarna-akku-vertikutierer-s138i-inkl-akku-bli20-und-ladegeraet-qc80\\\/\",\"url\":\"https:\\\/\\\/www.mobileakkupower.de\\\/shop\\\/produkt\\\/husqvarna-akku-vertikutierer-s138i-inkl-akku-bli20-und-ladegeraet-qc80\\\/\",\"name\":\"Husqvarna Akku Vertikutierer S138i inkl. Akku BLi20 und Ladeger\u00e4t QC80 - Shop MobileAkkuPower\",\"isPartOf\":{\"@id\":\"https:\\\/\\\/www.mobileakkupower.de\\\/shop\\\/#website\"},\"primaryImageOfPage\":{\"@id\":\"https:\\\/\\\/www.mobileakkupower.de\\\/shop\\\/produkt\\\/husqvarna-akku-vertikutierer-s138i-inkl-akku-bli20-und-ladegeraet-qc80\\\/#primaryimage\"},\"image\":{\"@id\":\"https:\\\/\\\/www.mobileakkupower.de\\\/shop\\\/produkt\\\/husqvarna-akku-vertikutierer-s138i-inkl-akku-bli20-und-ladegeraet-qc80\\\/#primaryimage\"},\"thumbnailUrl\":\"https:\\\/\\\/www.mobileakkupower.de\\\/shop\\\/wp-content\\\/uploads\\\/2020\\\/03\\\/s138.png\",\"datePublished\":\"2020-04-19T20:16:45+00:00\",\"dateModified\":\"2022-08-02T15:26:43+00:00\",\"breadcrumb\":{\"@id\":\"https:\\\/\\\/www.mobileakkupower.de\\\/shop\\\/produkt\\\/husqvarna-akku-vertikutierer-s138i-inkl-akku-bli20-und-ladegeraet-qc80\\\/#breadcrumb\"},\"inLanguage\":\"de\",\"potentialAction\":[{\"@type\":\"ReadAction\",\"target\":[\"https:\\\/\\\/www.mobileakkupower.de\\\/shop\\\/produkt\\\/husqvarna-akku-vertikutierer-s138i-inkl-akku-bli20-und-ladegeraet-qc80\\\/\"]}]},{\"@type\":\"ImageObject\",\"inLanguage\":\"de\",\"@id\":\"https:\\\/\\\/www.mobileakkupower.de\\\/shop\\\/produkt\\\/husqvarna-akku-vertikutierer-s138i-inkl-akku-bli20-und-ladegeraet-qc80\\\/#primaryimage\",\"url\":\"https:\\\/\\\/www.mobileakkupower.de\\\/shop\\\/wp-content\\\/uploads\\\/2020\\\/03\\\/s138.png\",\"contentUrl\":\"https:\\\/\\\/www.mobileakkupower.de\\\/shop\\\/wp-content\\\/uploads\\\/2020\\\/03\\\/s138.png\",\"width\":300,\"height\":300},{\"@type\":\"BreadcrumbList\",\"@id\":\"https:\\\/\\\/www.mobileakkupower.de\\\/shop\\\/produkt\\\/husqvarna-akku-vertikutierer-s138i-inkl-akku-bli20-und-ladegeraet-qc80\\\/#breadcrumb\",\"itemListElement\":[{\"@type\":\"ListItem\",\"position\":1,\"name\":\"Startseite\",\"item\":\"https:\\\/\\\/www.mobileakkupower.de\\\/shop\\\/\"},{\"@type\":\"ListItem\",\"position\":2,\"name\":\"Shop\",\"item\":\"https:\\\/\\\/www.mobileakkupower.de\\\/shop\\\/shop\\\/\"},{\"@type\":\"ListItem\",\"position\":3,\"name\":\"Husqvarna Akku Vertikutierer S138i inkl. Akku BLi20 und Ladeger\u00e4t QC80\"}]},{\"@type\":\"WebSite\",\"@id\":\"https:\\\/\\\/www.mobileakkupower.de\\\/shop\\\/#website\",\"url\":\"https:\\\/\\\/www.mobileakkupower.de\\\/shop\\\/\",\"name\":\"Shop MobileAkkuPower\",\"description\":\"\",\"publisher\":{\"@id\":\"https:\\\/\\\/www.mobileakkupower.de\\\/shop\\\/#organization\"},\"potentialAction\":[{\"@type\":\"SearchAction\",\"target\":{\"@type\":\"EntryPoint\",\"urlTemplate\":\"https:\\\/\\\/www.mobileakkupower.de\\\/shop\\\/?s={search_term_string}\"},\"query-input\":{\"@type\":\"PropertyValueSpecification\",\"valueRequired\":true,\"valueName\":\"search_term_string\"}}],\"inLanguage\":\"de\"},{\"@type\":\"Organization\",\"@id\":\"https:\\\/\\\/www.mobileakkupower.de\\\/shop\\\/#organization\",\"name\":\"Shop MobileAkkuPower\",\"url\":\"https:\\\/\\\/www.mobileakkupower.de\\\/shop\\\/\",\"logo\":{\"@type\":\"ImageObject\",\"inLanguage\":\"de\",\"@id\":\"https:\\\/\\\/www.mobileakkupower.de\\\/shop\\\/#\\\/schema\\\/logo\\\/image\\\/\",\"url\":\"https:\\\/\\\/www.mobileakkupower.de\\\/shop\\\/wp-content\\\/uploads\\\/2019\\\/01\\\/cropped-logo-map.png\",\"contentUrl\":\"https:\\\/\\\/www.mobileakkupower.de\\\/shop\\\/wp-content\\\/uploads\\\/2019\\\/01\\\/cropped-logo-map.png\",\"width\":646,\"height\":114,\"caption\":\"Shop MobileAkkuPower\"},\"image\":{\"@id\":\"https:\\\/\\\/www.mobileakkupower.de\\\/shop\\\/#\\\/schema\\\/logo\\\/image\\\/\"},\"sameAs\":[\"https:\\\/\\\/facebook.com\\\/derroboterladen\"]}]}<\/script>\n<!-- \/ Yoast SEO plugin. -->","yoast_head_json":{"title":"Husqvarna Akku Vertikutierer S138i inkl. Akku BLi20 und Ladeger\u00e4t QC80 - Shop MobileAkkuPower","robots":{"index":"index","follow":"follow","max-snippet":"max-snippet:-1","max-image-preview":"max-image-preview:large","max-video-preview":"max-video-preview:-1"},"canonical":"https:\/\/www.mobileakkupower.de\/shop\/produkt\/husqvarna-akku-vertikutierer-s138i-inkl-akku-bli20-und-ladegeraet-qc80\/","og_locale":"de_DE","og_type":"article","og_title":"Husqvarna Akku Vertikutierer S138i inkl. Akku BLi20 und Ladeger\u00e4t QC80 - Shop MobileAkkuPower","og_description":"Ein leichter akkubetriebener Vertikutierer mit 2-in-1-Funktion und einfachem Klingenwechsel. Die leicht einstellbare Arbeitstiefe entfernt zusammen mit einem leistungsstarken Motor das verfilzte Stroh und Moos effizient vom Rasen. 38 cm Arbeitsbreite und zwei Akkuf\u00e4cher f\u00fcr l\u00e4ngere Laufzeit. Das kompakte Design und der klappbare Griff erleichtern den Transport und die Aufbewahrung. EAN: Hersteller-Artikelnummer: 967922202 Lieferumfang: Ger\u00e4t mit\u00a0 [&hellip;]","og_url":"https:\/\/www.mobileakkupower.de\/shop\/produkt\/husqvarna-akku-vertikutierer-s138i-inkl-akku-bli20-und-ladegeraet-qc80\/","og_site_name":"Shop MobileAkkuPower","article_publisher":"https:\/\/facebook.com\/derroboterladen","article_modified_time":"2022-08-02T15:26:43+00:00","og_image":[{"width":300,"height":300,"url":"http:\/\/www.mobileakkupower.de\/shop\/wp-content\/uploads\/2020\/03\/s138.png","type":"image\/png"}],"twitter_card":"summary_large_image","twitter_misc":{"Gesch\u00e4tzte Lesezeit":"1\u00a0Minute"},"schema":{"@context":"https:\/\/schema.org","@graph":[{"@type":"WebPage","@id":"https:\/\/www.mobileakkupower.de\/shop\/produkt\/husqvarna-akku-vertikutierer-s138i-inkl-akku-bli20-und-ladegeraet-qc80\/","url":"https:\/\/www.mobileakkupower.de\/shop\/produkt\/husqvarna-akku-vertikutierer-s138i-inkl-akku-bli20-und-ladegeraet-qc80\/","name":"Husqvarna Akku Vertikutierer S138i inkl. Akku BLi20 und Ladeger\u00e4t QC80 - Shop MobileAkkuPower","isPartOf":{"@id":"https:\/\/www.mobileakkupower.de\/shop\/#website"},"primaryImageOfPage":{"@id":"https:\/\/www.mobileakkupower.de\/shop\/produkt\/husqvarna-akku-vertikutierer-s138i-inkl-akku-bli20-und-ladegeraet-qc80\/#primaryimage"},"image":{"@id":"https:\/\/www.mobileakkupower.de\/shop\/produkt\/husqvarna-akku-vertikutierer-s138i-inkl-akku-bli20-und-ladegeraet-qc80\/#primaryimage"},"thumbnailUrl":"https:\/\/www.mobileakkupower.de\/shop\/wp-content\/uploads\/2020\/03\/s138.png","datePublished":"2020-04-19T20:16:45+00:00","dateModified":"2022-08-02T15:26:43+00:00","breadcrumb":{"@id":"https:\/\/www.mobileakkupower.de\/shop\/produkt\/husqvarna-akku-vertikutierer-s138i-inkl-akku-bli20-und-ladegeraet-qc80\/#breadcrumb"},"inLanguage":"de","potentialAction":[{"@type":"ReadAction","target":["https:\/\/www.mobileakkupower.de\/shop\/produkt\/husqvarna-akku-vertikutierer-s138i-inkl-akku-bli20-und-ladegeraet-qc80\/"]}]},{"@type":"ImageObject","inLanguage":"de","@id":"https:\/\/www.mobileakkupower.de\/shop\/produkt\/husqvarna-akku-vertikutierer-s138i-inkl-akku-bli20-und-ladegeraet-qc80\/#primaryimage","url":"https:\/\/www.mobileakkupower.de\/shop\/wp-content\/uploads\/2020\/03\/s138.png","contentUrl":"https:\/\/www.mobileakkupower.de\/shop\/wp-content\/uploads\/2020\/03\/s138.png","width":300,"height":300},{"@type":"BreadcrumbList","@id":"https:\/\/www.mobileakkupower.de\/shop\/produkt\/husqvarna-akku-vertikutierer-s138i-inkl-akku-bli20-und-ladegeraet-qc80\/#breadcrumb","itemListElement":[{"@type":"ListItem","position":1,"name":"Startseite","item":"https:\/\/www.mobileakkupower.de\/shop\/"},{"@type":"ListItem","position":2,"name":"Shop","item":"https:\/\/www.mobileakkupower.de\/shop\/shop\/"},{"@type":"ListItem","position":3,"name":"Husqvarna Akku Vertikutierer S138i inkl. Akku BLi20 und Ladeger\u00e4t QC80"}]},{"@type":"WebSite","@id":"https:\/\/www.mobileakkupower.de\/shop\/#website","url":"https:\/\/www.mobileakkupower.de\/shop\/","name":"Shop MobileAkkuPower","description":"","publisher":{"@id":"https:\/\/www.mobileakkupower.de\/shop\/#organization"},"potentialAction":[{"@type":"SearchAction","target":{"@type":"EntryPoint","urlTemplate":"https:\/\/www.mobileakkupower.de\/shop\/?s={search_term_string}"},"query-input":{"@type":"PropertyValueSpecification","valueRequired":true,"valueName":"search_term_string"}}],"inLanguage":"de"},{"@type":"Organization","@id":"https:\/\/www.mobileakkupower.de\/shop\/#organization","name":"Shop MobileAkkuPower","url":"https:\/\/www.mobileakkupower.de\/shop\/","logo":{"@type":"ImageObject","inLanguage":"de","@id":"https:\/\/www.mobileakkupower.de\/shop\/#\/schema\/logo\/image\/","url":"https:\/\/www.mobileakkupower.de\/shop\/wp-content\/uploads\/2019\/01\/cropped-logo-map.png","contentUrl":"https:\/\/www.mobileakkupower.de\/shop\/wp-content\/uploads\/2019\/01\/cropped-logo-map.png","width":646,"height":114,"caption":"Shop MobileAkkuPower"},"image":{"@id":"https:\/\/www.mobileakkupower.de\/shop\/#\/schema\/logo\/image\/"},"sameAs":["https:\/\/facebook.com\/derroboterladen"]}]}},"_links":{"self":[{"href":"https:\/\/www.mobileakkupower.de\/shop\/wp-json\/wp\/v2\/product\/1223","targetHints":{"allow":["GET"]}}],"collection":[{"href":"https:\/\/www.mobileakkupower.de\/shop\/wp-json\/wp\/v2\/product"}],"about":[{"href":"https:\/\/www.mobileakkupower.de\/shop\/wp-json\/wp\/v2\/types\/product"}],"replies":[{"embeddable":true,"href":"https:\/\/www.mobileakkupower.de\/shop\/wp-json\/wp\/v2\/comments?post=1223"}],"wp:featuredmedia":[{"embeddable":true,"href":"https:\/\/www.mobileakkupower.de\/shop\/wp-json\/wp\/v2\/media\/1749"}],"wp:attachment":[{"href":"https:\/\/www.mobileakkupower.de\/shop\/wp-json\/wp\/v2\/media?parent=1223"}],"wp:term":[{"taxonomy":"product_brand","embeddable":true,"href":"https:\/\/www.mobileakkupower.de\/shop\/wp-json\/wp\/v2\/product_brand?post=1223"},{"taxonomy":"product_cat","embeddable":true,"href":"https:\/\/www.mobileakkupower.de\/shop\/wp-json\/wp\/v2\/product_cat?post=1223"},{"taxonomy":"product_tag","embeddable":true,"href":"https:\/\/www.mobileakkupower.de\/shop\/wp-json\/wp\/v2\/product_tag?post=1223"}],"curies":[{"name":"wp","href":"https:\/\/api.w.org\/{rel}","templated":true}]}}