{"id":1320,"date":"2020-07-09T17:43:46","date_gmt":"2020-07-09T15:43:46","guid":{"rendered":"http:\/\/www.mobileakkupower.de\/shop\/?post_type=product&#038;p=1320"},"modified":"2020-07-31T11:29:10","modified_gmt":"2020-07-31T09:29:10","slug":"horwin-cr6-elektromotorrad","status":"publish","type":"product","link":"https:\/\/www.mobileakkupower.de\/shop\/produkt\/horwin-cr6-elektromotorrad\/","title":{"rendered":"Horwin CR6 Wei\u00df Elektromotorrad"},"content":{"rendered":"<p>DER NEUE CR6 &amp; CR6 PRO<\/p>\n<p>Starten Sie in eine neue \u00c4ra der E-Mobilit\u00e4t<\/p>\n<p>Atemberaubend. Inspirierend. Revolution\u00e4r. Oder einfach fantastisch. Nenn es, wie du willst. Die neuen CR6 &amp; CR6 PRO sind auf dem neuesten Stand der Technik, wenn es um E-Mobilit\u00e4t geht. Nach vielen Jahren der Entwicklung und Zusammenarbeit mit Big Playern aus aller Welt ist nun endlich ein Elektromotorrad entstanden. Es wird Sie definitiv begeistern \u2013 ohne Kompromisse, denn erst nach 150 Kilometern Fahrt wird geladen und auch die Leistung kommt nicht zu kurz. Mit einer Beschleunigung in nur 6 Sekunden von 0\u201360 km\/h und einer H\u00f6chstgeschwindigkeit von bis zu 105 km\/h (CR6 PRO) ist dieses Fahrzeug in jeder Hinsicht revolution\u00e4r.<\/p>\n","protected":false},"excerpt":{"rendered":"<p>DER NEUE CR6 &amp; CR6 PRO Starten Sie in eine neue \u00c4ra der E-Mobilit\u00e4t Atemberaubend. Inspirierend. Revolution\u00e4r. Oder einfach fantastisch. Nenn es, wie du willst. Die neuen CR6 &amp; CR6 PRO sind auf dem neuesten Stand der Technik, wenn es um E-Mobilit\u00e4t geht. Nach vielen Jahren der Entwicklung und Zusammenarbeit mit Big Playern aus aller [&hellip;]<\/p>\n","protected":false},"featured_media":1345,"comment_status":"open","ping_status":"closed","template":"","meta":[],"product_brand":[],"product_cat":[39],"product_tag":[227],"class_list":{"0":"post-1320","1":"product","2":"type-product","3":"status-publish","4":"has-post-thumbnail","6":"product_cat-elektromopeds-mit-strassenzulassung","7":"product_tag-horwin-cr6","8":"product_shipping_class-spedition","10":"first","11":"instock","12":"taxable","13":"shipping-taxable","14":"purchasable","15":"product-type-simple"},"yoast_head":"<!-- This site is optimized with the Yoast SEO plugin v27.5 - https:\/\/yoast.com\/product\/yoast-seo-wordpress\/ -->\n<title>Horwin CR6 Wei\u00df Elektromotorrad - Shop MobileAkkuPower<\/title>\n<meta name=\"robots\" content=\"index, follow, max-snippet:-1, max-image-preview:large, max-video-preview:-1\" \/>\n<link rel=\"canonical\" href=\"https:\/\/www.mobileakkupower.de\/shop\/produkt\/horwin-cr6-elektromotorrad\/\" \/>\n<meta property=\"og:locale\" content=\"de_DE\" \/>\n<meta property=\"og:type\" content=\"article\" \/>\n<meta property=\"og:title\" content=\"Horwin CR6 Wei\u00df Elektromotorrad - Shop MobileAkkuPower\" \/>\n<meta property=\"og:description\" content=\"DER NEUE CR6 &amp; CR6 PRO Starten Sie in eine neue \u00c4ra der E-Mobilit\u00e4t Atemberaubend. Inspirierend. Revolution\u00e4r. Oder einfach fantastisch. Nenn es, wie du willst. Die neuen CR6 &amp; CR6 PRO sind auf dem neuesten Stand der Technik, wenn es um E-Mobilit\u00e4t geht. Nach vielen Jahren der Entwicklung und Zusammenarbeit mit Big Playern aus aller [&hellip;]\" \/>\n<meta property=\"og:url\" content=\"https:\/\/www.mobileakkupower.de\/shop\/produkt\/horwin-cr6-elektromotorrad\/\" \/>\n<meta property=\"og:site_name\" content=\"Shop MobileAkkuPower\" \/>\n<meta property=\"article:publisher\" content=\"https:\/\/facebook.com\/derroboterladen\" \/>\n<meta property=\"article:modified_time\" content=\"2020-07-31T09:29:10+00:00\" \/>\n<meta property=\"og:image\" content=\"https:\/\/www.mobileakkupower.de\/shop\/wp-content\/uploads\/2020\/07\/Horwin_CR6_7-1.png\" \/>\n\t<meta property=\"og:image:width\" content=\"833\" \/>\n\t<meta property=\"og:image:height\" content=\"647\" \/>\n\t<meta property=\"og:image:type\" content=\"image\/png\" \/>\n<meta name=\"twitter:card\" content=\"summary_large_image\" \/>\n<meta name=\"twitter:label1\" content=\"Gesch\u00e4tzte Lesezeit\" \/>\n\t<meta name=\"twitter:data1\" content=\"1\u00a0Minute\" \/>\n<script type=\"application\/ld+json\" class=\"yoast-schema-graph\">{\"@context\":\"https:\\\/\\\/schema.org\",\"@graph\":[{\"@type\":\"WebPage\",\"@id\":\"https:\\\/\\\/www.mobileakkupower.de\\\/shop\\\/produkt\\\/horwin-cr6-elektromotorrad\\\/\",\"url\":\"https:\\\/\\\/www.mobileakkupower.de\\\/shop\\\/produkt\\\/horwin-cr6-elektromotorrad\\\/\",\"name\":\"Horwin CR6 Wei\u00df Elektromotorrad - Shop MobileAkkuPower\",\"isPartOf\":{\"@id\":\"https:\\\/\\\/www.mobileakkupower.de\\\/shop\\\/#website\"},\"primaryImageOfPage\":{\"@id\":\"https:\\\/\\\/www.mobileakkupower.de\\\/shop\\\/produkt\\\/horwin-cr6-elektromotorrad\\\/#primaryimage\"},\"image\":{\"@id\":\"https:\\\/\\\/www.mobileakkupower.de\\\/shop\\\/produkt\\\/horwin-cr6-elektromotorrad\\\/#primaryimage\"},\"thumbnailUrl\":\"https:\\\/\\\/www.mobileakkupower.de\\\/shop\\\/wp-content\\\/uploads\\\/2020\\\/07\\\/Horwin_CR6_7-1.png\",\"datePublished\":\"2020-07-09T15:43:46+00:00\",\"dateModified\":\"2020-07-31T09:29:10+00:00\",\"breadcrumb\":{\"@id\":\"https:\\\/\\\/www.mobileakkupower.de\\\/shop\\\/produkt\\\/horwin-cr6-elektromotorrad\\\/#breadcrumb\"},\"inLanguage\":\"de\",\"potentialAction\":[{\"@type\":\"ReadAction\",\"target\":[\"https:\\\/\\\/www.mobileakkupower.de\\\/shop\\\/produkt\\\/horwin-cr6-elektromotorrad\\\/\"]}]},{\"@type\":\"ImageObject\",\"inLanguage\":\"de\",\"@id\":\"https:\\\/\\\/www.mobileakkupower.de\\\/shop\\\/produkt\\\/horwin-cr6-elektromotorrad\\\/#primaryimage\",\"url\":\"https:\\\/\\\/www.mobileakkupower.de\\\/shop\\\/wp-content\\\/uploads\\\/2020\\\/07\\\/Horwin_CR6_7-1.png\",\"contentUrl\":\"https:\\\/\\\/www.mobileakkupower.de\\\/shop\\\/wp-content\\\/uploads\\\/2020\\\/07\\\/Horwin_CR6_7-1.png\",\"width\":833,\"height\":647},{\"@type\":\"BreadcrumbList\",\"@id\":\"https:\\\/\\\/www.mobileakkupower.de\\\/shop\\\/produkt\\\/horwin-cr6-elektromotorrad\\\/#breadcrumb\",\"itemListElement\":[{\"@type\":\"ListItem\",\"position\":1,\"name\":\"Startseite\",\"item\":\"https:\\\/\\\/www.mobileakkupower.de\\\/shop\\\/\"},{\"@type\":\"ListItem\",\"position\":2,\"name\":\"Shop\",\"item\":\"https:\\\/\\\/www.mobileakkupower.de\\\/shop\\\/shop\\\/\"},{\"@type\":\"ListItem\",\"position\":3,\"name\":\"Horwin CR6 Wei\u00df Elektromotorrad\"}]},{\"@type\":\"WebSite\",\"@id\":\"https:\\\/\\\/www.mobileakkupower.de\\\/shop\\\/#website\",\"url\":\"https:\\\/\\\/www.mobileakkupower.de\\\/shop\\\/\",\"name\":\"Shop MobileAkkuPower\",\"description\":\"\",\"publisher\":{\"@id\":\"https:\\\/\\\/www.mobileakkupower.de\\\/shop\\\/#organization\"},\"potentialAction\":[{\"@type\":\"SearchAction\",\"target\":{\"@type\":\"EntryPoint\",\"urlTemplate\":\"https:\\\/\\\/www.mobileakkupower.de\\\/shop\\\/?s={search_term_string}\"},\"query-input\":{\"@type\":\"PropertyValueSpecification\",\"valueRequired\":true,\"valueName\":\"search_term_string\"}}],\"inLanguage\":\"de\"},{\"@type\":\"Organization\",\"@id\":\"https:\\\/\\\/www.mobileakkupower.de\\\/shop\\\/#organization\",\"name\":\"Shop MobileAkkuPower\",\"url\":\"https:\\\/\\\/www.mobileakkupower.de\\\/shop\\\/\",\"logo\":{\"@type\":\"ImageObject\",\"inLanguage\":\"de\",\"@id\":\"https:\\\/\\\/www.mobileakkupower.de\\\/shop\\\/#\\\/schema\\\/logo\\\/image\\\/\",\"url\":\"https:\\\/\\\/www.mobileakkupower.de\\\/shop\\\/wp-content\\\/uploads\\\/2019\\\/01\\\/cropped-logo-map.png\",\"contentUrl\":\"https:\\\/\\\/www.mobileakkupower.de\\\/shop\\\/wp-content\\\/uploads\\\/2019\\\/01\\\/cropped-logo-map.png\",\"width\":646,\"height\":114,\"caption\":\"Shop MobileAkkuPower\"},\"image\":{\"@id\":\"https:\\\/\\\/www.mobileakkupower.de\\\/shop\\\/#\\\/schema\\\/logo\\\/image\\\/\"},\"sameAs\":[\"https:\\\/\\\/facebook.com\\\/derroboterladen\"]}]}<\/script>\n<!-- \/ Yoast SEO plugin. -->","yoast_head_json":{"title":"Horwin CR6 Wei\u00df Elektromotorrad - Shop MobileAkkuPower","robots":{"index":"index","follow":"follow","max-snippet":"max-snippet:-1","max-image-preview":"max-image-preview:large","max-video-preview":"max-video-preview:-1"},"canonical":"https:\/\/www.mobileakkupower.de\/shop\/produkt\/horwin-cr6-elektromotorrad\/","og_locale":"de_DE","og_type":"article","og_title":"Horwin CR6 Wei\u00df Elektromotorrad - Shop MobileAkkuPower","og_description":"DER NEUE CR6 &amp; CR6 PRO Starten Sie in eine neue \u00c4ra der E-Mobilit\u00e4t Atemberaubend. Inspirierend. Revolution\u00e4r. Oder einfach fantastisch. Nenn es, wie du willst. Die neuen CR6 &amp; CR6 PRO sind auf dem neuesten Stand der Technik, wenn es um E-Mobilit\u00e4t geht. Nach vielen Jahren der Entwicklung und Zusammenarbeit mit Big Playern aus aller [&hellip;]","og_url":"https:\/\/www.mobileakkupower.de\/shop\/produkt\/horwin-cr6-elektromotorrad\/","og_site_name":"Shop MobileAkkuPower","article_publisher":"https:\/\/facebook.com\/derroboterladen","article_modified_time":"2020-07-31T09:29:10+00:00","og_image":[{"width":833,"height":647,"url":"https:\/\/www.mobileakkupower.de\/shop\/wp-content\/uploads\/2020\/07\/Horwin_CR6_7-1.png","type":"image\/png"}],"twitter_card":"summary_large_image","twitter_misc":{"Gesch\u00e4tzte Lesezeit":"1\u00a0Minute"},"schema":{"@context":"https:\/\/schema.org","@graph":[{"@type":"WebPage","@id":"https:\/\/www.mobileakkupower.de\/shop\/produkt\/horwin-cr6-elektromotorrad\/","url":"https:\/\/www.mobileakkupower.de\/shop\/produkt\/horwin-cr6-elektromotorrad\/","name":"Horwin CR6 Wei\u00df Elektromotorrad - Shop MobileAkkuPower","isPartOf":{"@id":"https:\/\/www.mobileakkupower.de\/shop\/#website"},"primaryImageOfPage":{"@id":"https:\/\/www.mobileakkupower.de\/shop\/produkt\/horwin-cr6-elektromotorrad\/#primaryimage"},"image":{"@id":"https:\/\/www.mobileakkupower.de\/shop\/produkt\/horwin-cr6-elektromotorrad\/#primaryimage"},"thumbnailUrl":"https:\/\/www.mobileakkupower.de\/shop\/wp-content\/uploads\/2020\/07\/Horwin_CR6_7-1.png","datePublished":"2020-07-09T15:43:46+00:00","dateModified":"2020-07-31T09:29:10+00:00","breadcrumb":{"@id":"https:\/\/www.mobileakkupower.de\/shop\/produkt\/horwin-cr6-elektromotorrad\/#breadcrumb"},"inLanguage":"de","potentialAction":[{"@type":"ReadAction","target":["https:\/\/www.mobileakkupower.de\/shop\/produkt\/horwin-cr6-elektromotorrad\/"]}]},{"@type":"ImageObject","inLanguage":"de","@id":"https:\/\/www.mobileakkupower.de\/shop\/produkt\/horwin-cr6-elektromotorrad\/#primaryimage","url":"https:\/\/www.mobileakkupower.de\/shop\/wp-content\/uploads\/2020\/07\/Horwin_CR6_7-1.png","contentUrl":"https:\/\/www.mobileakkupower.de\/shop\/wp-content\/uploads\/2020\/07\/Horwin_CR6_7-1.png","width":833,"height":647},{"@type":"BreadcrumbList","@id":"https:\/\/www.mobileakkupower.de\/shop\/produkt\/horwin-cr6-elektromotorrad\/#breadcrumb","itemListElement":[{"@type":"ListItem","position":1,"name":"Startseite","item":"https:\/\/www.mobileakkupower.de\/shop\/"},{"@type":"ListItem","position":2,"name":"Shop","item":"https:\/\/www.mobileakkupower.de\/shop\/shop\/"},{"@type":"ListItem","position":3,"name":"Horwin CR6 Wei\u00df Elektromotorrad"}]},{"@type":"WebSite","@id":"https:\/\/www.mobileakkupower.de\/shop\/#website","url":"https:\/\/www.mobileakkupower.de\/shop\/","name":"Shop MobileAkkuPower","description":"","publisher":{"@id":"https:\/\/www.mobileakkupower.de\/shop\/#organization"},"potentialAction":[{"@type":"SearchAction","target":{"@type":"EntryPoint","urlTemplate":"https:\/\/www.mobileakkupower.de\/shop\/?s={search_term_string}"},"query-input":{"@type":"PropertyValueSpecification","valueRequired":true,"valueName":"search_term_string"}}],"inLanguage":"de"},{"@type":"Organization","@id":"https:\/\/www.mobileakkupower.de\/shop\/#organization","name":"Shop MobileAkkuPower","url":"https:\/\/www.mobileakkupower.de\/shop\/","logo":{"@type":"ImageObject","inLanguage":"de","@id":"https:\/\/www.mobileakkupower.de\/shop\/#\/schema\/logo\/image\/","url":"https:\/\/www.mobileakkupower.de\/shop\/wp-content\/uploads\/2019\/01\/cropped-logo-map.png","contentUrl":"https:\/\/www.mobileakkupower.de\/shop\/wp-content\/uploads\/2019\/01\/cropped-logo-map.png","width":646,"height":114,"caption":"Shop MobileAkkuPower"},"image":{"@id":"https:\/\/www.mobileakkupower.de\/shop\/#\/schema\/logo\/image\/"},"sameAs":["https:\/\/facebook.com\/derroboterladen"]}]}},"_links":{"self":[{"href":"https:\/\/www.mobileakkupower.de\/shop\/wp-json\/wp\/v2\/product\/1320","targetHints":{"allow":["GET"]}}],"collection":[{"href":"https:\/\/www.mobileakkupower.de\/shop\/wp-json\/wp\/v2\/product"}],"about":[{"href":"https:\/\/www.mobileakkupower.de\/shop\/wp-json\/wp\/v2\/types\/product"}],"replies":[{"embeddable":true,"href":"https:\/\/www.mobileakkupower.de\/shop\/wp-json\/wp\/v2\/comments?post=1320"}],"wp:featuredmedia":[{"embeddable":true,"href":"https:\/\/www.mobileakkupower.de\/shop\/wp-json\/wp\/v2\/media\/1345"}],"wp:attachment":[{"href":"https:\/\/www.mobileakkupower.de\/shop\/wp-json\/wp\/v2\/media?parent=1320"}],"wp:term":[{"taxonomy":"product_brand","embeddable":true,"href":"https:\/\/www.mobileakkupower.de\/shop\/wp-json\/wp\/v2\/product_brand?post=1320"},{"taxonomy":"product_cat","embeddable":true,"href":"https:\/\/www.mobileakkupower.de\/shop\/wp-json\/wp\/v2\/product_cat?post=1320"},{"taxonomy":"product_tag","embeddable":true,"href":"https:\/\/www.mobileakkupower.de\/shop\/wp-json\/wp\/v2\/product_tag?post=1320"}],"curies":[{"name":"wp","href":"https:\/\/api.w.org\/{rel}","templated":true}]}}