{"id":1906,"date":"2022-07-29T17:17:04","date_gmt":"2022-07-29T15:17:04","guid":{"rendered":"https:\/\/www.mobileakkupower.de\/shop\/?post_type=product&#038;p=1906"},"modified":"2023-03-08T11:46:40","modified_gmt":"2023-03-08T10:46:40","slug":"husqvarna-ceora-antriebseinheit-546-epos","status":"publish","type":"product","link":"https:\/\/www.mobileakkupower.de\/shop\/produkt\/husqvarna-ceora-antriebseinheit-546-epos\/","title":{"rendered":"Husqvarna Ceora Antriebseinheit 546 EPOS"},"content":{"rendered":"<p>Der Husqvarna CEORA\u2122 546 EPOS\u2122 Grossfl\u00e4chenm\u00e4her wurde speziell f\u00fcr sehr grosse Gr\u00fcnfl\u00e4chen bis zu 50&#8217;000 m2 entwickelt. Er bew\u00e4ltigt Steigungen von bis zu 30% und liefert hervorragende Schnittergebnisse und perfekte Rasenqualit\u00e4t f\u00fcr starke Beanspruchung. Die virtuellen Begrenzungen mit EPOS-Technologie ersetzen das Verlegen von Kabeln im Boden. So ist Vertikutieren und Aerifizieren problemlos m\u00f6glich. Sie k\u00f6nnen verschiedene Arbeitsbereiche und M\u00e4heinstellungen, Sperrzonen und Transportwege einfach per App definieren. Mit Ultraschallsensoren f\u00fcr Hinderniserkennung, Diebstahlsicherung und FOTA (Softwareupdate \u00fcber Mobilfunk). Arbeitet bei jedem Wetter, auch bei Regen und l\u00e4sst sich einfach warten und reinigen.<\/p>\n","protected":false},"excerpt":{"rendered":"<p>Der Husqvarna CEORA\u2122 546 EPOS\u2122 Grossfl\u00e4chenm\u00e4her wurde speziell f\u00fcr sehr grosse Gr\u00fcnfl\u00e4chen bis zu 50&#8217;000 m2 entwickelt. Er bew\u00e4ltigt Steigungen von bis zu 30% und liefert hervorragende Schnittergebnisse und perfekte Rasenqualit\u00e4t f\u00fcr starke Beanspruchung. Die virtuellen Begrenzungen mit EPOS-Technologie ersetzen das Verlegen von Kabeln im Boden. So ist Vertikutieren und Aerifizieren problemlos m\u00f6glich. Sie k\u00f6nnen [&hellip;]<\/p>\n","protected":false},"featured_media":1907,"comment_status":"closed","ping_status":"closed","template":"","meta":[],"product_brand":[],"product_cat":[34],"product_tag":[369],"class_list":{"0":"post-1906","1":"product","2":"type-product","3":"status-publish","4":"has-post-thumbnail","6":"product_cat-husqvarna-automower","7":"product_tag-husqvarna-ceora-546-epos","9":"first","10":"instock","11":"taxable","12":"shipping-taxable","13":"purchasable","14":"product-type-simple"},"yoast_head":"<!-- This site is optimized with the Yoast SEO plugin v27.4 - https:\/\/yoast.com\/product\/yoast-seo-wordpress\/ -->\n<title>Husqvarna Ceora Antriebseinheit 546 EPOS - Shop MobileAkkuPower<\/title>\n<meta name=\"robots\" content=\"index, follow, max-snippet:-1, max-image-preview:large, max-video-preview:-1\" \/>\n<link rel=\"canonical\" href=\"https:\/\/www.mobileakkupower.de\/shop\/produkt\/husqvarna-ceora-antriebseinheit-546-epos\/\" \/>\n<meta property=\"og:locale\" content=\"de_DE\" \/>\n<meta property=\"og:type\" content=\"article\" \/>\n<meta property=\"og:title\" content=\"Husqvarna Ceora Antriebseinheit 546 EPOS - Shop MobileAkkuPower\" \/>\n<meta property=\"og:description\" content=\"Der Husqvarna CEORA\u2122 546 EPOS\u2122 Grossfl\u00e4chenm\u00e4her wurde speziell f\u00fcr sehr grosse Gr\u00fcnfl\u00e4chen bis zu 50&#8217;000 m2 entwickelt. Er bew\u00e4ltigt Steigungen von bis zu 30% und liefert hervorragende Schnittergebnisse und perfekte Rasenqualit\u00e4t f\u00fcr starke Beanspruchung. Die virtuellen Begrenzungen mit EPOS-Technologie ersetzen das Verlegen von Kabeln im Boden. So ist Vertikutieren und Aerifizieren problemlos m\u00f6glich. Sie k\u00f6nnen [&hellip;]\" \/>\n<meta property=\"og:url\" content=\"https:\/\/www.mobileakkupower.de\/shop\/produkt\/husqvarna-ceora-antriebseinheit-546-epos\/\" \/>\n<meta property=\"og:site_name\" content=\"Shop MobileAkkuPower\" \/>\n<meta property=\"article:publisher\" content=\"https:\/\/facebook.com\/derroboterladen\" \/>\n<meta property=\"article:modified_time\" content=\"2023-03-08T10:46:40+00:00\" \/>\n<meta property=\"og:image\" content=\"http:\/\/www.mobileakkupower.de\/shop\/wp-content\/uploads\/2022\/07\/970467901.jpg\" \/>\n\t<meta property=\"og:image:width\" content=\"300\" \/>\n\t<meta property=\"og:image:height\" content=\"300\" \/>\n\t<meta property=\"og:image:type\" content=\"image\/jpeg\" \/>\n<meta name=\"twitter:card\" content=\"summary_large_image\" \/>\n<script type=\"application\/ld+json\" class=\"yoast-schema-graph\">{\"@context\":\"https:\\\/\\\/schema.org\",\"@graph\":[{\"@type\":\"WebPage\",\"@id\":\"https:\\\/\\\/www.mobileakkupower.de\\\/shop\\\/produkt\\\/husqvarna-ceora-antriebseinheit-546-epos\\\/\",\"url\":\"https:\\\/\\\/www.mobileakkupower.de\\\/shop\\\/produkt\\\/husqvarna-ceora-antriebseinheit-546-epos\\\/\",\"name\":\"Husqvarna Ceora Antriebseinheit 546 EPOS - Shop MobileAkkuPower\",\"isPartOf\":{\"@id\":\"https:\\\/\\\/www.mobileakkupower.de\\\/shop\\\/#website\"},\"primaryImageOfPage\":{\"@id\":\"https:\\\/\\\/www.mobileakkupower.de\\\/shop\\\/produkt\\\/husqvarna-ceora-antriebseinheit-546-epos\\\/#primaryimage\"},\"image\":{\"@id\":\"https:\\\/\\\/www.mobileakkupower.de\\\/shop\\\/produkt\\\/husqvarna-ceora-antriebseinheit-546-epos\\\/#primaryimage\"},\"thumbnailUrl\":\"https:\\\/\\\/www.mobileakkupower.de\\\/shop\\\/wp-content\\\/uploads\\\/2022\\\/07\\\/970467901.jpg\",\"datePublished\":\"2022-07-29T15:17:04+00:00\",\"dateModified\":\"2023-03-08T10:46:40+00:00\",\"breadcrumb\":{\"@id\":\"https:\\\/\\\/www.mobileakkupower.de\\\/shop\\\/produkt\\\/husqvarna-ceora-antriebseinheit-546-epos\\\/#breadcrumb\"},\"inLanguage\":\"de\",\"potentialAction\":[{\"@type\":\"ReadAction\",\"target\":[\"https:\\\/\\\/www.mobileakkupower.de\\\/shop\\\/produkt\\\/husqvarna-ceora-antriebseinheit-546-epos\\\/\"]}]},{\"@type\":\"ImageObject\",\"inLanguage\":\"de\",\"@id\":\"https:\\\/\\\/www.mobileakkupower.de\\\/shop\\\/produkt\\\/husqvarna-ceora-antriebseinheit-546-epos\\\/#primaryimage\",\"url\":\"https:\\\/\\\/www.mobileakkupower.de\\\/shop\\\/wp-content\\\/uploads\\\/2022\\\/07\\\/970467901.jpg\",\"contentUrl\":\"https:\\\/\\\/www.mobileakkupower.de\\\/shop\\\/wp-content\\\/uploads\\\/2022\\\/07\\\/970467901.jpg\",\"width\":300,\"height\":300},{\"@type\":\"BreadcrumbList\",\"@id\":\"https:\\\/\\\/www.mobileakkupower.de\\\/shop\\\/produkt\\\/husqvarna-ceora-antriebseinheit-546-epos\\\/#breadcrumb\",\"itemListElement\":[{\"@type\":\"ListItem\",\"position\":1,\"name\":\"Startseite\",\"item\":\"https:\\\/\\\/www.mobileakkupower.de\\\/shop\\\/\"},{\"@type\":\"ListItem\",\"position\":2,\"name\":\"Shop\",\"item\":\"https:\\\/\\\/www.mobileakkupower.de\\\/shop\\\/shop\\\/\"},{\"@type\":\"ListItem\",\"position\":3,\"name\":\"Husqvarna Ceora Antriebseinheit 546 EPOS\"}]},{\"@type\":\"WebSite\",\"@id\":\"https:\\\/\\\/www.mobileakkupower.de\\\/shop\\\/#website\",\"url\":\"https:\\\/\\\/www.mobileakkupower.de\\\/shop\\\/\",\"name\":\"Shop MobileAkkuPower\",\"description\":\"\",\"publisher\":{\"@id\":\"https:\\\/\\\/www.mobileakkupower.de\\\/shop\\\/#organization\"},\"potentialAction\":[{\"@type\":\"SearchAction\",\"target\":{\"@type\":\"EntryPoint\",\"urlTemplate\":\"https:\\\/\\\/www.mobileakkupower.de\\\/shop\\\/?s={search_term_string}\"},\"query-input\":{\"@type\":\"PropertyValueSpecification\",\"valueRequired\":true,\"valueName\":\"search_term_string\"}}],\"inLanguage\":\"de\"},{\"@type\":\"Organization\",\"@id\":\"https:\\\/\\\/www.mobileakkupower.de\\\/shop\\\/#organization\",\"name\":\"Shop MobileAkkuPower\",\"url\":\"https:\\\/\\\/www.mobileakkupower.de\\\/shop\\\/\",\"logo\":{\"@type\":\"ImageObject\",\"inLanguage\":\"de\",\"@id\":\"https:\\\/\\\/www.mobileakkupower.de\\\/shop\\\/#\\\/schema\\\/logo\\\/image\\\/\",\"url\":\"https:\\\/\\\/www.mobileakkupower.de\\\/shop\\\/wp-content\\\/uploads\\\/2019\\\/01\\\/cropped-logo-map.png\",\"contentUrl\":\"https:\\\/\\\/www.mobileakkupower.de\\\/shop\\\/wp-content\\\/uploads\\\/2019\\\/01\\\/cropped-logo-map.png\",\"width\":646,\"height\":114,\"caption\":\"Shop MobileAkkuPower\"},\"image\":{\"@id\":\"https:\\\/\\\/www.mobileakkupower.de\\\/shop\\\/#\\\/schema\\\/logo\\\/image\\\/\"},\"sameAs\":[\"https:\\\/\\\/facebook.com\\\/derroboterladen\"]}]}<\/script>\n<!-- \/ Yoast SEO plugin. -->","yoast_head_json":{"title":"Husqvarna Ceora Antriebseinheit 546 EPOS - Shop MobileAkkuPower","robots":{"index":"index","follow":"follow","max-snippet":"max-snippet:-1","max-image-preview":"max-image-preview:large","max-video-preview":"max-video-preview:-1"},"canonical":"https:\/\/www.mobileakkupower.de\/shop\/produkt\/husqvarna-ceora-antriebseinheit-546-epos\/","og_locale":"de_DE","og_type":"article","og_title":"Husqvarna Ceora Antriebseinheit 546 EPOS - Shop MobileAkkuPower","og_description":"Der Husqvarna CEORA\u2122 546 EPOS\u2122 Grossfl\u00e4chenm\u00e4her wurde speziell f\u00fcr sehr grosse Gr\u00fcnfl\u00e4chen bis zu 50&#8217;000 m2 entwickelt. Er bew\u00e4ltigt Steigungen von bis zu 30% und liefert hervorragende Schnittergebnisse und perfekte Rasenqualit\u00e4t f\u00fcr starke Beanspruchung. Die virtuellen Begrenzungen mit EPOS-Technologie ersetzen das Verlegen von Kabeln im Boden. So ist Vertikutieren und Aerifizieren problemlos m\u00f6glich. Sie k\u00f6nnen [&hellip;]","og_url":"https:\/\/www.mobileakkupower.de\/shop\/produkt\/husqvarna-ceora-antriebseinheit-546-epos\/","og_site_name":"Shop MobileAkkuPower","article_publisher":"https:\/\/facebook.com\/derroboterladen","article_modified_time":"2023-03-08T10:46:40+00:00","og_image":[{"width":300,"height":300,"url":"http:\/\/www.mobileakkupower.de\/shop\/wp-content\/uploads\/2022\/07\/970467901.jpg","type":"image\/jpeg"}],"twitter_card":"summary_large_image","schema":{"@context":"https:\/\/schema.org","@graph":[{"@type":"WebPage","@id":"https:\/\/www.mobileakkupower.de\/shop\/produkt\/husqvarna-ceora-antriebseinheit-546-epos\/","url":"https:\/\/www.mobileakkupower.de\/shop\/produkt\/husqvarna-ceora-antriebseinheit-546-epos\/","name":"Husqvarna Ceora Antriebseinheit 546 EPOS - Shop MobileAkkuPower","isPartOf":{"@id":"https:\/\/www.mobileakkupower.de\/shop\/#website"},"primaryImageOfPage":{"@id":"https:\/\/www.mobileakkupower.de\/shop\/produkt\/husqvarna-ceora-antriebseinheit-546-epos\/#primaryimage"},"image":{"@id":"https:\/\/www.mobileakkupower.de\/shop\/produkt\/husqvarna-ceora-antriebseinheit-546-epos\/#primaryimage"},"thumbnailUrl":"https:\/\/www.mobileakkupower.de\/shop\/wp-content\/uploads\/2022\/07\/970467901.jpg","datePublished":"2022-07-29T15:17:04+00:00","dateModified":"2023-03-08T10:46:40+00:00","breadcrumb":{"@id":"https:\/\/www.mobileakkupower.de\/shop\/produkt\/husqvarna-ceora-antriebseinheit-546-epos\/#breadcrumb"},"inLanguage":"de","potentialAction":[{"@type":"ReadAction","target":["https:\/\/www.mobileakkupower.de\/shop\/produkt\/husqvarna-ceora-antriebseinheit-546-epos\/"]}]},{"@type":"ImageObject","inLanguage":"de","@id":"https:\/\/www.mobileakkupower.de\/shop\/produkt\/husqvarna-ceora-antriebseinheit-546-epos\/#primaryimage","url":"https:\/\/www.mobileakkupower.de\/shop\/wp-content\/uploads\/2022\/07\/970467901.jpg","contentUrl":"https:\/\/www.mobileakkupower.de\/shop\/wp-content\/uploads\/2022\/07\/970467901.jpg","width":300,"height":300},{"@type":"BreadcrumbList","@id":"https:\/\/www.mobileakkupower.de\/shop\/produkt\/husqvarna-ceora-antriebseinheit-546-epos\/#breadcrumb","itemListElement":[{"@type":"ListItem","position":1,"name":"Startseite","item":"https:\/\/www.mobileakkupower.de\/shop\/"},{"@type":"ListItem","position":2,"name":"Shop","item":"https:\/\/www.mobileakkupower.de\/shop\/shop\/"},{"@type":"ListItem","position":3,"name":"Husqvarna Ceora Antriebseinheit 546 EPOS"}]},{"@type":"WebSite","@id":"https:\/\/www.mobileakkupower.de\/shop\/#website","url":"https:\/\/www.mobileakkupower.de\/shop\/","name":"Shop MobileAkkuPower","description":"","publisher":{"@id":"https:\/\/www.mobileakkupower.de\/shop\/#organization"},"potentialAction":[{"@type":"SearchAction","target":{"@type":"EntryPoint","urlTemplate":"https:\/\/www.mobileakkupower.de\/shop\/?s={search_term_string}"},"query-input":{"@type":"PropertyValueSpecification","valueRequired":true,"valueName":"search_term_string"}}],"inLanguage":"de"},{"@type":"Organization","@id":"https:\/\/www.mobileakkupower.de\/shop\/#organization","name":"Shop MobileAkkuPower","url":"https:\/\/www.mobileakkupower.de\/shop\/","logo":{"@type":"ImageObject","inLanguage":"de","@id":"https:\/\/www.mobileakkupower.de\/shop\/#\/schema\/logo\/image\/","url":"https:\/\/www.mobileakkupower.de\/shop\/wp-content\/uploads\/2019\/01\/cropped-logo-map.png","contentUrl":"https:\/\/www.mobileakkupower.de\/shop\/wp-content\/uploads\/2019\/01\/cropped-logo-map.png","width":646,"height":114,"caption":"Shop MobileAkkuPower"},"image":{"@id":"https:\/\/www.mobileakkupower.de\/shop\/#\/schema\/logo\/image\/"},"sameAs":["https:\/\/facebook.com\/derroboterladen"]}]}},"_links":{"self":[{"href":"https:\/\/www.mobileakkupower.de\/shop\/wp-json\/wp\/v2\/product\/1906","targetHints":{"allow":["GET"]}}],"collection":[{"href":"https:\/\/www.mobileakkupower.de\/shop\/wp-json\/wp\/v2\/product"}],"about":[{"href":"https:\/\/www.mobileakkupower.de\/shop\/wp-json\/wp\/v2\/types\/product"}],"replies":[{"embeddable":true,"href":"https:\/\/www.mobileakkupower.de\/shop\/wp-json\/wp\/v2\/comments?post=1906"}],"wp:featuredmedia":[{"embeddable":true,"href":"https:\/\/www.mobileakkupower.de\/shop\/wp-json\/wp\/v2\/media\/1907"}],"wp:attachment":[{"href":"https:\/\/www.mobileakkupower.de\/shop\/wp-json\/wp\/v2\/media?parent=1906"}],"wp:term":[{"taxonomy":"product_brand","embeddable":true,"href":"https:\/\/www.mobileakkupower.de\/shop\/wp-json\/wp\/v2\/product_brand?post=1906"},{"taxonomy":"product_cat","embeddable":true,"href":"https:\/\/www.mobileakkupower.de\/shop\/wp-json\/wp\/v2\/product_cat?post=1906"},{"taxonomy":"product_tag","embeddable":true,"href":"https:\/\/www.mobileakkupower.de\/shop\/wp-json\/wp\/v2\/product_tag?post=1906"}],"curies":[{"name":"wp","href":"https:\/\/api.w.org\/{rel}","templated":true}]}}