{"id":1934,"date":"2023-03-08T17:45:35","date_gmt":"2023-03-08T16:45:35","guid":{"rendered":"https:\/\/www.mobileakkupower.de\/shop\/?post_type=product&#038;p=1934"},"modified":"2024-01-04T17:14:58","modified_gmt":"2024-01-04T16:14:58","slug":"husqvarna-automower-430x-nera","status":"publish","type":"product","link":"https:\/\/www.mobileakkupower.de\/shop\/produkt\/husqvarna-automower-430x-nera\/","title":{"rendered":"Husqvarna Automower 430X NERA"},"content":{"rendered":"<p>Der 430X NERA wurde entwickelt, um ein ma\u00dfgeschneidertes M\u00e4herlebnis durch kabellose Installation mithilfe des optionalen EPOS Kits, personalisiertes Zonenmanagement und verbesserte Kartenfunktionen (\u00fcber AIM-Technologie und Automower\u00ae Guidance) zu erm\u00f6glichen, die das M\u00e4hen komplexer, gro\u00dfer Rasenfl\u00e4chen verbessern. Mit der intelligenten Objektvermeidung navigiert er mit gro\u00dfer Pr\u00e4zision \u00fcber Ihren Rasen. Optimal f\u00fcr gr\u00f6\u00dfere G\u00e4rten bis 3200 m\u00b2. Der 430X meistert enge Passagen, Hindernisse, schwieriges Terrain und H\u00e4nge mit einer Steigung bis zu 50 %. Die einfache Reinigung und Software-Aktualisierung (FOTA) sichern einen sauberen Betrieb.<br \/>\n970535212<\/p>\n","protected":false},"excerpt":{"rendered":"<p>Der 430X NERA wurde entwickelt, um ein ma\u00dfgeschneidertes M\u00e4herlebnis durch kabellose Installation mithilfe des optionalen EPOS Kits, personalisiertes Zonenmanagement und verbesserte Kartenfunktionen (\u00fcber AIM-Technologie und Automower\u00ae Guidance) zu erm\u00f6glichen, die das M\u00e4hen komplexer, gro\u00dfer Rasenfl\u00e4chen verbessern. Mit der intelligenten Objektvermeidung navigiert er mit gro\u00dfer Pr\u00e4zision \u00fcber Ihren Rasen. Optimal f\u00fcr gr\u00f6\u00dfere G\u00e4rten bis 3200 m\u00b2. [&hellip;]<\/p>\n","protected":false},"featured_media":1935,"comment_status":"closed","ping_status":"closed","template":"","meta":[],"product_brand":[],"product_cat":[34],"product_tag":[379,378],"class_list":{"0":"post-1934","1":"product","2":"type-product","3":"status-publish","4":"has-post-thumbnail","6":"product_cat-husqvarna-automower","7":"product_tag-379","8":"product_tag-husqvarna-automower-43ox-nera","10":"first","11":"instock","12":"taxable","13":"shipping-taxable","14":"purchasable","15":"product-type-simple"},"yoast_head":"<!-- This site is optimized with the Yoast SEO plugin v27.5 - https:\/\/yoast.com\/product\/yoast-seo-wordpress\/ -->\n<title>Husqvarna Automower 430X NERA - Shop MobileAkkuPower<\/title>\n<meta name=\"robots\" content=\"index, follow, max-snippet:-1, max-image-preview:large, max-video-preview:-1\" \/>\n<link rel=\"canonical\" href=\"https:\/\/www.mobileakkupower.de\/shop\/produkt\/husqvarna-automower-430x-nera\/\" \/>\n<meta property=\"og:locale\" content=\"de_DE\" \/>\n<meta property=\"og:type\" content=\"article\" \/>\n<meta property=\"og:title\" content=\"Husqvarna Automower 430X NERA - Shop MobileAkkuPower\" \/>\n<meta property=\"og:description\" content=\"Der 430X NERA wurde entwickelt, um ein ma\u00dfgeschneidertes M\u00e4herlebnis durch kabellose Installation mithilfe des optionalen EPOS Kits, personalisiertes Zonenmanagement und verbesserte Kartenfunktionen (\u00fcber AIM-Technologie und Automower\u00ae Guidance) zu erm\u00f6glichen, die das M\u00e4hen komplexer, gro\u00dfer Rasenfl\u00e4chen verbessern. Mit der intelligenten Objektvermeidung navigiert er mit gro\u00dfer Pr\u00e4zision \u00fcber Ihren Rasen. Optimal f\u00fcr gr\u00f6\u00dfere G\u00e4rten bis 3200 m\u00b2. [&hellip;]\" \/>\n<meta property=\"og:url\" content=\"https:\/\/www.mobileakkupower.de\/shop\/produkt\/husqvarna-automower-430x-nera\/\" \/>\n<meta property=\"og:site_name\" content=\"Shop MobileAkkuPower\" \/>\n<meta property=\"article:publisher\" content=\"https:\/\/facebook.com\/derroboterladen\" \/>\n<meta property=\"article:modified_time\" content=\"2024-01-04T16:14:58+00:00\" \/>\n<meta property=\"og:image\" content=\"http:\/\/www.mobileakkupower.de\/shop\/wp-content\/uploads\/2023\/03\/430X-Nera.jpg\" \/>\n\t<meta property=\"og:image:width\" content=\"300\" \/>\n\t<meta property=\"og:image:height\" content=\"300\" \/>\n\t<meta property=\"og:image:type\" content=\"image\/jpeg\" \/>\n<meta name=\"twitter:card\" content=\"summary_large_image\" \/>\n<meta name=\"twitter:label1\" content=\"Gesch\u00e4tzte Lesezeit\" \/>\n\t<meta name=\"twitter:data1\" content=\"1\u00a0Minute\" \/>\n<script type=\"application\/ld+json\" class=\"yoast-schema-graph\">{\"@context\":\"https:\\\/\\\/schema.org\",\"@graph\":[{\"@type\":\"WebPage\",\"@id\":\"https:\\\/\\\/www.mobileakkupower.de\\\/shop\\\/produkt\\\/husqvarna-automower-430x-nera\\\/\",\"url\":\"https:\\\/\\\/www.mobileakkupower.de\\\/shop\\\/produkt\\\/husqvarna-automower-430x-nera\\\/\",\"name\":\"Husqvarna Automower 430X NERA - Shop MobileAkkuPower\",\"isPartOf\":{\"@id\":\"https:\\\/\\\/www.mobileakkupower.de\\\/shop\\\/#website\"},\"primaryImageOfPage\":{\"@id\":\"https:\\\/\\\/www.mobileakkupower.de\\\/shop\\\/produkt\\\/husqvarna-automower-430x-nera\\\/#primaryimage\"},\"image\":{\"@id\":\"https:\\\/\\\/www.mobileakkupower.de\\\/shop\\\/produkt\\\/husqvarna-automower-430x-nera\\\/#primaryimage\"},\"thumbnailUrl\":\"https:\\\/\\\/www.mobileakkupower.de\\\/shop\\\/wp-content\\\/uploads\\\/2023\\\/03\\\/430X-Nera.jpg\",\"datePublished\":\"2023-03-08T16:45:35+00:00\",\"dateModified\":\"2024-01-04T16:14:58+00:00\",\"breadcrumb\":{\"@id\":\"https:\\\/\\\/www.mobileakkupower.de\\\/shop\\\/produkt\\\/husqvarna-automower-430x-nera\\\/#breadcrumb\"},\"inLanguage\":\"de\",\"potentialAction\":[{\"@type\":\"ReadAction\",\"target\":[\"https:\\\/\\\/www.mobileakkupower.de\\\/shop\\\/produkt\\\/husqvarna-automower-430x-nera\\\/\"]}]},{\"@type\":\"ImageObject\",\"inLanguage\":\"de\",\"@id\":\"https:\\\/\\\/www.mobileakkupower.de\\\/shop\\\/produkt\\\/husqvarna-automower-430x-nera\\\/#primaryimage\",\"url\":\"https:\\\/\\\/www.mobileakkupower.de\\\/shop\\\/wp-content\\\/uploads\\\/2023\\\/03\\\/430X-Nera.jpg\",\"contentUrl\":\"https:\\\/\\\/www.mobileakkupower.de\\\/shop\\\/wp-content\\\/uploads\\\/2023\\\/03\\\/430X-Nera.jpg\",\"width\":300,\"height\":300},{\"@type\":\"BreadcrumbList\",\"@id\":\"https:\\\/\\\/www.mobileakkupower.de\\\/shop\\\/produkt\\\/husqvarna-automower-430x-nera\\\/#breadcrumb\",\"itemListElement\":[{\"@type\":\"ListItem\",\"position\":1,\"name\":\"Startseite\",\"item\":\"https:\\\/\\\/www.mobileakkupower.de\\\/shop\\\/\"},{\"@type\":\"ListItem\",\"position\":2,\"name\":\"Shop\",\"item\":\"https:\\\/\\\/www.mobileakkupower.de\\\/shop\\\/shop\\\/\"},{\"@type\":\"ListItem\",\"position\":3,\"name\":\"Husqvarna Automower 430X NERA\"}]},{\"@type\":\"WebSite\",\"@id\":\"https:\\\/\\\/www.mobileakkupower.de\\\/shop\\\/#website\",\"url\":\"https:\\\/\\\/www.mobileakkupower.de\\\/shop\\\/\",\"name\":\"Shop MobileAkkuPower\",\"description\":\"\",\"publisher\":{\"@id\":\"https:\\\/\\\/www.mobileakkupower.de\\\/shop\\\/#organization\"},\"potentialAction\":[{\"@type\":\"SearchAction\",\"target\":{\"@type\":\"EntryPoint\",\"urlTemplate\":\"https:\\\/\\\/www.mobileakkupower.de\\\/shop\\\/?s={search_term_string}\"},\"query-input\":{\"@type\":\"PropertyValueSpecification\",\"valueRequired\":true,\"valueName\":\"search_term_string\"}}],\"inLanguage\":\"de\"},{\"@type\":\"Organization\",\"@id\":\"https:\\\/\\\/www.mobileakkupower.de\\\/shop\\\/#organization\",\"name\":\"Shop MobileAkkuPower\",\"url\":\"https:\\\/\\\/www.mobileakkupower.de\\\/shop\\\/\",\"logo\":{\"@type\":\"ImageObject\",\"inLanguage\":\"de\",\"@id\":\"https:\\\/\\\/www.mobileakkupower.de\\\/shop\\\/#\\\/schema\\\/logo\\\/image\\\/\",\"url\":\"https:\\\/\\\/www.mobileakkupower.de\\\/shop\\\/wp-content\\\/uploads\\\/2019\\\/01\\\/cropped-logo-map.png\",\"contentUrl\":\"https:\\\/\\\/www.mobileakkupower.de\\\/shop\\\/wp-content\\\/uploads\\\/2019\\\/01\\\/cropped-logo-map.png\",\"width\":646,\"height\":114,\"caption\":\"Shop MobileAkkuPower\"},\"image\":{\"@id\":\"https:\\\/\\\/www.mobileakkupower.de\\\/shop\\\/#\\\/schema\\\/logo\\\/image\\\/\"},\"sameAs\":[\"https:\\\/\\\/facebook.com\\\/derroboterladen\"]}]}<\/script>\n<!-- \/ Yoast SEO plugin. -->","yoast_head_json":{"title":"Husqvarna Automower 430X NERA - Shop MobileAkkuPower","robots":{"index":"index","follow":"follow","max-snippet":"max-snippet:-1","max-image-preview":"max-image-preview:large","max-video-preview":"max-video-preview:-1"},"canonical":"https:\/\/www.mobileakkupower.de\/shop\/produkt\/husqvarna-automower-430x-nera\/","og_locale":"de_DE","og_type":"article","og_title":"Husqvarna Automower 430X NERA - Shop MobileAkkuPower","og_description":"Der 430X NERA wurde entwickelt, um ein ma\u00dfgeschneidertes M\u00e4herlebnis durch kabellose Installation mithilfe des optionalen EPOS Kits, personalisiertes Zonenmanagement und verbesserte Kartenfunktionen (\u00fcber AIM-Technologie und Automower\u00ae Guidance) zu erm\u00f6glichen, die das M\u00e4hen komplexer, gro\u00dfer Rasenfl\u00e4chen verbessern. Mit der intelligenten Objektvermeidung navigiert er mit gro\u00dfer Pr\u00e4zision \u00fcber Ihren Rasen. Optimal f\u00fcr gr\u00f6\u00dfere G\u00e4rten bis 3200 m\u00b2. [&hellip;]","og_url":"https:\/\/www.mobileakkupower.de\/shop\/produkt\/husqvarna-automower-430x-nera\/","og_site_name":"Shop MobileAkkuPower","article_publisher":"https:\/\/facebook.com\/derroboterladen","article_modified_time":"2024-01-04T16:14:58+00:00","og_image":[{"width":300,"height":300,"url":"http:\/\/www.mobileakkupower.de\/shop\/wp-content\/uploads\/2023\/03\/430X-Nera.jpg","type":"image\/jpeg"}],"twitter_card":"summary_large_image","twitter_misc":{"Gesch\u00e4tzte Lesezeit":"1\u00a0Minute"},"schema":{"@context":"https:\/\/schema.org","@graph":[{"@type":"WebPage","@id":"https:\/\/www.mobileakkupower.de\/shop\/produkt\/husqvarna-automower-430x-nera\/","url":"https:\/\/www.mobileakkupower.de\/shop\/produkt\/husqvarna-automower-430x-nera\/","name":"Husqvarna Automower 430X NERA - Shop MobileAkkuPower","isPartOf":{"@id":"https:\/\/www.mobileakkupower.de\/shop\/#website"},"primaryImageOfPage":{"@id":"https:\/\/www.mobileakkupower.de\/shop\/produkt\/husqvarna-automower-430x-nera\/#primaryimage"},"image":{"@id":"https:\/\/www.mobileakkupower.de\/shop\/produkt\/husqvarna-automower-430x-nera\/#primaryimage"},"thumbnailUrl":"https:\/\/www.mobileakkupower.de\/shop\/wp-content\/uploads\/2023\/03\/430X-Nera.jpg","datePublished":"2023-03-08T16:45:35+00:00","dateModified":"2024-01-04T16:14:58+00:00","breadcrumb":{"@id":"https:\/\/www.mobileakkupower.de\/shop\/produkt\/husqvarna-automower-430x-nera\/#breadcrumb"},"inLanguage":"de","potentialAction":[{"@type":"ReadAction","target":["https:\/\/www.mobileakkupower.de\/shop\/produkt\/husqvarna-automower-430x-nera\/"]}]},{"@type":"ImageObject","inLanguage":"de","@id":"https:\/\/www.mobileakkupower.de\/shop\/produkt\/husqvarna-automower-430x-nera\/#primaryimage","url":"https:\/\/www.mobileakkupower.de\/shop\/wp-content\/uploads\/2023\/03\/430X-Nera.jpg","contentUrl":"https:\/\/www.mobileakkupower.de\/shop\/wp-content\/uploads\/2023\/03\/430X-Nera.jpg","width":300,"height":300},{"@type":"BreadcrumbList","@id":"https:\/\/www.mobileakkupower.de\/shop\/produkt\/husqvarna-automower-430x-nera\/#breadcrumb","itemListElement":[{"@type":"ListItem","position":1,"name":"Startseite","item":"https:\/\/www.mobileakkupower.de\/shop\/"},{"@type":"ListItem","position":2,"name":"Shop","item":"https:\/\/www.mobileakkupower.de\/shop\/shop\/"},{"@type":"ListItem","position":3,"name":"Husqvarna Automower 430X NERA"}]},{"@type":"WebSite","@id":"https:\/\/www.mobileakkupower.de\/shop\/#website","url":"https:\/\/www.mobileakkupower.de\/shop\/","name":"Shop MobileAkkuPower","description":"","publisher":{"@id":"https:\/\/www.mobileakkupower.de\/shop\/#organization"},"potentialAction":[{"@type":"SearchAction","target":{"@type":"EntryPoint","urlTemplate":"https:\/\/www.mobileakkupower.de\/shop\/?s={search_term_string}"},"query-input":{"@type":"PropertyValueSpecification","valueRequired":true,"valueName":"search_term_string"}}],"inLanguage":"de"},{"@type":"Organization","@id":"https:\/\/www.mobileakkupower.de\/shop\/#organization","name":"Shop MobileAkkuPower","url":"https:\/\/www.mobileakkupower.de\/shop\/","logo":{"@type":"ImageObject","inLanguage":"de","@id":"https:\/\/www.mobileakkupower.de\/shop\/#\/schema\/logo\/image\/","url":"https:\/\/www.mobileakkupower.de\/shop\/wp-content\/uploads\/2019\/01\/cropped-logo-map.png","contentUrl":"https:\/\/www.mobileakkupower.de\/shop\/wp-content\/uploads\/2019\/01\/cropped-logo-map.png","width":646,"height":114,"caption":"Shop MobileAkkuPower"},"image":{"@id":"https:\/\/www.mobileakkupower.de\/shop\/#\/schema\/logo\/image\/"},"sameAs":["https:\/\/facebook.com\/derroboterladen"]}]}},"_links":{"self":[{"href":"https:\/\/www.mobileakkupower.de\/shop\/wp-json\/wp\/v2\/product\/1934","targetHints":{"allow":["GET"]}}],"collection":[{"href":"https:\/\/www.mobileakkupower.de\/shop\/wp-json\/wp\/v2\/product"}],"about":[{"href":"https:\/\/www.mobileakkupower.de\/shop\/wp-json\/wp\/v2\/types\/product"}],"replies":[{"embeddable":true,"href":"https:\/\/www.mobileakkupower.de\/shop\/wp-json\/wp\/v2\/comments?post=1934"}],"wp:featuredmedia":[{"embeddable":true,"href":"https:\/\/www.mobileakkupower.de\/shop\/wp-json\/wp\/v2\/media\/1935"}],"wp:attachment":[{"href":"https:\/\/www.mobileakkupower.de\/shop\/wp-json\/wp\/v2\/media?parent=1934"}],"wp:term":[{"taxonomy":"product_brand","embeddable":true,"href":"https:\/\/www.mobileakkupower.de\/shop\/wp-json\/wp\/v2\/product_brand?post=1934"},{"taxonomy":"product_cat","embeddable":true,"href":"https:\/\/www.mobileakkupower.de\/shop\/wp-json\/wp\/v2\/product_cat?post=1934"},{"taxonomy":"product_tag","embeddable":true,"href":"https:\/\/www.mobileakkupower.de\/shop\/wp-json\/wp\/v2\/product_tag?post=1934"}],"curies":[{"name":"wp","href":"https:\/\/api.w.org\/{rel}","templated":true}]}}