{"id":1942,"date":"2023-03-10T16:24:49","date_gmt":"2023-03-10T15:24:49","guid":{"rendered":"https:\/\/www.mobileakkupower.de\/shop\/?post_type=product&#038;p=1942"},"modified":"2023-03-10T16:43:00","modified_gmt":"2023-03-10T15:43:00","slug":"husqvarna-aspire-heckenschere-h50-p4a","status":"publish","type":"product","link":"https:\/\/www.mobileakkupower.de\/shop\/produkt\/husqvarna-aspire-heckenschere-h50-p4a\/","title":{"rendered":"Husqvarna Aspire Heckenschere H50-P4A"},"content":{"rendered":"<p>Formen Sie Hecken und B\u00fcsche m\u00fchelos mit der leichten 18V Akku-Heckenschere. Der mitgelieferte Haken erleichtert die Aufbewahrung bei beengten Platzverh\u00e4ltnissen. Die doppelt wirkenden 50cm langen Schneidmesser und der leistungsstarke Motor k\u00f6nnen \u00c4ste bis zu 23 mm bearbeiten. Entwickelt mit einem intelligenten Blattf\u00e4nger, um die Heckenschnitte w\u00e4hrend des Trimmens einzusammeln und somit die Aufr\u00e4umarbeiten zu reduzieren. Mit einem ergonomischen, Softgrip-Griff und verbesserter Sicherheit durch automatische Abschaltung, wenn das Ger\u00e4t unbeaufsichtigt ist. Teil des POWER FOR ALL-Akkusystems. Die akkubetriebenen Husqvarna Aspire Werkzeuge wurden f\u00fcr begrenzte Platzverh\u00e4ltnisse entwickelt. Aus diesem Grund verf\u00fcgt jedes Ger\u00e4t \u00fcber einen ma\u00dfgeschneiderten Aufbewahrungshaken, der direkt an der Wand montiert oder mit dem Husqvarna Aspire Lagerschienensystem verwendet werden kann. Diese Werkzeugaufbewahrung kann f\u00fcr alle Gartenger\u00e4te neben dem Aspire Schienensystem erweitert werden. Dieses Ger\u00e4t ist Teil der POWER FOR ALL ALLIANCE und mit zahlreichen anderen Akkus und Ladeger\u00e4ten teilnehmender Marken kompatibel. Das bedeutet, dass Sie nur einen Akku f\u00fcr alle Ihre Akku-Elektrowerkzeuge und Gartenger\u00e4te kaufen m\u00fcssen.<br \/>\n970620301<\/p>\n","protected":false},"excerpt":{"rendered":"<p>Formen Sie Hecken und B\u00fcsche m\u00fchelos mit der leichten 18V Akku-Heckenschere. Der mitgelieferte Haken erleichtert die Aufbewahrung bei beengten Platzverh\u00e4ltnissen. Die doppelt wirkenden 50cm langen Schneidmesser und der leistungsstarke Motor k\u00f6nnen \u00c4ste bis zu 23 mm bearbeiten. Entwickelt mit einem intelligenten Blattf\u00e4nger, um die Heckenschnitte w\u00e4hrend des Trimmens einzusammeln und somit die Aufr\u00e4umarbeiten zu reduzieren. [&hellip;]<\/p>\n","protected":false},"featured_media":1943,"comment_status":"closed","ping_status":"closed","template":"","meta":[],"product_brand":[],"product_cat":[111,392],"product_tag":[387,386],"class_list":{"0":"post-1942","1":"product","2":"type-product","3":"status-publish","4":"has-post-thumbnail","6":"product_cat-husqvarna-akku-gartengeraete","7":"product_cat-husqvarna-aspire-akku-serie","8":"product_tag-387","9":"product_tag-husqvarna-aspire-heckenschere-h50-p4a","10":"product_shipping_class-dhl-paket","12":"first","13":"instock","14":"taxable","15":"shipping-taxable","16":"purchasable","17":"product-type-simple"},"yoast_head":"<!-- This site is optimized with the Yoast SEO plugin v27.4 - https:\/\/yoast.com\/product\/yoast-seo-wordpress\/ -->\n<title>Husqvarna Aspire Heckenschere H50-P4A - Shop MobileAkkuPower<\/title>\n<meta name=\"robots\" content=\"index, follow, max-snippet:-1, max-image-preview:large, max-video-preview:-1\" \/>\n<link rel=\"canonical\" href=\"https:\/\/www.mobileakkupower.de\/shop\/produkt\/husqvarna-aspire-heckenschere-h50-p4a\/\" \/>\n<meta property=\"og:locale\" content=\"de_DE\" \/>\n<meta property=\"og:type\" content=\"article\" \/>\n<meta property=\"og:title\" content=\"Husqvarna Aspire Heckenschere H50-P4A - Shop MobileAkkuPower\" \/>\n<meta property=\"og:description\" content=\"Formen Sie Hecken und B\u00fcsche m\u00fchelos mit der leichten 18V Akku-Heckenschere. Der mitgelieferte Haken erleichtert die Aufbewahrung bei beengten Platzverh\u00e4ltnissen. Die doppelt wirkenden 50cm langen Schneidmesser und der leistungsstarke Motor k\u00f6nnen \u00c4ste bis zu 23 mm bearbeiten. Entwickelt mit einem intelligenten Blattf\u00e4nger, um die Heckenschnitte w\u00e4hrend des Trimmens einzusammeln und somit die Aufr\u00e4umarbeiten zu reduzieren. [&hellip;]\" \/>\n<meta property=\"og:url\" content=\"https:\/\/www.mobileakkupower.de\/shop\/produkt\/husqvarna-aspire-heckenschere-h50-p4a\/\" \/>\n<meta property=\"og:site_name\" content=\"Shop MobileAkkuPower\" \/>\n<meta property=\"article:publisher\" content=\"https:\/\/facebook.com\/derroboterladen\" \/>\n<meta property=\"article:modified_time\" content=\"2023-03-10T15:43:00+00:00\" \/>\n<meta property=\"og:image\" content=\"http:\/\/www.mobileakkupower.de\/shop\/wp-content\/uploads\/2023\/03\/VT-333953.jpg\" \/>\n\t<meta property=\"og:image:width\" content=\"300\" \/>\n\t<meta property=\"og:image:height\" content=\"300\" \/>\n\t<meta property=\"og:image:type\" content=\"image\/jpeg\" \/>\n<meta name=\"twitter:card\" content=\"summary_large_image\" \/>\n<script type=\"application\/ld+json\" class=\"yoast-schema-graph\">{\"@context\":\"https:\\\/\\\/schema.org\",\"@graph\":[{\"@type\":\"WebPage\",\"@id\":\"https:\\\/\\\/www.mobileakkupower.de\\\/shop\\\/produkt\\\/husqvarna-aspire-heckenschere-h50-p4a\\\/\",\"url\":\"https:\\\/\\\/www.mobileakkupower.de\\\/shop\\\/produkt\\\/husqvarna-aspire-heckenschere-h50-p4a\\\/\",\"name\":\"Husqvarna Aspire Heckenschere H50-P4A - Shop MobileAkkuPower\",\"isPartOf\":{\"@id\":\"https:\\\/\\\/www.mobileakkupower.de\\\/shop\\\/#website\"},\"primaryImageOfPage\":{\"@id\":\"https:\\\/\\\/www.mobileakkupower.de\\\/shop\\\/produkt\\\/husqvarna-aspire-heckenschere-h50-p4a\\\/#primaryimage\"},\"image\":{\"@id\":\"https:\\\/\\\/www.mobileakkupower.de\\\/shop\\\/produkt\\\/husqvarna-aspire-heckenschere-h50-p4a\\\/#primaryimage\"},\"thumbnailUrl\":\"https:\\\/\\\/www.mobileakkupower.de\\\/shop\\\/wp-content\\\/uploads\\\/2023\\\/03\\\/VT-333953.jpg\",\"datePublished\":\"2023-03-10T15:24:49+00:00\",\"dateModified\":\"2023-03-10T15:43:00+00:00\",\"breadcrumb\":{\"@id\":\"https:\\\/\\\/www.mobileakkupower.de\\\/shop\\\/produkt\\\/husqvarna-aspire-heckenschere-h50-p4a\\\/#breadcrumb\"},\"inLanguage\":\"de\",\"potentialAction\":[{\"@type\":\"ReadAction\",\"target\":[\"https:\\\/\\\/www.mobileakkupower.de\\\/shop\\\/produkt\\\/husqvarna-aspire-heckenschere-h50-p4a\\\/\"]}]},{\"@type\":\"ImageObject\",\"inLanguage\":\"de\",\"@id\":\"https:\\\/\\\/www.mobileakkupower.de\\\/shop\\\/produkt\\\/husqvarna-aspire-heckenschere-h50-p4a\\\/#primaryimage\",\"url\":\"https:\\\/\\\/www.mobileakkupower.de\\\/shop\\\/wp-content\\\/uploads\\\/2023\\\/03\\\/VT-333953.jpg\",\"contentUrl\":\"https:\\\/\\\/www.mobileakkupower.de\\\/shop\\\/wp-content\\\/uploads\\\/2023\\\/03\\\/VT-333953.jpg\",\"width\":300,\"height\":300},{\"@type\":\"BreadcrumbList\",\"@id\":\"https:\\\/\\\/www.mobileakkupower.de\\\/shop\\\/produkt\\\/husqvarna-aspire-heckenschere-h50-p4a\\\/#breadcrumb\",\"itemListElement\":[{\"@type\":\"ListItem\",\"position\":1,\"name\":\"Startseite\",\"item\":\"https:\\\/\\\/www.mobileakkupower.de\\\/shop\\\/\"},{\"@type\":\"ListItem\",\"position\":2,\"name\":\"Shop\",\"item\":\"https:\\\/\\\/www.mobileakkupower.de\\\/shop\\\/shop\\\/\"},{\"@type\":\"ListItem\",\"position\":3,\"name\":\"Husqvarna Aspire Heckenschere H50-P4A\"}]},{\"@type\":\"WebSite\",\"@id\":\"https:\\\/\\\/www.mobileakkupower.de\\\/shop\\\/#website\",\"url\":\"https:\\\/\\\/www.mobileakkupower.de\\\/shop\\\/\",\"name\":\"Shop MobileAkkuPower\",\"description\":\"\",\"publisher\":{\"@id\":\"https:\\\/\\\/www.mobileakkupower.de\\\/shop\\\/#organization\"},\"potentialAction\":[{\"@type\":\"SearchAction\",\"target\":{\"@type\":\"EntryPoint\",\"urlTemplate\":\"https:\\\/\\\/www.mobileakkupower.de\\\/shop\\\/?s={search_term_string}\"},\"query-input\":{\"@type\":\"PropertyValueSpecification\",\"valueRequired\":true,\"valueName\":\"search_term_string\"}}],\"inLanguage\":\"de\"},{\"@type\":\"Organization\",\"@id\":\"https:\\\/\\\/www.mobileakkupower.de\\\/shop\\\/#organization\",\"name\":\"Shop MobileAkkuPower\",\"url\":\"https:\\\/\\\/www.mobileakkupower.de\\\/shop\\\/\",\"logo\":{\"@type\":\"ImageObject\",\"inLanguage\":\"de\",\"@id\":\"https:\\\/\\\/www.mobileakkupower.de\\\/shop\\\/#\\\/schema\\\/logo\\\/image\\\/\",\"url\":\"https:\\\/\\\/www.mobileakkupower.de\\\/shop\\\/wp-content\\\/uploads\\\/2019\\\/01\\\/cropped-logo-map.png\",\"contentUrl\":\"https:\\\/\\\/www.mobileakkupower.de\\\/shop\\\/wp-content\\\/uploads\\\/2019\\\/01\\\/cropped-logo-map.png\",\"width\":646,\"height\":114,\"caption\":\"Shop MobileAkkuPower\"},\"image\":{\"@id\":\"https:\\\/\\\/www.mobileakkupower.de\\\/shop\\\/#\\\/schema\\\/logo\\\/image\\\/\"},\"sameAs\":[\"https:\\\/\\\/facebook.com\\\/derroboterladen\"]}]}<\/script>\n<!-- \/ Yoast SEO plugin. -->","yoast_head_json":{"title":"Husqvarna Aspire Heckenschere H50-P4A - Shop MobileAkkuPower","robots":{"index":"index","follow":"follow","max-snippet":"max-snippet:-1","max-image-preview":"max-image-preview:large","max-video-preview":"max-video-preview:-1"},"canonical":"https:\/\/www.mobileakkupower.de\/shop\/produkt\/husqvarna-aspire-heckenschere-h50-p4a\/","og_locale":"de_DE","og_type":"article","og_title":"Husqvarna Aspire Heckenschere H50-P4A - Shop MobileAkkuPower","og_description":"Formen Sie Hecken und B\u00fcsche m\u00fchelos mit der leichten 18V Akku-Heckenschere. Der mitgelieferte Haken erleichtert die Aufbewahrung bei beengten Platzverh\u00e4ltnissen. Die doppelt wirkenden 50cm langen Schneidmesser und der leistungsstarke Motor k\u00f6nnen \u00c4ste bis zu 23 mm bearbeiten. Entwickelt mit einem intelligenten Blattf\u00e4nger, um die Heckenschnitte w\u00e4hrend des Trimmens einzusammeln und somit die Aufr\u00e4umarbeiten zu reduzieren. [&hellip;]","og_url":"https:\/\/www.mobileakkupower.de\/shop\/produkt\/husqvarna-aspire-heckenschere-h50-p4a\/","og_site_name":"Shop MobileAkkuPower","article_publisher":"https:\/\/facebook.com\/derroboterladen","article_modified_time":"2023-03-10T15:43:00+00:00","og_image":[{"width":300,"height":300,"url":"http:\/\/www.mobileakkupower.de\/shop\/wp-content\/uploads\/2023\/03\/VT-333953.jpg","type":"image\/jpeg"}],"twitter_card":"summary_large_image","schema":{"@context":"https:\/\/schema.org","@graph":[{"@type":"WebPage","@id":"https:\/\/www.mobileakkupower.de\/shop\/produkt\/husqvarna-aspire-heckenschere-h50-p4a\/","url":"https:\/\/www.mobileakkupower.de\/shop\/produkt\/husqvarna-aspire-heckenschere-h50-p4a\/","name":"Husqvarna Aspire Heckenschere H50-P4A - Shop MobileAkkuPower","isPartOf":{"@id":"https:\/\/www.mobileakkupower.de\/shop\/#website"},"primaryImageOfPage":{"@id":"https:\/\/www.mobileakkupower.de\/shop\/produkt\/husqvarna-aspire-heckenschere-h50-p4a\/#primaryimage"},"image":{"@id":"https:\/\/www.mobileakkupower.de\/shop\/produkt\/husqvarna-aspire-heckenschere-h50-p4a\/#primaryimage"},"thumbnailUrl":"https:\/\/www.mobileakkupower.de\/shop\/wp-content\/uploads\/2023\/03\/VT-333953.jpg","datePublished":"2023-03-10T15:24:49+00:00","dateModified":"2023-03-10T15:43:00+00:00","breadcrumb":{"@id":"https:\/\/www.mobileakkupower.de\/shop\/produkt\/husqvarna-aspire-heckenschere-h50-p4a\/#breadcrumb"},"inLanguage":"de","potentialAction":[{"@type":"ReadAction","target":["https:\/\/www.mobileakkupower.de\/shop\/produkt\/husqvarna-aspire-heckenschere-h50-p4a\/"]}]},{"@type":"ImageObject","inLanguage":"de","@id":"https:\/\/www.mobileakkupower.de\/shop\/produkt\/husqvarna-aspire-heckenschere-h50-p4a\/#primaryimage","url":"https:\/\/www.mobileakkupower.de\/shop\/wp-content\/uploads\/2023\/03\/VT-333953.jpg","contentUrl":"https:\/\/www.mobileakkupower.de\/shop\/wp-content\/uploads\/2023\/03\/VT-333953.jpg","width":300,"height":300},{"@type":"BreadcrumbList","@id":"https:\/\/www.mobileakkupower.de\/shop\/produkt\/husqvarna-aspire-heckenschere-h50-p4a\/#breadcrumb","itemListElement":[{"@type":"ListItem","position":1,"name":"Startseite","item":"https:\/\/www.mobileakkupower.de\/shop\/"},{"@type":"ListItem","position":2,"name":"Shop","item":"https:\/\/www.mobileakkupower.de\/shop\/shop\/"},{"@type":"ListItem","position":3,"name":"Husqvarna Aspire Heckenschere H50-P4A"}]},{"@type":"WebSite","@id":"https:\/\/www.mobileakkupower.de\/shop\/#website","url":"https:\/\/www.mobileakkupower.de\/shop\/","name":"Shop MobileAkkuPower","description":"","publisher":{"@id":"https:\/\/www.mobileakkupower.de\/shop\/#organization"},"potentialAction":[{"@type":"SearchAction","target":{"@type":"EntryPoint","urlTemplate":"https:\/\/www.mobileakkupower.de\/shop\/?s={search_term_string}"},"query-input":{"@type":"PropertyValueSpecification","valueRequired":true,"valueName":"search_term_string"}}],"inLanguage":"de"},{"@type":"Organization","@id":"https:\/\/www.mobileakkupower.de\/shop\/#organization","name":"Shop MobileAkkuPower","url":"https:\/\/www.mobileakkupower.de\/shop\/","logo":{"@type":"ImageObject","inLanguage":"de","@id":"https:\/\/www.mobileakkupower.de\/shop\/#\/schema\/logo\/image\/","url":"https:\/\/www.mobileakkupower.de\/shop\/wp-content\/uploads\/2019\/01\/cropped-logo-map.png","contentUrl":"https:\/\/www.mobileakkupower.de\/shop\/wp-content\/uploads\/2019\/01\/cropped-logo-map.png","width":646,"height":114,"caption":"Shop MobileAkkuPower"},"image":{"@id":"https:\/\/www.mobileakkupower.de\/shop\/#\/schema\/logo\/image\/"},"sameAs":["https:\/\/facebook.com\/derroboterladen"]}]}},"_links":{"self":[{"href":"https:\/\/www.mobileakkupower.de\/shop\/wp-json\/wp\/v2\/product\/1942","targetHints":{"allow":["GET"]}}],"collection":[{"href":"https:\/\/www.mobileakkupower.de\/shop\/wp-json\/wp\/v2\/product"}],"about":[{"href":"https:\/\/www.mobileakkupower.de\/shop\/wp-json\/wp\/v2\/types\/product"}],"replies":[{"embeddable":true,"href":"https:\/\/www.mobileakkupower.de\/shop\/wp-json\/wp\/v2\/comments?post=1942"}],"wp:featuredmedia":[{"embeddable":true,"href":"https:\/\/www.mobileakkupower.de\/shop\/wp-json\/wp\/v2\/media\/1943"}],"wp:attachment":[{"href":"https:\/\/www.mobileakkupower.de\/shop\/wp-json\/wp\/v2\/media?parent=1942"}],"wp:term":[{"taxonomy":"product_brand","embeddable":true,"href":"https:\/\/www.mobileakkupower.de\/shop\/wp-json\/wp\/v2\/product_brand?post=1942"},{"taxonomy":"product_cat","embeddable":true,"href":"https:\/\/www.mobileakkupower.de\/shop\/wp-json\/wp\/v2\/product_cat?post=1942"},{"taxonomy":"product_tag","embeddable":true,"href":"https:\/\/www.mobileakkupower.de\/shop\/wp-json\/wp\/v2\/product_tag?post=1942"}],"curies":[{"name":"wp","href":"https:\/\/api.w.org\/{rel}","templated":true}]}}