{"id":1954,"date":"2023-03-10T16:59:07","date_gmt":"2023-03-10T15:59:07","guid":{"rendered":"https:\/\/www.mobileakkupower.de\/shop\/?post_type=product&#038;p=1954"},"modified":"2023-03-10T16:59:08","modified_gmt":"2023-03-10T15:59:08","slug":"husqvarna-aspire-hochentaster-pe5-p4a","status":"publish","type":"product","link":"https:\/\/www.mobileakkupower.de\/shop\/produkt\/husqvarna-aspire-hochentaster-pe5-p4a\/","title":{"rendered":"Husqvarna Aspire Hochentaster PE5-P4A"},"content":{"rendered":"<p>Diese Akku-Asts\u00e4ge kann mit oder ohne Verl\u00e4ngerungsstange verwendet werden. Befestigen Sie die Asts\u00e4ge und justieren Sie die Stange einfach auf bis zu 1,7 m, um h\u00f6here \u00c4ste leichter zu erreichen. Sie basiert auf unserem bew\u00e4hrten Know-how im Bereich Motors\u00e4gen und ist robust genug, um m\u00fchelos \u00c4ste mit einem Durchmesser von 75 mm zu schneiden. Ausgestattet mit einem rutschfesten Softgrip-Griff lassen sich Kette und Schiene einfach und ohne Werkzeug austauschen und die automatische Abschaltung, wenn das Ger\u00e4t unbeaufsichtigt ist, verbessert die Sicherheit. Die Aufbewahrung wird durch den mitgelieferten Haken erleichtert und das Ger\u00e4t ist Teil des 18V POWER FOR ALL Akkusystems. Die akkubetriebenen Husqvarna Aspire Werkzeuge wurden f\u00fcr begrenzte Platzverh\u00e4ltnisse entwickelt. Aus diesem Grund verf\u00fcgt jedes Ger\u00e4t \u00fcber einen ma\u00dfgeschneiderten Aufbewahrungshaken, der direkt an der Wand montiert oder mit dem Husqvarna Aspire System verwendet werden kann. Diese Werkzeugaufbewahrung kann f\u00fcr alle Gartenwerkzeuge neben dem Aspire Schienensystem erweitert werden. Dieses Ger\u00e4t ist Teil der POWER FOR ALL ALLIANCE und mit zahlreichen anderen Akkus und Ladeger\u00e4ten teilnehmender Marken kompatibel. Das bedeutet, dass Sie nur einen Akku f\u00fcr alle Ihre Akku-Elektrowerkzeuge und Gartenger\u00e4te kaufen m\u00fcssen. Das bedeutet, dass Sie nur einen Akku f\u00fcr alle Ihre Akku-Elektrowerkzeuge und Gartenger\u00e4te kaufen m\u00fcssen.<br \/>\n970621401<\/p>\n","protected":false},"excerpt":{"rendered":"<p>Diese Akku-Asts\u00e4ge kann mit oder ohne Verl\u00e4ngerungsstange verwendet werden. Befestigen Sie die Asts\u00e4ge und justieren Sie die Stange einfach auf bis zu 1,7 m, um h\u00f6here \u00c4ste leichter zu erreichen. Sie basiert auf unserem bew\u00e4hrten Know-how im Bereich Motors\u00e4gen und ist robust genug, um m\u00fchelos \u00c4ste mit einem Durchmesser von 75 mm zu schneiden. Ausgestattet [&hellip;]<\/p>\n","protected":false},"featured_media":1955,"comment_status":"closed","ping_status":"closed","template":"","meta":[],"product_brand":[],"product_cat":[111,392],"product_tag":[398,397],"class_list":{"0":"post-1954","1":"product","2":"type-product","3":"status-publish","4":"has-post-thumbnail","6":"product_cat-husqvarna-akku-gartengeraete","7":"product_cat-husqvarna-aspire-akku-serie","8":"product_tag-398","9":"product_tag-husqvarna-aspire-hochentaster-pe5-p4a","10":"product_shipping_class-dhl-paket","12":"first","13":"onbackorder","14":"taxable","15":"shipping-taxable","16":"purchasable","17":"product-type-simple"},"yoast_head":"<!-- This site is optimized with the Yoast SEO plugin v27.4 - https:\/\/yoast.com\/product\/yoast-seo-wordpress\/ -->\n<title>Husqvarna Aspire Hochentaster PE5-P4A - Shop MobileAkkuPower<\/title>\n<meta name=\"robots\" content=\"index, follow, max-snippet:-1, max-image-preview:large, max-video-preview:-1\" \/>\n<link rel=\"canonical\" href=\"https:\/\/www.mobileakkupower.de\/shop\/produkt\/husqvarna-aspire-hochentaster-pe5-p4a\/\" \/>\n<meta property=\"og:locale\" content=\"de_DE\" \/>\n<meta property=\"og:type\" content=\"article\" \/>\n<meta property=\"og:title\" content=\"Husqvarna Aspire Hochentaster PE5-P4A - Shop MobileAkkuPower\" \/>\n<meta property=\"og:description\" content=\"Diese Akku-Asts\u00e4ge kann mit oder ohne Verl\u00e4ngerungsstange verwendet werden. Befestigen Sie die Asts\u00e4ge und justieren Sie die Stange einfach auf bis zu 1,7 m, um h\u00f6here \u00c4ste leichter zu erreichen. Sie basiert auf unserem bew\u00e4hrten Know-how im Bereich Motors\u00e4gen und ist robust genug, um m\u00fchelos \u00c4ste mit einem Durchmesser von 75 mm zu schneiden. Ausgestattet [&hellip;]\" \/>\n<meta property=\"og:url\" content=\"https:\/\/www.mobileakkupower.de\/shop\/produkt\/husqvarna-aspire-hochentaster-pe5-p4a\/\" \/>\n<meta property=\"og:site_name\" content=\"Shop MobileAkkuPower\" \/>\n<meta property=\"article:publisher\" content=\"https:\/\/facebook.com\/derroboterladen\" \/>\n<meta property=\"article:modified_time\" content=\"2023-03-10T15:59:08+00:00\" \/>\n<meta property=\"og:image\" content=\"http:\/\/www.mobileakkupower.de\/shop\/wp-content\/uploads\/2023\/03\/TZ-136261.jpg\" \/>\n\t<meta property=\"og:image:width\" content=\"300\" \/>\n\t<meta property=\"og:image:height\" content=\"300\" \/>\n\t<meta property=\"og:image:type\" content=\"image\/jpeg\" \/>\n<meta name=\"twitter:card\" content=\"summary_large_image\" \/>\n<script type=\"application\/ld+json\" class=\"yoast-schema-graph\">{\"@context\":\"https:\\\/\\\/schema.org\",\"@graph\":[{\"@type\":\"WebPage\",\"@id\":\"https:\\\/\\\/www.mobileakkupower.de\\\/shop\\\/produkt\\\/husqvarna-aspire-hochentaster-pe5-p4a\\\/\",\"url\":\"https:\\\/\\\/www.mobileakkupower.de\\\/shop\\\/produkt\\\/husqvarna-aspire-hochentaster-pe5-p4a\\\/\",\"name\":\"Husqvarna Aspire Hochentaster PE5-P4A - Shop MobileAkkuPower\",\"isPartOf\":{\"@id\":\"https:\\\/\\\/www.mobileakkupower.de\\\/shop\\\/#website\"},\"primaryImageOfPage\":{\"@id\":\"https:\\\/\\\/www.mobileakkupower.de\\\/shop\\\/produkt\\\/husqvarna-aspire-hochentaster-pe5-p4a\\\/#primaryimage\"},\"image\":{\"@id\":\"https:\\\/\\\/www.mobileakkupower.de\\\/shop\\\/produkt\\\/husqvarna-aspire-hochentaster-pe5-p4a\\\/#primaryimage\"},\"thumbnailUrl\":\"https:\\\/\\\/www.mobileakkupower.de\\\/shop\\\/wp-content\\\/uploads\\\/2023\\\/03\\\/TZ-136261.jpg\",\"datePublished\":\"2023-03-10T15:59:07+00:00\",\"dateModified\":\"2023-03-10T15:59:08+00:00\",\"breadcrumb\":{\"@id\":\"https:\\\/\\\/www.mobileakkupower.de\\\/shop\\\/produkt\\\/husqvarna-aspire-hochentaster-pe5-p4a\\\/#breadcrumb\"},\"inLanguage\":\"de\",\"potentialAction\":[{\"@type\":\"ReadAction\",\"target\":[\"https:\\\/\\\/www.mobileakkupower.de\\\/shop\\\/produkt\\\/husqvarna-aspire-hochentaster-pe5-p4a\\\/\"]}]},{\"@type\":\"ImageObject\",\"inLanguage\":\"de\",\"@id\":\"https:\\\/\\\/www.mobileakkupower.de\\\/shop\\\/produkt\\\/husqvarna-aspire-hochentaster-pe5-p4a\\\/#primaryimage\",\"url\":\"https:\\\/\\\/www.mobileakkupower.de\\\/shop\\\/wp-content\\\/uploads\\\/2023\\\/03\\\/TZ-136261.jpg\",\"contentUrl\":\"https:\\\/\\\/www.mobileakkupower.de\\\/shop\\\/wp-content\\\/uploads\\\/2023\\\/03\\\/TZ-136261.jpg\",\"width\":300,\"height\":300},{\"@type\":\"BreadcrumbList\",\"@id\":\"https:\\\/\\\/www.mobileakkupower.de\\\/shop\\\/produkt\\\/husqvarna-aspire-hochentaster-pe5-p4a\\\/#breadcrumb\",\"itemListElement\":[{\"@type\":\"ListItem\",\"position\":1,\"name\":\"Startseite\",\"item\":\"https:\\\/\\\/www.mobileakkupower.de\\\/shop\\\/\"},{\"@type\":\"ListItem\",\"position\":2,\"name\":\"Shop\",\"item\":\"https:\\\/\\\/www.mobileakkupower.de\\\/shop\\\/shop\\\/\"},{\"@type\":\"ListItem\",\"position\":3,\"name\":\"Husqvarna Aspire Hochentaster PE5-P4A\"}]},{\"@type\":\"WebSite\",\"@id\":\"https:\\\/\\\/www.mobileakkupower.de\\\/shop\\\/#website\",\"url\":\"https:\\\/\\\/www.mobileakkupower.de\\\/shop\\\/\",\"name\":\"Shop MobileAkkuPower\",\"description\":\"\",\"publisher\":{\"@id\":\"https:\\\/\\\/www.mobileakkupower.de\\\/shop\\\/#organization\"},\"potentialAction\":[{\"@type\":\"SearchAction\",\"target\":{\"@type\":\"EntryPoint\",\"urlTemplate\":\"https:\\\/\\\/www.mobileakkupower.de\\\/shop\\\/?s={search_term_string}\"},\"query-input\":{\"@type\":\"PropertyValueSpecification\",\"valueRequired\":true,\"valueName\":\"search_term_string\"}}],\"inLanguage\":\"de\"},{\"@type\":\"Organization\",\"@id\":\"https:\\\/\\\/www.mobileakkupower.de\\\/shop\\\/#organization\",\"name\":\"Shop MobileAkkuPower\",\"url\":\"https:\\\/\\\/www.mobileakkupower.de\\\/shop\\\/\",\"logo\":{\"@type\":\"ImageObject\",\"inLanguage\":\"de\",\"@id\":\"https:\\\/\\\/www.mobileakkupower.de\\\/shop\\\/#\\\/schema\\\/logo\\\/image\\\/\",\"url\":\"https:\\\/\\\/www.mobileakkupower.de\\\/shop\\\/wp-content\\\/uploads\\\/2019\\\/01\\\/cropped-logo-map.png\",\"contentUrl\":\"https:\\\/\\\/www.mobileakkupower.de\\\/shop\\\/wp-content\\\/uploads\\\/2019\\\/01\\\/cropped-logo-map.png\",\"width\":646,\"height\":114,\"caption\":\"Shop MobileAkkuPower\"},\"image\":{\"@id\":\"https:\\\/\\\/www.mobileakkupower.de\\\/shop\\\/#\\\/schema\\\/logo\\\/image\\\/\"},\"sameAs\":[\"https:\\\/\\\/facebook.com\\\/derroboterladen\"]}]}<\/script>\n<!-- \/ Yoast SEO plugin. -->","yoast_head_json":{"title":"Husqvarna Aspire Hochentaster PE5-P4A - Shop MobileAkkuPower","robots":{"index":"index","follow":"follow","max-snippet":"max-snippet:-1","max-image-preview":"max-image-preview:large","max-video-preview":"max-video-preview:-1"},"canonical":"https:\/\/www.mobileakkupower.de\/shop\/produkt\/husqvarna-aspire-hochentaster-pe5-p4a\/","og_locale":"de_DE","og_type":"article","og_title":"Husqvarna Aspire Hochentaster PE5-P4A - Shop MobileAkkuPower","og_description":"Diese Akku-Asts\u00e4ge kann mit oder ohne Verl\u00e4ngerungsstange verwendet werden. Befestigen Sie die Asts\u00e4ge und justieren Sie die Stange einfach auf bis zu 1,7 m, um h\u00f6here \u00c4ste leichter zu erreichen. Sie basiert auf unserem bew\u00e4hrten Know-how im Bereich Motors\u00e4gen und ist robust genug, um m\u00fchelos \u00c4ste mit einem Durchmesser von 75 mm zu schneiden. Ausgestattet [&hellip;]","og_url":"https:\/\/www.mobileakkupower.de\/shop\/produkt\/husqvarna-aspire-hochentaster-pe5-p4a\/","og_site_name":"Shop MobileAkkuPower","article_publisher":"https:\/\/facebook.com\/derroboterladen","article_modified_time":"2023-03-10T15:59:08+00:00","og_image":[{"width":300,"height":300,"url":"http:\/\/www.mobileakkupower.de\/shop\/wp-content\/uploads\/2023\/03\/TZ-136261.jpg","type":"image\/jpeg"}],"twitter_card":"summary_large_image","schema":{"@context":"https:\/\/schema.org","@graph":[{"@type":"WebPage","@id":"https:\/\/www.mobileakkupower.de\/shop\/produkt\/husqvarna-aspire-hochentaster-pe5-p4a\/","url":"https:\/\/www.mobileakkupower.de\/shop\/produkt\/husqvarna-aspire-hochentaster-pe5-p4a\/","name":"Husqvarna Aspire Hochentaster PE5-P4A - Shop MobileAkkuPower","isPartOf":{"@id":"https:\/\/www.mobileakkupower.de\/shop\/#website"},"primaryImageOfPage":{"@id":"https:\/\/www.mobileakkupower.de\/shop\/produkt\/husqvarna-aspire-hochentaster-pe5-p4a\/#primaryimage"},"image":{"@id":"https:\/\/www.mobileakkupower.de\/shop\/produkt\/husqvarna-aspire-hochentaster-pe5-p4a\/#primaryimage"},"thumbnailUrl":"https:\/\/www.mobileakkupower.de\/shop\/wp-content\/uploads\/2023\/03\/TZ-136261.jpg","datePublished":"2023-03-10T15:59:07+00:00","dateModified":"2023-03-10T15:59:08+00:00","breadcrumb":{"@id":"https:\/\/www.mobileakkupower.de\/shop\/produkt\/husqvarna-aspire-hochentaster-pe5-p4a\/#breadcrumb"},"inLanguage":"de","potentialAction":[{"@type":"ReadAction","target":["https:\/\/www.mobileakkupower.de\/shop\/produkt\/husqvarna-aspire-hochentaster-pe5-p4a\/"]}]},{"@type":"ImageObject","inLanguage":"de","@id":"https:\/\/www.mobileakkupower.de\/shop\/produkt\/husqvarna-aspire-hochentaster-pe5-p4a\/#primaryimage","url":"https:\/\/www.mobileakkupower.de\/shop\/wp-content\/uploads\/2023\/03\/TZ-136261.jpg","contentUrl":"https:\/\/www.mobileakkupower.de\/shop\/wp-content\/uploads\/2023\/03\/TZ-136261.jpg","width":300,"height":300},{"@type":"BreadcrumbList","@id":"https:\/\/www.mobileakkupower.de\/shop\/produkt\/husqvarna-aspire-hochentaster-pe5-p4a\/#breadcrumb","itemListElement":[{"@type":"ListItem","position":1,"name":"Startseite","item":"https:\/\/www.mobileakkupower.de\/shop\/"},{"@type":"ListItem","position":2,"name":"Shop","item":"https:\/\/www.mobileakkupower.de\/shop\/shop\/"},{"@type":"ListItem","position":3,"name":"Husqvarna Aspire Hochentaster PE5-P4A"}]},{"@type":"WebSite","@id":"https:\/\/www.mobileakkupower.de\/shop\/#website","url":"https:\/\/www.mobileakkupower.de\/shop\/","name":"Shop MobileAkkuPower","description":"","publisher":{"@id":"https:\/\/www.mobileakkupower.de\/shop\/#organization"},"potentialAction":[{"@type":"SearchAction","target":{"@type":"EntryPoint","urlTemplate":"https:\/\/www.mobileakkupower.de\/shop\/?s={search_term_string}"},"query-input":{"@type":"PropertyValueSpecification","valueRequired":true,"valueName":"search_term_string"}}],"inLanguage":"de"},{"@type":"Organization","@id":"https:\/\/www.mobileakkupower.de\/shop\/#organization","name":"Shop MobileAkkuPower","url":"https:\/\/www.mobileakkupower.de\/shop\/","logo":{"@type":"ImageObject","inLanguage":"de","@id":"https:\/\/www.mobileakkupower.de\/shop\/#\/schema\/logo\/image\/","url":"https:\/\/www.mobileakkupower.de\/shop\/wp-content\/uploads\/2019\/01\/cropped-logo-map.png","contentUrl":"https:\/\/www.mobileakkupower.de\/shop\/wp-content\/uploads\/2019\/01\/cropped-logo-map.png","width":646,"height":114,"caption":"Shop MobileAkkuPower"},"image":{"@id":"https:\/\/www.mobileakkupower.de\/shop\/#\/schema\/logo\/image\/"},"sameAs":["https:\/\/facebook.com\/derroboterladen"]}]}},"_links":{"self":[{"href":"https:\/\/www.mobileakkupower.de\/shop\/wp-json\/wp\/v2\/product\/1954","targetHints":{"allow":["GET"]}}],"collection":[{"href":"https:\/\/www.mobileakkupower.de\/shop\/wp-json\/wp\/v2\/product"}],"about":[{"href":"https:\/\/www.mobileakkupower.de\/shop\/wp-json\/wp\/v2\/types\/product"}],"replies":[{"embeddable":true,"href":"https:\/\/www.mobileakkupower.de\/shop\/wp-json\/wp\/v2\/comments?post=1954"}],"wp:featuredmedia":[{"embeddable":true,"href":"https:\/\/www.mobileakkupower.de\/shop\/wp-json\/wp\/v2\/media\/1955"}],"wp:attachment":[{"href":"https:\/\/www.mobileakkupower.de\/shop\/wp-json\/wp\/v2\/media?parent=1954"}],"wp:term":[{"taxonomy":"product_brand","embeddable":true,"href":"https:\/\/www.mobileakkupower.de\/shop\/wp-json\/wp\/v2\/product_brand?post=1954"},{"taxonomy":"product_cat","embeddable":true,"href":"https:\/\/www.mobileakkupower.de\/shop\/wp-json\/wp\/v2\/product_cat?post=1954"},{"taxonomy":"product_tag","embeddable":true,"href":"https:\/\/www.mobileakkupower.de\/shop\/wp-json\/wp\/v2\/product_tag?post=1954"}],"curies":[{"name":"wp","href":"https:\/\/api.w.org\/{rel}","templated":true}]}}