{"id":2026,"date":"2024-01-04T17:09:14","date_gmt":"2024-01-04T16:09:14","guid":{"rendered":"https:\/\/www.mobileakkupower.de\/shop\/?post_type=product&#038;p=2026"},"modified":"2024-08-02T08:24:55","modified_gmt":"2024-08-02T06:24:55","slug":"husqvarna-automower-dichtungssatz-modell-435x-awd-535x-awd","status":"publish","type":"product","link":"https:\/\/www.mobileakkupower.de\/shop\/produkt\/husqvarna-automower-dichtungssatz-modell-435x-awd-535x-awd\/","title":{"rendered":"Husqvarna Automower Dichtungssatz Modell 435X AWD\/535X AWD"},"content":{"rendered":"<p>Dichtungssatz f\u00fcr die Modelle Automower 435X AWD\/535X AWD<br \/>\nIm Set enthalten sind:<br \/>\n1 St\u00fcck Dichtung f\u00fcr Geh\u00e4use Vorn unten<br \/>\n1 St\u00fcck Dichtung f\u00fcr Geh\u00e4use Vorn oben<br \/>\n1 St\u00fcck Dichtung f\u00fcr Geh\u00e4use Hinten unten<br \/>\n1 St\u00fcck Goretexfilter f\u00fcr die Bel\u00fcftung des Geh\u00e4uses<\/p>\n","protected":false},"excerpt":{"rendered":"<p>Dichtungssatz f\u00fcr die Modelle Automower 435X AWD\/535X AWD Im Set enthalten sind: 1 St\u00fcck Dichtung f\u00fcr Geh\u00e4use Vorn unten 1 St\u00fcck Dichtung f\u00fcr Geh\u00e4use Vorn oben 1 St\u00fcck Dichtung f\u00fcr Geh\u00e4use Hinten unten 1 St\u00fcck Goretexfilter f\u00fcr die Bel\u00fcftung des Geh\u00e4uses<\/p>\n","protected":false},"featured_media":0,"comment_status":"closed","ping_status":"closed","template":"","meta":[],"product_brand":[],"product_cat":[201],"product_tag":[413],"class_list":{"0":"post-2026","1":"product","2":"type-product","3":"status-publish","5":"product_cat-husqvarna-automower-dichtungen","6":"product_tag-dichtung-435-535-awd","7":"product_shipping_class-warensendung","9":"first","10":"instock","11":"taxable","12":"shipping-taxable","13":"purchasable","14":"product-type-simple"},"yoast_head":"<!-- This site is optimized with the Yoast SEO plugin v27.4 - https:\/\/yoast.com\/product\/yoast-seo-wordpress\/ -->\n<title>Husqvarna Automower Dichtungssatz Modell 435X AWD\/535X AWD - Shop MobileAkkuPower<\/title>\n<meta name=\"robots\" content=\"index, follow, max-snippet:-1, max-image-preview:large, max-video-preview:-1\" \/>\n<link rel=\"canonical\" href=\"https:\/\/www.mobileakkupower.de\/shop\/produkt\/husqvarna-automower-dichtungssatz-modell-435x-awd-535x-awd\/\" \/>\n<meta property=\"og:locale\" content=\"de_DE\" \/>\n<meta property=\"og:type\" content=\"article\" \/>\n<meta property=\"og:title\" content=\"Husqvarna Automower Dichtungssatz Modell 435X AWD\/535X AWD - Shop MobileAkkuPower\" \/>\n<meta property=\"og:description\" content=\"Dichtungssatz f\u00fcr die Modelle Automower 435X AWD\/535X AWD Im Set enthalten sind: 1 St\u00fcck Dichtung f\u00fcr Geh\u00e4use Vorn unten 1 St\u00fcck Dichtung f\u00fcr Geh\u00e4use Vorn oben 1 St\u00fcck Dichtung f\u00fcr Geh\u00e4use Hinten unten 1 St\u00fcck Goretexfilter f\u00fcr die Bel\u00fcftung des Geh\u00e4uses\" \/>\n<meta property=\"og:url\" content=\"https:\/\/www.mobileakkupower.de\/shop\/produkt\/husqvarna-automower-dichtungssatz-modell-435x-awd-535x-awd\/\" \/>\n<meta property=\"og:site_name\" content=\"Shop MobileAkkuPower\" \/>\n<meta property=\"article:publisher\" content=\"https:\/\/facebook.com\/derroboterladen\" \/>\n<meta property=\"article:modified_time\" content=\"2024-08-02T06:24:55+00:00\" \/>\n<meta name=\"twitter:card\" content=\"summary_large_image\" \/>\n<meta name=\"twitter:label1\" content=\"Gesch\u00e4tzte Lesezeit\" \/>\n\t<meta name=\"twitter:data1\" content=\"1\u00a0Minute\" \/>\n<script type=\"application\/ld+json\" class=\"yoast-schema-graph\">{\"@context\":\"https:\\\/\\\/schema.org\",\"@graph\":[{\"@type\":\"WebPage\",\"@id\":\"https:\\\/\\\/www.mobileakkupower.de\\\/shop\\\/produkt\\\/husqvarna-automower-dichtungssatz-modell-435x-awd-535x-awd\\\/\",\"url\":\"https:\\\/\\\/www.mobileakkupower.de\\\/shop\\\/produkt\\\/husqvarna-automower-dichtungssatz-modell-435x-awd-535x-awd\\\/\",\"name\":\"Husqvarna Automower Dichtungssatz Modell 435X AWD\\\/535X AWD - Shop MobileAkkuPower\",\"isPartOf\":{\"@id\":\"https:\\\/\\\/www.mobileakkupower.de\\\/shop\\\/#website\"},\"datePublished\":\"2024-01-04T16:09:14+00:00\",\"dateModified\":\"2024-08-02T06:24:55+00:00\",\"breadcrumb\":{\"@id\":\"https:\\\/\\\/www.mobileakkupower.de\\\/shop\\\/produkt\\\/husqvarna-automower-dichtungssatz-modell-435x-awd-535x-awd\\\/#breadcrumb\"},\"inLanguage\":\"de\",\"potentialAction\":[{\"@type\":\"ReadAction\",\"target\":[\"https:\\\/\\\/www.mobileakkupower.de\\\/shop\\\/produkt\\\/husqvarna-automower-dichtungssatz-modell-435x-awd-535x-awd\\\/\"]}]},{\"@type\":\"BreadcrumbList\",\"@id\":\"https:\\\/\\\/www.mobileakkupower.de\\\/shop\\\/produkt\\\/husqvarna-automower-dichtungssatz-modell-435x-awd-535x-awd\\\/#breadcrumb\",\"itemListElement\":[{\"@type\":\"ListItem\",\"position\":1,\"name\":\"Startseite\",\"item\":\"https:\\\/\\\/www.mobileakkupower.de\\\/shop\\\/\"},{\"@type\":\"ListItem\",\"position\":2,\"name\":\"Shop\",\"item\":\"https:\\\/\\\/www.mobileakkupower.de\\\/shop\\\/shop\\\/\"},{\"@type\":\"ListItem\",\"position\":3,\"name\":\"Husqvarna Automower Dichtungssatz Modell 435X AWD\\\/535X AWD\"}]},{\"@type\":\"WebSite\",\"@id\":\"https:\\\/\\\/www.mobileakkupower.de\\\/shop\\\/#website\",\"url\":\"https:\\\/\\\/www.mobileakkupower.de\\\/shop\\\/\",\"name\":\"Shop MobileAkkuPower\",\"description\":\"\",\"publisher\":{\"@id\":\"https:\\\/\\\/www.mobileakkupower.de\\\/shop\\\/#organization\"},\"potentialAction\":[{\"@type\":\"SearchAction\",\"target\":{\"@type\":\"EntryPoint\",\"urlTemplate\":\"https:\\\/\\\/www.mobileakkupower.de\\\/shop\\\/?s={search_term_string}\"},\"query-input\":{\"@type\":\"PropertyValueSpecification\",\"valueRequired\":true,\"valueName\":\"search_term_string\"}}],\"inLanguage\":\"de\"},{\"@type\":\"Organization\",\"@id\":\"https:\\\/\\\/www.mobileakkupower.de\\\/shop\\\/#organization\",\"name\":\"Shop MobileAkkuPower\",\"url\":\"https:\\\/\\\/www.mobileakkupower.de\\\/shop\\\/\",\"logo\":{\"@type\":\"ImageObject\",\"inLanguage\":\"de\",\"@id\":\"https:\\\/\\\/www.mobileakkupower.de\\\/shop\\\/#\\\/schema\\\/logo\\\/image\\\/\",\"url\":\"https:\\\/\\\/www.mobileakkupower.de\\\/shop\\\/wp-content\\\/uploads\\\/2019\\\/01\\\/cropped-logo-map.png\",\"contentUrl\":\"https:\\\/\\\/www.mobileakkupower.de\\\/shop\\\/wp-content\\\/uploads\\\/2019\\\/01\\\/cropped-logo-map.png\",\"width\":646,\"height\":114,\"caption\":\"Shop MobileAkkuPower\"},\"image\":{\"@id\":\"https:\\\/\\\/www.mobileakkupower.de\\\/shop\\\/#\\\/schema\\\/logo\\\/image\\\/\"},\"sameAs\":[\"https:\\\/\\\/facebook.com\\\/derroboterladen\"]}]}<\/script>\n<!-- \/ Yoast SEO plugin. -->","yoast_head_json":{"title":"Husqvarna Automower Dichtungssatz Modell 435X AWD\/535X AWD - Shop MobileAkkuPower","robots":{"index":"index","follow":"follow","max-snippet":"max-snippet:-1","max-image-preview":"max-image-preview:large","max-video-preview":"max-video-preview:-1"},"canonical":"https:\/\/www.mobileakkupower.de\/shop\/produkt\/husqvarna-automower-dichtungssatz-modell-435x-awd-535x-awd\/","og_locale":"de_DE","og_type":"article","og_title":"Husqvarna Automower Dichtungssatz Modell 435X AWD\/535X AWD - Shop MobileAkkuPower","og_description":"Dichtungssatz f\u00fcr die Modelle Automower 435X AWD\/535X AWD Im Set enthalten sind: 1 St\u00fcck Dichtung f\u00fcr Geh\u00e4use Vorn unten 1 St\u00fcck Dichtung f\u00fcr Geh\u00e4use Vorn oben 1 St\u00fcck Dichtung f\u00fcr Geh\u00e4use Hinten unten 1 St\u00fcck Goretexfilter f\u00fcr die Bel\u00fcftung des Geh\u00e4uses","og_url":"https:\/\/www.mobileakkupower.de\/shop\/produkt\/husqvarna-automower-dichtungssatz-modell-435x-awd-535x-awd\/","og_site_name":"Shop MobileAkkuPower","article_publisher":"https:\/\/facebook.com\/derroboterladen","article_modified_time":"2024-08-02T06:24:55+00:00","twitter_card":"summary_large_image","twitter_misc":{"Gesch\u00e4tzte Lesezeit":"1\u00a0Minute"},"schema":{"@context":"https:\/\/schema.org","@graph":[{"@type":"WebPage","@id":"https:\/\/www.mobileakkupower.de\/shop\/produkt\/husqvarna-automower-dichtungssatz-modell-435x-awd-535x-awd\/","url":"https:\/\/www.mobileakkupower.de\/shop\/produkt\/husqvarna-automower-dichtungssatz-modell-435x-awd-535x-awd\/","name":"Husqvarna Automower Dichtungssatz Modell 435X AWD\/535X AWD - Shop MobileAkkuPower","isPartOf":{"@id":"https:\/\/www.mobileakkupower.de\/shop\/#website"},"datePublished":"2024-01-04T16:09:14+00:00","dateModified":"2024-08-02T06:24:55+00:00","breadcrumb":{"@id":"https:\/\/www.mobileakkupower.de\/shop\/produkt\/husqvarna-automower-dichtungssatz-modell-435x-awd-535x-awd\/#breadcrumb"},"inLanguage":"de","potentialAction":[{"@type":"ReadAction","target":["https:\/\/www.mobileakkupower.de\/shop\/produkt\/husqvarna-automower-dichtungssatz-modell-435x-awd-535x-awd\/"]}]},{"@type":"BreadcrumbList","@id":"https:\/\/www.mobileakkupower.de\/shop\/produkt\/husqvarna-automower-dichtungssatz-modell-435x-awd-535x-awd\/#breadcrumb","itemListElement":[{"@type":"ListItem","position":1,"name":"Startseite","item":"https:\/\/www.mobileakkupower.de\/shop\/"},{"@type":"ListItem","position":2,"name":"Shop","item":"https:\/\/www.mobileakkupower.de\/shop\/shop\/"},{"@type":"ListItem","position":3,"name":"Husqvarna Automower Dichtungssatz Modell 435X AWD\/535X AWD"}]},{"@type":"WebSite","@id":"https:\/\/www.mobileakkupower.de\/shop\/#website","url":"https:\/\/www.mobileakkupower.de\/shop\/","name":"Shop MobileAkkuPower","description":"","publisher":{"@id":"https:\/\/www.mobileakkupower.de\/shop\/#organization"},"potentialAction":[{"@type":"SearchAction","target":{"@type":"EntryPoint","urlTemplate":"https:\/\/www.mobileakkupower.de\/shop\/?s={search_term_string}"},"query-input":{"@type":"PropertyValueSpecification","valueRequired":true,"valueName":"search_term_string"}}],"inLanguage":"de"},{"@type":"Organization","@id":"https:\/\/www.mobileakkupower.de\/shop\/#organization","name":"Shop MobileAkkuPower","url":"https:\/\/www.mobileakkupower.de\/shop\/","logo":{"@type":"ImageObject","inLanguage":"de","@id":"https:\/\/www.mobileakkupower.de\/shop\/#\/schema\/logo\/image\/","url":"https:\/\/www.mobileakkupower.de\/shop\/wp-content\/uploads\/2019\/01\/cropped-logo-map.png","contentUrl":"https:\/\/www.mobileakkupower.de\/shop\/wp-content\/uploads\/2019\/01\/cropped-logo-map.png","width":646,"height":114,"caption":"Shop MobileAkkuPower"},"image":{"@id":"https:\/\/www.mobileakkupower.de\/shop\/#\/schema\/logo\/image\/"},"sameAs":["https:\/\/facebook.com\/derroboterladen"]}]}},"_links":{"self":[{"href":"https:\/\/www.mobileakkupower.de\/shop\/wp-json\/wp\/v2\/product\/2026","targetHints":{"allow":["GET"]}}],"collection":[{"href":"https:\/\/www.mobileakkupower.de\/shop\/wp-json\/wp\/v2\/product"}],"about":[{"href":"https:\/\/www.mobileakkupower.de\/shop\/wp-json\/wp\/v2\/types\/product"}],"replies":[{"embeddable":true,"href":"https:\/\/www.mobileakkupower.de\/shop\/wp-json\/wp\/v2\/comments?post=2026"}],"wp:attachment":[{"href":"https:\/\/www.mobileakkupower.de\/shop\/wp-json\/wp\/v2\/media?parent=2026"}],"wp:term":[{"taxonomy":"product_brand","embeddable":true,"href":"https:\/\/www.mobileakkupower.de\/shop\/wp-json\/wp\/v2\/product_brand?post=2026"},{"taxonomy":"product_cat","embeddable":true,"href":"https:\/\/www.mobileakkupower.de\/shop\/wp-json\/wp\/v2\/product_cat?post=2026"},{"taxonomy":"product_tag","embeddable":true,"href":"https:\/\/www.mobileakkupower.de\/shop\/wp-json\/wp\/v2\/product_tag?post=2026"}],"curies":[{"name":"wp","href":"https:\/\/api.w.org\/{rel}","templated":true}]}}