{"id":465,"date":"2019-01-22T10:16:30","date_gmt":"2019-01-22T09:16:30","guid":{"rendered":"http:\/\/www.mobileakkupower.de\/shop\/produkt\/husqvarna-am-450x-flaechen-bis-zu-5000-m%c2%b2\/"},"modified":"2025-11-01T00:37:29","modified_gmt":"2025-10-31T23:37:29","slug":"husqvarna-am-450x-flaechen-bis-zu-5000-m%c2%b2","status":"publish","type":"product","link":"https:\/\/www.mobileakkupower.de\/shop\/produkt\/husqvarna-am-450x-flaechen-bis-zu-5000-m%c2%b2\/","title":{"rendered":"HUSQVARNA Automower 450X &#8211; Fl\u00e4chen bis zu 5000 m\u00b2"},"content":{"rendered":"<p>Husqvarna Automower 450X Rasenroboter bis 5000m\u00b2<\/p>\n<p>Das Top-Modell der robotischen Rasenm\u00e4her vom f\u00fchrenden Hersteller Husqvarna. Der 450X meistert sowol enge Passagen, wie auch Hindernisse, unebenes Terrain und Steigungen bis zu 45% spielend. Die GPS-gest\u00fctzte Navigation und n\u00fctzliche Accessoires wie Automower\u00ae Connect machen ihn zu unserem smartestens Automower\u00ae, der ihren Rasen perfekt pflegt.<br \/>\nDank Automower\u00ae Connect haben Sie die volle Kontrolle: Sehen Sie, wo ihr Automower\u00ae gerade m\u00e4ht oder steuern Sie ihn fern, wo immer Sie sich gerade aufhalten. Optional auch mit wei\u00dfem oder orangen Wechselcover erh\u00e4ltlich. (UVP: 4399,-\u20ac ohne Installationszubeh\u00f6r-Kit)<\/p>\n<p>&nbsp;<\/p>\n<p>Technische Daten<\/p>\n<p>Fl\u00e4chenleistung in Quadratmeter: 5000<br \/>\nFl\u00e4chenleistung pro Stunde: 210 m\u00b2<br \/>\nMesser Anzahl: 3<br \/>\nGewicht: 13,9 kg<br \/>\nSchnitth\u00f6he in mm: 20-60<br \/>\nSchnittbreite in cm: 24<br \/>\nGer\u00e4uschpegel in DB: 59<br \/>\nSteigung in Prozent: 45<br \/>\nLade Zeit in Minuten: 75<br \/>\nM\u00e4hdauer pro Ladung in Minuten: 260<br \/>\nAuto Mover connect: ja<br \/>\nWettertimer: ja<br \/>\nSuchkabel: 3<br \/>\n\u200b<\/p>\n","protected":false},"excerpt":{"rendered":"<p>967646412 \u00a0 967622612 \u00a0 7391736362245<\/p>\n","protected":false},"featured_media":485,"comment_status":"open","ping_status":"closed","template":"","meta":[],"product_brand":[],"product_cat":[34],"product_tag":[58],"class_list":{"0":"post-465","1":"product","2":"type-product","3":"status-publish","4":"has-post-thumbnail","6":"product_cat-husqvarna-automower","7":"product_tag-automower-450x","9":"first","10":"instock","11":"taxable","12":"shipping-taxable","13":"purchasable","14":"product-type-simple"},"yoast_head":"<!-- This site is optimized with the Yoast SEO plugin v27.5 - https:\/\/yoast.com\/product\/yoast-seo-wordpress\/ -->\n<title>HUSQVARNA Automower 450X - Fl\u00e4chen bis zu 5000 m\u00b2 - Shop MobileAkkuPower<\/title>\n<meta name=\"robots\" content=\"index, follow, max-snippet:-1, max-image-preview:large, max-video-preview:-1\" \/>\n<link rel=\"canonical\" href=\"https:\/\/www.mobileakkupower.de\/shop\/produkt\/husqvarna-am-450x-flaechen-bis-zu-5000-m\u00b2\/\" \/>\n<meta property=\"og:locale\" content=\"de_DE\" \/>\n<meta property=\"og:type\" content=\"article\" \/>\n<meta property=\"og:title\" content=\"HUSQVARNA Automower 450X - Fl\u00e4chen bis zu 5000 m\u00b2 - Shop MobileAkkuPower\" \/>\n<meta property=\"og:description\" content=\"967646412 \u00a0 967622612 \u00a0 7391736362245\" \/>\n<meta property=\"og:url\" content=\"https:\/\/www.mobileakkupower.de\/shop\/produkt\/husqvarna-am-450x-flaechen-bis-zu-5000-m\u00b2\/\" \/>\n<meta property=\"og:site_name\" content=\"Shop MobileAkkuPower\" \/>\n<meta property=\"article:publisher\" content=\"https:\/\/facebook.com\/derroboterladen\" \/>\n<meta property=\"article:modified_time\" content=\"2025-10-31T23:37:29+00:00\" \/>\n<meta property=\"og:image\" content=\"http:\/\/www.mobileakkupower.de\/shop\/wp-content\/uploads\/2019\/01\/am450x.jpg\" \/>\n\t<meta property=\"og:image:width\" content=\"200\" \/>\n\t<meta property=\"og:image:height\" content=\"200\" \/>\n\t<meta property=\"og:image:type\" content=\"image\/jpeg\" \/>\n<meta name=\"twitter:card\" content=\"summary_large_image\" \/>\n<meta name=\"twitter:label1\" content=\"Gesch\u00e4tzte Lesezeit\" \/>\n\t<meta name=\"twitter:data1\" content=\"1\u00a0Minute\" \/>\n<script type=\"application\/ld+json\" class=\"yoast-schema-graph\">{\"@context\":\"https:\\\/\\\/schema.org\",\"@graph\":[{\"@type\":\"WebPage\",\"@id\":\"https:\\\/\\\/www.mobileakkupower.de\\\/shop\\\/produkt\\\/husqvarna-am-450x-flaechen-bis-zu-5000-m%c2%b2\\\/\",\"url\":\"https:\\\/\\\/www.mobileakkupower.de\\\/shop\\\/produkt\\\/husqvarna-am-450x-flaechen-bis-zu-5000-m%c2%b2\\\/\",\"name\":\"HUSQVARNA Automower 450X - Fl\u00e4chen bis zu 5000 m\u00b2 - Shop MobileAkkuPower\",\"isPartOf\":{\"@id\":\"https:\\\/\\\/www.mobileakkupower.de\\\/shop\\\/#website\"},\"primaryImageOfPage\":{\"@id\":\"https:\\\/\\\/www.mobileakkupower.de\\\/shop\\\/produkt\\\/husqvarna-am-450x-flaechen-bis-zu-5000-m%c2%b2\\\/#primaryimage\"},\"image\":{\"@id\":\"https:\\\/\\\/www.mobileakkupower.de\\\/shop\\\/produkt\\\/husqvarna-am-450x-flaechen-bis-zu-5000-m%c2%b2\\\/#primaryimage\"},\"thumbnailUrl\":\"https:\\\/\\\/www.mobileakkupower.de\\\/shop\\\/wp-content\\\/uploads\\\/2019\\\/01\\\/am450x.jpg\",\"datePublished\":\"2019-01-22T09:16:30+00:00\",\"dateModified\":\"2025-10-31T23:37:29+00:00\",\"breadcrumb\":{\"@id\":\"https:\\\/\\\/www.mobileakkupower.de\\\/shop\\\/produkt\\\/husqvarna-am-450x-flaechen-bis-zu-5000-m%c2%b2\\\/#breadcrumb\"},\"inLanguage\":\"de\",\"potentialAction\":[{\"@type\":\"ReadAction\",\"target\":[\"https:\\\/\\\/www.mobileakkupower.de\\\/shop\\\/produkt\\\/husqvarna-am-450x-flaechen-bis-zu-5000-m%c2%b2\\\/\"]}]},{\"@type\":\"ImageObject\",\"inLanguage\":\"de\",\"@id\":\"https:\\\/\\\/www.mobileakkupower.de\\\/shop\\\/produkt\\\/husqvarna-am-450x-flaechen-bis-zu-5000-m%c2%b2\\\/#primaryimage\",\"url\":\"https:\\\/\\\/www.mobileakkupower.de\\\/shop\\\/wp-content\\\/uploads\\\/2019\\\/01\\\/am450x.jpg\",\"contentUrl\":\"https:\\\/\\\/www.mobileakkupower.de\\\/shop\\\/wp-content\\\/uploads\\\/2019\\\/01\\\/am450x.jpg\",\"width\":200,\"height\":200,\"caption\":\"HUSQVARNA AM 450X - Fl\u00e4chen bis zu 5000 m\u00b2\"},{\"@type\":\"BreadcrumbList\",\"@id\":\"https:\\\/\\\/www.mobileakkupower.de\\\/shop\\\/produkt\\\/husqvarna-am-450x-flaechen-bis-zu-5000-m%c2%b2\\\/#breadcrumb\",\"itemListElement\":[{\"@type\":\"ListItem\",\"position\":1,\"name\":\"Startseite\",\"item\":\"https:\\\/\\\/www.mobileakkupower.de\\\/shop\\\/\"},{\"@type\":\"ListItem\",\"position\":2,\"name\":\"Shop\",\"item\":\"https:\\\/\\\/www.mobileakkupower.de\\\/shop\\\/shop\\\/\"},{\"@type\":\"ListItem\",\"position\":3,\"name\":\"HUSQVARNA Automower 450X &#8211; Fl\u00e4chen bis zu 5000 m\u00b2\"}]},{\"@type\":\"WebSite\",\"@id\":\"https:\\\/\\\/www.mobileakkupower.de\\\/shop\\\/#website\",\"url\":\"https:\\\/\\\/www.mobileakkupower.de\\\/shop\\\/\",\"name\":\"Shop MobileAkkuPower\",\"description\":\"\",\"publisher\":{\"@id\":\"https:\\\/\\\/www.mobileakkupower.de\\\/shop\\\/#organization\"},\"potentialAction\":[{\"@type\":\"SearchAction\",\"target\":{\"@type\":\"EntryPoint\",\"urlTemplate\":\"https:\\\/\\\/www.mobileakkupower.de\\\/shop\\\/?s={search_term_string}\"},\"query-input\":{\"@type\":\"PropertyValueSpecification\",\"valueRequired\":true,\"valueName\":\"search_term_string\"}}],\"inLanguage\":\"de\"},{\"@type\":\"Organization\",\"@id\":\"https:\\\/\\\/www.mobileakkupower.de\\\/shop\\\/#organization\",\"name\":\"Shop MobileAkkuPower\",\"url\":\"https:\\\/\\\/www.mobileakkupower.de\\\/shop\\\/\",\"logo\":{\"@type\":\"ImageObject\",\"inLanguage\":\"de\",\"@id\":\"https:\\\/\\\/www.mobileakkupower.de\\\/shop\\\/#\\\/schema\\\/logo\\\/image\\\/\",\"url\":\"https:\\\/\\\/www.mobileakkupower.de\\\/shop\\\/wp-content\\\/uploads\\\/2019\\\/01\\\/cropped-logo-map.png\",\"contentUrl\":\"https:\\\/\\\/www.mobileakkupower.de\\\/shop\\\/wp-content\\\/uploads\\\/2019\\\/01\\\/cropped-logo-map.png\",\"width\":646,\"height\":114,\"caption\":\"Shop MobileAkkuPower\"},\"image\":{\"@id\":\"https:\\\/\\\/www.mobileakkupower.de\\\/shop\\\/#\\\/schema\\\/logo\\\/image\\\/\"},\"sameAs\":[\"https:\\\/\\\/facebook.com\\\/derroboterladen\"]}]}<\/script>\n<!-- \/ Yoast SEO plugin. -->","yoast_head_json":{"title":"HUSQVARNA Automower 450X - Fl\u00e4chen bis zu 5000 m\u00b2 - Shop MobileAkkuPower","robots":{"index":"index","follow":"follow","max-snippet":"max-snippet:-1","max-image-preview":"max-image-preview:large","max-video-preview":"max-video-preview:-1"},"canonical":"https:\/\/www.mobileakkupower.de\/shop\/produkt\/husqvarna-am-450x-flaechen-bis-zu-5000-m\u00b2\/","og_locale":"de_DE","og_type":"article","og_title":"HUSQVARNA Automower 450X - Fl\u00e4chen bis zu 5000 m\u00b2 - Shop MobileAkkuPower","og_description":"967646412 \u00a0 967622612 \u00a0 7391736362245","og_url":"https:\/\/www.mobileakkupower.de\/shop\/produkt\/husqvarna-am-450x-flaechen-bis-zu-5000-m\u00b2\/","og_site_name":"Shop MobileAkkuPower","article_publisher":"https:\/\/facebook.com\/derroboterladen","article_modified_time":"2025-10-31T23:37:29+00:00","og_image":[{"width":200,"height":200,"url":"http:\/\/www.mobileakkupower.de\/shop\/wp-content\/uploads\/2019\/01\/am450x.jpg","type":"image\/jpeg"}],"twitter_card":"summary_large_image","twitter_misc":{"Gesch\u00e4tzte Lesezeit":"1\u00a0Minute"},"schema":{"@context":"https:\/\/schema.org","@graph":[{"@type":"WebPage","@id":"https:\/\/www.mobileakkupower.de\/shop\/produkt\/husqvarna-am-450x-flaechen-bis-zu-5000-m%c2%b2\/","url":"https:\/\/www.mobileakkupower.de\/shop\/produkt\/husqvarna-am-450x-flaechen-bis-zu-5000-m%c2%b2\/","name":"HUSQVARNA Automower 450X - Fl\u00e4chen bis zu 5000 m\u00b2 - Shop MobileAkkuPower","isPartOf":{"@id":"https:\/\/www.mobileakkupower.de\/shop\/#website"},"primaryImageOfPage":{"@id":"https:\/\/www.mobileakkupower.de\/shop\/produkt\/husqvarna-am-450x-flaechen-bis-zu-5000-m%c2%b2\/#primaryimage"},"image":{"@id":"https:\/\/www.mobileakkupower.de\/shop\/produkt\/husqvarna-am-450x-flaechen-bis-zu-5000-m%c2%b2\/#primaryimage"},"thumbnailUrl":"https:\/\/www.mobileakkupower.de\/shop\/wp-content\/uploads\/2019\/01\/am450x.jpg","datePublished":"2019-01-22T09:16:30+00:00","dateModified":"2025-10-31T23:37:29+00:00","breadcrumb":{"@id":"https:\/\/www.mobileakkupower.de\/shop\/produkt\/husqvarna-am-450x-flaechen-bis-zu-5000-m%c2%b2\/#breadcrumb"},"inLanguage":"de","potentialAction":[{"@type":"ReadAction","target":["https:\/\/www.mobileakkupower.de\/shop\/produkt\/husqvarna-am-450x-flaechen-bis-zu-5000-m%c2%b2\/"]}]},{"@type":"ImageObject","inLanguage":"de","@id":"https:\/\/www.mobileakkupower.de\/shop\/produkt\/husqvarna-am-450x-flaechen-bis-zu-5000-m%c2%b2\/#primaryimage","url":"https:\/\/www.mobileakkupower.de\/shop\/wp-content\/uploads\/2019\/01\/am450x.jpg","contentUrl":"https:\/\/www.mobileakkupower.de\/shop\/wp-content\/uploads\/2019\/01\/am450x.jpg","width":200,"height":200,"caption":"HUSQVARNA AM 450X - Fl\u00e4chen bis zu 5000 m\u00b2"},{"@type":"BreadcrumbList","@id":"https:\/\/www.mobileakkupower.de\/shop\/produkt\/husqvarna-am-450x-flaechen-bis-zu-5000-m%c2%b2\/#breadcrumb","itemListElement":[{"@type":"ListItem","position":1,"name":"Startseite","item":"https:\/\/www.mobileakkupower.de\/shop\/"},{"@type":"ListItem","position":2,"name":"Shop","item":"https:\/\/www.mobileakkupower.de\/shop\/shop\/"},{"@type":"ListItem","position":3,"name":"HUSQVARNA Automower 450X &#8211; Fl\u00e4chen bis zu 5000 m\u00b2"}]},{"@type":"WebSite","@id":"https:\/\/www.mobileakkupower.de\/shop\/#website","url":"https:\/\/www.mobileakkupower.de\/shop\/","name":"Shop MobileAkkuPower","description":"","publisher":{"@id":"https:\/\/www.mobileakkupower.de\/shop\/#organization"},"potentialAction":[{"@type":"SearchAction","target":{"@type":"EntryPoint","urlTemplate":"https:\/\/www.mobileakkupower.de\/shop\/?s={search_term_string}"},"query-input":{"@type":"PropertyValueSpecification","valueRequired":true,"valueName":"search_term_string"}}],"inLanguage":"de"},{"@type":"Organization","@id":"https:\/\/www.mobileakkupower.de\/shop\/#organization","name":"Shop MobileAkkuPower","url":"https:\/\/www.mobileakkupower.de\/shop\/","logo":{"@type":"ImageObject","inLanguage":"de","@id":"https:\/\/www.mobileakkupower.de\/shop\/#\/schema\/logo\/image\/","url":"https:\/\/www.mobileakkupower.de\/shop\/wp-content\/uploads\/2019\/01\/cropped-logo-map.png","contentUrl":"https:\/\/www.mobileakkupower.de\/shop\/wp-content\/uploads\/2019\/01\/cropped-logo-map.png","width":646,"height":114,"caption":"Shop MobileAkkuPower"},"image":{"@id":"https:\/\/www.mobileakkupower.de\/shop\/#\/schema\/logo\/image\/"},"sameAs":["https:\/\/facebook.com\/derroboterladen"]}]}},"_links":{"self":[{"href":"https:\/\/www.mobileakkupower.de\/shop\/wp-json\/wp\/v2\/product\/465","targetHints":{"allow":["GET"]}}],"collection":[{"href":"https:\/\/www.mobileakkupower.de\/shop\/wp-json\/wp\/v2\/product"}],"about":[{"href":"https:\/\/www.mobileakkupower.de\/shop\/wp-json\/wp\/v2\/types\/product"}],"replies":[{"embeddable":true,"href":"https:\/\/www.mobileakkupower.de\/shop\/wp-json\/wp\/v2\/comments?post=465"}],"wp:featuredmedia":[{"embeddable":true,"href":"https:\/\/www.mobileakkupower.de\/shop\/wp-json\/wp\/v2\/media\/485"}],"wp:attachment":[{"href":"https:\/\/www.mobileakkupower.de\/shop\/wp-json\/wp\/v2\/media?parent=465"}],"wp:term":[{"taxonomy":"product_brand","embeddable":true,"href":"https:\/\/www.mobileakkupower.de\/shop\/wp-json\/wp\/v2\/product_brand?post=465"},{"taxonomy":"product_cat","embeddable":true,"href":"https:\/\/www.mobileakkupower.de\/shop\/wp-json\/wp\/v2\/product_cat?post=465"},{"taxonomy":"product_tag","embeddable":true,"href":"https:\/\/www.mobileakkupower.de\/shop\/wp-json\/wp\/v2\/product_tag?post=465"}],"curies":[{"name":"wp","href":"https:\/\/api.w.org\/{rel}","templated":true}]}}