{"id":874,"date":"2019-07-24T16:38:37","date_gmt":"2019-07-24T14:38:37","guid":{"rendered":"http:\/\/www.mobileakkupower.de\/shop\/?post_type=product&#038;p=874"},"modified":"2022-02-07T16:40:00","modified_gmt":"2022-02-07T15:40:00","slug":"husqvarna-heckenschere-536lihd60-incl-akku-und-ladegeraet","status":"publish","type":"product","link":"https:\/\/www.mobileakkupower.de\/shop\/produkt\/husqvarna-heckenschere-536lihd60-incl-akku-und-ladegeraet\/","title":{"rendered":"Husqvarna Heckenschere 536LiHD60 incl. Akku und Ladeger\u00e4t"},"content":{"rendered":"<p>Leichte, ger\u00e4uscharme Akku-Heckenschere f\u00fcr den gewerblichen Einsatz mit 60 cm langem doppelseitigem M\u00e4hbalken. Mit dem neuen Motor und dem leistungsstarken Akku k\u00f6nnen Sie Ihre Arbeitszeit maximieren. Der schwenkbare hintere Griff erleichtert das Schneiden sowohl vertikal als auch horizontal.<\/p>\n<div class=\"\">\n<div class=\"col-xs-12 \">\n<div class=\"row\">\n<ul class=\"list-unstyled col-xs-12 product-properties\">\n<li class=\"row\">\n<div class=\"col-xs-8 col-md-6 no-padding\">\n<div class=\"product-icon-holder\"><i class=\"c-icon hq-icon hq-icon-battery hq-icon-x1 \" title=\"\"><\/i> Akku-Leistung<\/div>\n<\/div>\n<div class=\"col-xs-4 col-md-6\"><strong> 36 V <\/strong><\/div>\n<\/li>\n<li class=\"row\">\n<div class=\"col-xs-8 col-md-6 no-padding\">\n<div class=\"product-icon-holder\"><i class=\"c-icon hq-icon hq-icon-knife-length hq-icon-x1 \" title=\"\"><\/i> Messerl\u00e4nge<\/div>\n<\/div>\n<div class=\"col-xs-4 col-md-6\"><strong> 60 cm <\/strong><\/div>\n<\/li>\n<\/ul>\n<\/div>\n<\/div>\n<\/div>\n","protected":false},"excerpt":{"rendered":"<p>Leichte, ger\u00e4uscharme Akku-Heckenschere f\u00fcr den gewerblichen Einsatz mit 60 cm langem doppelseitigem M\u00e4hbalken. Mit dem neuen Motor und dem leistungsstarken Akku k\u00f6nnen Sie Ihre Arbeitszeit maximieren. Der schwenkbare hintere Griff erleichtert das Schneiden sowohl vertikal als auch horizontal. Akku-Leistung 36 V Messerl\u00e4nge 60 cm<\/p>\n","protected":false},"featured_media":1752,"comment_status":"open","ping_status":"closed","template":"","meta":[],"product_brand":[],"product_cat":[111],"product_tag":[114,115],"class_list":{"0":"post-874","1":"product","2":"type-product","3":"status-publish","4":"has-post-thumbnail","6":"product_cat-husqvarna-akku-gartengeraete","7":"product_tag-536lihd60","8":"product_tag-heckenschere","9":"product_shipping_class-dhl-paket","11":"first","12":"instock","13":"taxable","14":"shipping-taxable","15":"purchasable","16":"product-type-simple"},"yoast_head":"<!-- This site is optimized with the Yoast SEO plugin v27.4 - https:\/\/yoast.com\/product\/yoast-seo-wordpress\/ -->\n<title>Husqvarna Heckenschere 536LiHD60 incl. Akku und Ladeger\u00e4t - Shop MobileAkkuPower<\/title>\n<meta name=\"robots\" content=\"index, follow, max-snippet:-1, max-image-preview:large, max-video-preview:-1\" \/>\n<link rel=\"canonical\" href=\"https:\/\/www.mobileakkupower.de\/shop\/produkt\/husqvarna-heckenschere-536lihd60-incl-akku-und-ladegeraet\/\" \/>\n<meta property=\"og:locale\" content=\"de_DE\" \/>\n<meta property=\"og:type\" content=\"article\" \/>\n<meta property=\"og:title\" content=\"Husqvarna Heckenschere 536LiHD60 incl. Akku und Ladeger\u00e4t - Shop MobileAkkuPower\" \/>\n<meta property=\"og:description\" content=\"Leichte, ger\u00e4uscharme Akku-Heckenschere f\u00fcr den gewerblichen Einsatz mit 60 cm langem doppelseitigem M\u00e4hbalken. Mit dem neuen Motor und dem leistungsstarken Akku k\u00f6nnen Sie Ihre Arbeitszeit maximieren. Der schwenkbare hintere Griff erleichtert das Schneiden sowohl vertikal als auch horizontal. Akku-Leistung 36 V Messerl\u00e4nge 60 cm\" \/>\n<meta property=\"og:url\" content=\"https:\/\/www.mobileakkupower.de\/shop\/produkt\/husqvarna-heckenschere-536lihd60-incl-akku-und-ladegeraet\/\" \/>\n<meta property=\"og:site_name\" content=\"Shop MobileAkkuPower\" \/>\n<meta property=\"article:publisher\" content=\"https:\/\/facebook.com\/derroboterladen\" \/>\n<meta property=\"article:modified_time\" content=\"2022-02-07T15:40:00+00:00\" \/>\n<meta property=\"og:image\" content=\"http:\/\/www.mobileakkupower.de\/shop\/wp-content\/uploads\/2019\/07\/967915702.png\" \/>\n\t<meta property=\"og:image:width\" content=\"300\" \/>\n\t<meta property=\"og:image:height\" content=\"300\" \/>\n\t<meta property=\"og:image:type\" content=\"image\/png\" \/>\n<meta name=\"twitter:card\" content=\"summary_large_image\" \/>\n<script type=\"application\/ld+json\" class=\"yoast-schema-graph\">{\"@context\":\"https:\\\/\\\/schema.org\",\"@graph\":[{\"@type\":\"WebPage\",\"@id\":\"https:\\\/\\\/www.mobileakkupower.de\\\/shop\\\/produkt\\\/husqvarna-heckenschere-536lihd60-incl-akku-und-ladegeraet\\\/\",\"url\":\"https:\\\/\\\/www.mobileakkupower.de\\\/shop\\\/produkt\\\/husqvarna-heckenschere-536lihd60-incl-akku-und-ladegeraet\\\/\",\"name\":\"Husqvarna Heckenschere 536LiHD60 incl. Akku und Ladeger\u00e4t - Shop MobileAkkuPower\",\"isPartOf\":{\"@id\":\"https:\\\/\\\/www.mobileakkupower.de\\\/shop\\\/#website\"},\"primaryImageOfPage\":{\"@id\":\"https:\\\/\\\/www.mobileakkupower.de\\\/shop\\\/produkt\\\/husqvarna-heckenschere-536lihd60-incl-akku-und-ladegeraet\\\/#primaryimage\"},\"image\":{\"@id\":\"https:\\\/\\\/www.mobileakkupower.de\\\/shop\\\/produkt\\\/husqvarna-heckenschere-536lihd60-incl-akku-und-ladegeraet\\\/#primaryimage\"},\"thumbnailUrl\":\"https:\\\/\\\/www.mobileakkupower.de\\\/shop\\\/wp-content\\\/uploads\\\/2019\\\/07\\\/967915702.png\",\"datePublished\":\"2019-07-24T14:38:37+00:00\",\"dateModified\":\"2022-02-07T15:40:00+00:00\",\"breadcrumb\":{\"@id\":\"https:\\\/\\\/www.mobileakkupower.de\\\/shop\\\/produkt\\\/husqvarna-heckenschere-536lihd60-incl-akku-und-ladegeraet\\\/#breadcrumb\"},\"inLanguage\":\"de\",\"potentialAction\":[{\"@type\":\"ReadAction\",\"target\":[\"https:\\\/\\\/www.mobileakkupower.de\\\/shop\\\/produkt\\\/husqvarna-heckenschere-536lihd60-incl-akku-und-ladegeraet\\\/\"]}]},{\"@type\":\"ImageObject\",\"inLanguage\":\"de\",\"@id\":\"https:\\\/\\\/www.mobileakkupower.de\\\/shop\\\/produkt\\\/husqvarna-heckenschere-536lihd60-incl-akku-und-ladegeraet\\\/#primaryimage\",\"url\":\"https:\\\/\\\/www.mobileakkupower.de\\\/shop\\\/wp-content\\\/uploads\\\/2019\\\/07\\\/967915702.png\",\"contentUrl\":\"https:\\\/\\\/www.mobileakkupower.de\\\/shop\\\/wp-content\\\/uploads\\\/2019\\\/07\\\/967915702.png\",\"width\":300,\"height\":300},{\"@type\":\"BreadcrumbList\",\"@id\":\"https:\\\/\\\/www.mobileakkupower.de\\\/shop\\\/produkt\\\/husqvarna-heckenschere-536lihd60-incl-akku-und-ladegeraet\\\/#breadcrumb\",\"itemListElement\":[{\"@type\":\"ListItem\",\"position\":1,\"name\":\"Startseite\",\"item\":\"https:\\\/\\\/www.mobileakkupower.de\\\/shop\\\/\"},{\"@type\":\"ListItem\",\"position\":2,\"name\":\"Shop\",\"item\":\"https:\\\/\\\/www.mobileakkupower.de\\\/shop\\\/shop\\\/\"},{\"@type\":\"ListItem\",\"position\":3,\"name\":\"Husqvarna Heckenschere 536LiHD60 incl. Akku und Ladeger\u00e4t\"}]},{\"@type\":\"WebSite\",\"@id\":\"https:\\\/\\\/www.mobileakkupower.de\\\/shop\\\/#website\",\"url\":\"https:\\\/\\\/www.mobileakkupower.de\\\/shop\\\/\",\"name\":\"Shop MobileAkkuPower\",\"description\":\"\",\"publisher\":{\"@id\":\"https:\\\/\\\/www.mobileakkupower.de\\\/shop\\\/#organization\"},\"potentialAction\":[{\"@type\":\"SearchAction\",\"target\":{\"@type\":\"EntryPoint\",\"urlTemplate\":\"https:\\\/\\\/www.mobileakkupower.de\\\/shop\\\/?s={search_term_string}\"},\"query-input\":{\"@type\":\"PropertyValueSpecification\",\"valueRequired\":true,\"valueName\":\"search_term_string\"}}],\"inLanguage\":\"de\"},{\"@type\":\"Organization\",\"@id\":\"https:\\\/\\\/www.mobileakkupower.de\\\/shop\\\/#organization\",\"name\":\"Shop MobileAkkuPower\",\"url\":\"https:\\\/\\\/www.mobileakkupower.de\\\/shop\\\/\",\"logo\":{\"@type\":\"ImageObject\",\"inLanguage\":\"de\",\"@id\":\"https:\\\/\\\/www.mobileakkupower.de\\\/shop\\\/#\\\/schema\\\/logo\\\/image\\\/\",\"url\":\"https:\\\/\\\/www.mobileakkupower.de\\\/shop\\\/wp-content\\\/uploads\\\/2019\\\/01\\\/cropped-logo-map.png\",\"contentUrl\":\"https:\\\/\\\/www.mobileakkupower.de\\\/shop\\\/wp-content\\\/uploads\\\/2019\\\/01\\\/cropped-logo-map.png\",\"width\":646,\"height\":114,\"caption\":\"Shop MobileAkkuPower\"},\"image\":{\"@id\":\"https:\\\/\\\/www.mobileakkupower.de\\\/shop\\\/#\\\/schema\\\/logo\\\/image\\\/\"},\"sameAs\":[\"https:\\\/\\\/facebook.com\\\/derroboterladen\"]}]}<\/script>\n<!-- \/ Yoast SEO plugin. -->","yoast_head_json":{"title":"Husqvarna Heckenschere 536LiHD60 incl. Akku und Ladeger\u00e4t - Shop MobileAkkuPower","robots":{"index":"index","follow":"follow","max-snippet":"max-snippet:-1","max-image-preview":"max-image-preview:large","max-video-preview":"max-video-preview:-1"},"canonical":"https:\/\/www.mobileakkupower.de\/shop\/produkt\/husqvarna-heckenschere-536lihd60-incl-akku-und-ladegeraet\/","og_locale":"de_DE","og_type":"article","og_title":"Husqvarna Heckenschere 536LiHD60 incl. Akku und Ladeger\u00e4t - Shop MobileAkkuPower","og_description":"Leichte, ger\u00e4uscharme Akku-Heckenschere f\u00fcr den gewerblichen Einsatz mit 60 cm langem doppelseitigem M\u00e4hbalken. Mit dem neuen Motor und dem leistungsstarken Akku k\u00f6nnen Sie Ihre Arbeitszeit maximieren. Der schwenkbare hintere Griff erleichtert das Schneiden sowohl vertikal als auch horizontal. Akku-Leistung 36 V Messerl\u00e4nge 60 cm","og_url":"https:\/\/www.mobileakkupower.de\/shop\/produkt\/husqvarna-heckenschere-536lihd60-incl-akku-und-ladegeraet\/","og_site_name":"Shop MobileAkkuPower","article_publisher":"https:\/\/facebook.com\/derroboterladen","article_modified_time":"2022-02-07T15:40:00+00:00","og_image":[{"width":300,"height":300,"url":"http:\/\/www.mobileakkupower.de\/shop\/wp-content\/uploads\/2019\/07\/967915702.png","type":"image\/png"}],"twitter_card":"summary_large_image","schema":{"@context":"https:\/\/schema.org","@graph":[{"@type":"WebPage","@id":"https:\/\/www.mobileakkupower.de\/shop\/produkt\/husqvarna-heckenschere-536lihd60-incl-akku-und-ladegeraet\/","url":"https:\/\/www.mobileakkupower.de\/shop\/produkt\/husqvarna-heckenschere-536lihd60-incl-akku-und-ladegeraet\/","name":"Husqvarna Heckenschere 536LiHD60 incl. Akku und Ladeger\u00e4t - Shop MobileAkkuPower","isPartOf":{"@id":"https:\/\/www.mobileakkupower.de\/shop\/#website"},"primaryImageOfPage":{"@id":"https:\/\/www.mobileakkupower.de\/shop\/produkt\/husqvarna-heckenschere-536lihd60-incl-akku-und-ladegeraet\/#primaryimage"},"image":{"@id":"https:\/\/www.mobileakkupower.de\/shop\/produkt\/husqvarna-heckenschere-536lihd60-incl-akku-und-ladegeraet\/#primaryimage"},"thumbnailUrl":"https:\/\/www.mobileakkupower.de\/shop\/wp-content\/uploads\/2019\/07\/967915702.png","datePublished":"2019-07-24T14:38:37+00:00","dateModified":"2022-02-07T15:40:00+00:00","breadcrumb":{"@id":"https:\/\/www.mobileakkupower.de\/shop\/produkt\/husqvarna-heckenschere-536lihd60-incl-akku-und-ladegeraet\/#breadcrumb"},"inLanguage":"de","potentialAction":[{"@type":"ReadAction","target":["https:\/\/www.mobileakkupower.de\/shop\/produkt\/husqvarna-heckenschere-536lihd60-incl-akku-und-ladegeraet\/"]}]},{"@type":"ImageObject","inLanguage":"de","@id":"https:\/\/www.mobileakkupower.de\/shop\/produkt\/husqvarna-heckenschere-536lihd60-incl-akku-und-ladegeraet\/#primaryimage","url":"https:\/\/www.mobileakkupower.de\/shop\/wp-content\/uploads\/2019\/07\/967915702.png","contentUrl":"https:\/\/www.mobileakkupower.de\/shop\/wp-content\/uploads\/2019\/07\/967915702.png","width":300,"height":300},{"@type":"BreadcrumbList","@id":"https:\/\/www.mobileakkupower.de\/shop\/produkt\/husqvarna-heckenschere-536lihd60-incl-akku-und-ladegeraet\/#breadcrumb","itemListElement":[{"@type":"ListItem","position":1,"name":"Startseite","item":"https:\/\/www.mobileakkupower.de\/shop\/"},{"@type":"ListItem","position":2,"name":"Shop","item":"https:\/\/www.mobileakkupower.de\/shop\/shop\/"},{"@type":"ListItem","position":3,"name":"Husqvarna Heckenschere 536LiHD60 incl. Akku und Ladeger\u00e4t"}]},{"@type":"WebSite","@id":"https:\/\/www.mobileakkupower.de\/shop\/#website","url":"https:\/\/www.mobileakkupower.de\/shop\/","name":"Shop MobileAkkuPower","description":"","publisher":{"@id":"https:\/\/www.mobileakkupower.de\/shop\/#organization"},"potentialAction":[{"@type":"SearchAction","target":{"@type":"EntryPoint","urlTemplate":"https:\/\/www.mobileakkupower.de\/shop\/?s={search_term_string}"},"query-input":{"@type":"PropertyValueSpecification","valueRequired":true,"valueName":"search_term_string"}}],"inLanguage":"de"},{"@type":"Organization","@id":"https:\/\/www.mobileakkupower.de\/shop\/#organization","name":"Shop MobileAkkuPower","url":"https:\/\/www.mobileakkupower.de\/shop\/","logo":{"@type":"ImageObject","inLanguage":"de","@id":"https:\/\/www.mobileakkupower.de\/shop\/#\/schema\/logo\/image\/","url":"https:\/\/www.mobileakkupower.de\/shop\/wp-content\/uploads\/2019\/01\/cropped-logo-map.png","contentUrl":"https:\/\/www.mobileakkupower.de\/shop\/wp-content\/uploads\/2019\/01\/cropped-logo-map.png","width":646,"height":114,"caption":"Shop MobileAkkuPower"},"image":{"@id":"https:\/\/www.mobileakkupower.de\/shop\/#\/schema\/logo\/image\/"},"sameAs":["https:\/\/facebook.com\/derroboterladen"]}]}},"_links":{"self":[{"href":"https:\/\/www.mobileakkupower.de\/shop\/wp-json\/wp\/v2\/product\/874","targetHints":{"allow":["GET"]}}],"collection":[{"href":"https:\/\/www.mobileakkupower.de\/shop\/wp-json\/wp\/v2\/product"}],"about":[{"href":"https:\/\/www.mobileakkupower.de\/shop\/wp-json\/wp\/v2\/types\/product"}],"replies":[{"embeddable":true,"href":"https:\/\/www.mobileakkupower.de\/shop\/wp-json\/wp\/v2\/comments?post=874"}],"wp:featuredmedia":[{"embeddable":true,"href":"https:\/\/www.mobileakkupower.de\/shop\/wp-json\/wp\/v2\/media\/1752"}],"wp:attachment":[{"href":"https:\/\/www.mobileakkupower.de\/shop\/wp-json\/wp\/v2\/media?parent=874"}],"wp:term":[{"taxonomy":"product_brand","embeddable":true,"href":"https:\/\/www.mobileakkupower.de\/shop\/wp-json\/wp\/v2\/product_brand?post=874"},{"taxonomy":"product_cat","embeddable":true,"href":"https:\/\/www.mobileakkupower.de\/shop\/wp-json\/wp\/v2\/product_cat?post=874"},{"taxonomy":"product_tag","embeddable":true,"href":"https:\/\/www.mobileakkupower.de\/shop\/wp-json\/wp\/v2\/product_tag?post=874"}],"curies":[{"name":"wp","href":"https:\/\/api.w.org\/{rel}","templated":true}]}}